{"id":1123,"date":"2016-03-09T22:51:11","date_gmt":"2016-03-09T20:51:11","guid":{"rendered":"https:\/\/www.speckmarschall.de\/?page_id=1123"},"modified":"2018-02-22T23:19:17","modified_gmt":"2018-02-22T21:19:17","slug":"db0yk","status":"publish","type":"page","link":"https:\/\/www.speckmarschall.de\/?page_id=1123","title":{"rendered":"DB0YK &#8211; H\u00f6cherberg"},"content":{"rendered":"<h3>Relaisfunkstelle H\u00f6cherberg, DB0YK<\/h3>\n<ul>\n<li>Koordinaten: N 49.3974, E 7.2661<\/li>\n<li>Maidenhead Locator: JN39pj<\/li>\n<li>Standort:\u00a0 H\u00f6cherbergturm bei H\u00f6chen\/Bexbach auf 518m \u00fcber NHN.<\/li>\n<li>Antennenh\u00f6he: ca 538m \u00fcber NHN und 30m \u00fcber Grund.<\/li>\n<li>Frequenzbereich: TX 145,7375MHz, RX 145,1375MHz<\/li>\n<li>Kanal: R5X<\/li>\n<li>Rufzeichen DB0YK<\/li>\n<li>Antenne:<br \/>\n\u25ba ca. 20m \u00fcber Grund.<\/li>\n<li>Stationsinhaber: Alois Raber, DH7VM<\/li>\n<\/ul>\n<p>Hier Live h\u00f6ren:<br \/>\n[mp3j track=&#8220;http:\/\/speckmarschall.de:8000\/db0yk&#8220; vol=100 title=&#8220;DB0YK&#8220;]<\/p>\n<p><iframe loading=\"lazy\" src=\"https:\/\/www.speckmarschall.de\/bier\/DB0YK.html\" width=\"600\" height=\"450\" frameborder=\"0\"><\/iframe><\/p>\n<p><a href=\"https:\/\/www.speckmarschall.de\/wcon\/wp-content\/uploads\/2016\/03\/IMG_0416.jpg\" rel=\"attachment wp-att-1127\"> <img loading=\"lazy\" decoding=\"async\" class=\"alignnone wp-image-1127\" src=\"https:\/\/www.speckmarschall.de\/wcon\/wp-content\/uploads\/2016\/03\/IMG_0416-1024x683.jpg\" alt=\"IMG_0416\" width=\"232\" height=\"154\" srcset=\"https:\/\/www.speckmarschall.de\/wcon\/wp-content\/uploads\/2016\/03\/IMG_0416-1024x683.jpg 1024w, https:\/\/www.speckmarschall.de\/wcon\/wp-content\/uploads\/2016\/03\/IMG_0416-300x200.jpg 300w, https:\/\/www.speckmarschall.de\/wcon\/wp-content\/uploads\/2016\/03\/IMG_0416-768x512.jpg 768w, https:\/\/www.speckmarschall.de\/wcon\/wp-content\/uploads\/2016\/03\/IMG_0416.jpg 1920w\" sizes=\"auto, (max-width: 232px) 100vw, 232px\" \/>\u00a0 <\/a><a href=\"https:\/\/www.speckmarschall.de\/wcon\/wp-content\/uploads\/2016\/03\/IMG_0397.jpg\" rel=\"attachment wp-att-1124\"><img loading=\"lazy\" decoding=\"async\" class=\"alignnone wp-image-1124\" src=\"https:\/\/www.speckmarschall.de\/wcon\/wp-content\/uploads\/2016\/03\/IMG_0397-1024x683.jpg\" alt=\"IMG_0397\" width=\"235\" height=\"156\" srcset=\"https:\/\/www.speckmarschall.de\/wcon\/wp-content\/uploads\/2016\/03\/IMG_0397-1024x683.jpg 1024w, https:\/\/www.speckmarschall.de\/wcon\/wp-content\/uploads\/2016\/03\/IMG_0397-300x200.jpg 300w, https:\/\/www.speckmarschall.de\/wcon\/wp-content\/uploads\/2016\/03\/IMG_0397-768x512.jpg 768w, https:\/\/www.speckmarschall.de\/wcon\/wp-content\/uploads\/2016\/03\/IMG_0397.jpg 1920w\" sizes=\"auto, (max-width: 235px) 100vw, 235px\" \/><\/a><\/p>\n<p><a href=\"https:\/\/www.speckmarschall.de\/wcon\/wp-content\/uploads\/2016\/03\/IMG_0401-e1457555050110.jpg\" rel=\"attachment wp-att-1126\"><img loading=\"lazy\" decoding=\"async\" class=\"alignnone wp-image-1126\" src=\"https:\/\/www.speckmarschall.de\/wcon\/wp-content\/uploads\/2016\/03\/IMG_0401-e1457555050110-683x1024.jpg\" alt=\"IMG_0401\" width=\"156\" height=\"233\" srcset=\"https:\/\/www.speckmarschall.de\/wcon\/wp-content\/uploads\/2016\/03\/IMG_0401-e1457555050110-683x1024.jpg 683w, https:\/\/www.speckmarschall.de\/wcon\/wp-content\/uploads\/2016\/03\/IMG_0401-e1457555050110-200x300.jpg 200w, https:\/\/www.speckmarschall.de\/wcon\/wp-content\/uploads\/2016\/03\/IMG_0401-e1457555050110-768x1152.jpg 768w, https:\/\/www.speckmarschall.de\/wcon\/wp-content\/uploads\/2016\/03\/IMG_0401-e1457555050110.jpg 1280w\" sizes=\"auto, (max-width: 156px) 100vw, 156px\" \/><\/a> <a href=\"https:\/\/www.speckmarschall.de\/wcon\/wp-content\/uploads\/2016\/03\/IMG_0431-e1457555100931.jpg\" rel=\"attachment wp-att-1133\"><img loading=\"lazy\" decoding=\"async\" class=\"alignnone wp-image-1133\" src=\"https:\/\/www.speckmarschall.de\/wcon\/wp-content\/uploads\/2016\/03\/IMG_0431-e1457555100931-683x1024.jpg\" alt=\"IMG_0431\" width=\"155\" height=\"233\" srcset=\"https:\/\/www.speckmarschall.de\/wcon\/wp-content\/uploads\/2016\/03\/IMG_0431-e1457555100931-683x1024.jpg 683w, https:\/\/www.speckmarschall.de\/wcon\/wp-content\/uploads\/2016\/03\/IMG_0431-e1457555100931-200x300.jpg 200w, https:\/\/www.speckmarschall.de\/wcon\/wp-content\/uploads\/2016\/03\/IMG_0431-e1457555100931-768x1152.jpg 768w, https:\/\/www.speckmarschall.de\/wcon\/wp-content\/uploads\/2016\/03\/IMG_0431-e1457555100931.jpg 1280w\" sizes=\"auto, (max-width: 155px) 100vw, 155px\" \/>\u00a0<\/a><a href=\"https:\/\/www.speckmarschall.de\/wcon\/wp-content\/uploads\/2016\/03\/IMG_0429-e1457555123312.jpg\" rel=\"attachment wp-att-1132\"><img loading=\"lazy\" decoding=\"async\" class=\"alignnone wp-image-1132\" src=\"https:\/\/www.speckmarschall.de\/wcon\/wp-content\/uploads\/2016\/03\/IMG_0429-e1457555123312-683x1024.jpg\" alt=\"IMG_0429\" width=\"156\" height=\"234\" srcset=\"https:\/\/www.speckmarschall.de\/wcon\/wp-content\/uploads\/2016\/03\/IMG_0429-e1457555123312-683x1024.jpg 683w, https:\/\/www.speckmarschall.de\/wcon\/wp-content\/uploads\/2016\/03\/IMG_0429-e1457555123312-200x300.jpg 200w, https:\/\/www.speckmarschall.de\/wcon\/wp-content\/uploads\/2016\/03\/IMG_0429-e1457555123312-768x1152.jpg 768w, https:\/\/www.speckmarschall.de\/wcon\/wp-content\/uploads\/2016\/03\/IMG_0429-e1457555123312.jpg 1280w\" sizes=\"auto, (max-width: 156px) 100vw, 156px\" \/><\/a><\/p>\n<p><a href=\"https:\/\/www.speckmarschall.de\/wcon\/wp-content\/uploads\/2016\/03\/IMG_0417.jpg\" rel=\"attachment wp-att-1128\"><img loading=\"lazy\" decoding=\"async\" class=\"alignnone size-large wp-image-1128\" src=\"https:\/\/www.speckmarschall.de\/wcon\/wp-content\/uploads\/2016\/03\/IMG_0417-1024x683.jpg\" alt=\"IMG_0417\" width=\"474\" height=\"316\" srcset=\"https:\/\/www.speckmarschall.de\/wcon\/wp-content\/uploads\/2016\/03\/IMG_0417-1024x683.jpg 1024w, https:\/\/www.speckmarschall.de\/wcon\/wp-content\/uploads\/2016\/03\/IMG_0417-300x200.jpg 300w, https:\/\/www.speckmarschall.de\/wcon\/wp-content\/uploads\/2016\/03\/IMG_0417-768x512.jpg 768w, https:\/\/www.speckmarschall.de\/wcon\/wp-content\/uploads\/2016\/03\/IMG_0417.jpg 1920w\" sizes=\"auto, (max-width: 474px) 100vw, 474px\" \/><\/a><\/p>\n<p><a href=\"https:\/\/www.speckmarschall.de\/wcon\/wp-content\/uploads\/2016\/03\/IMG_0443.jpg\" rel=\"attachment wp-att-1136\"><img loading=\"lazy\" decoding=\"async\" class=\"alignnone size-large wp-image-1136\" src=\"https:\/\/www.speckmarschall.de\/wcon\/wp-content\/uploads\/2016\/03\/IMG_0443-1024x683.jpg\" alt=\"IMG_0443\" width=\"474\" height=\"316\" srcset=\"https:\/\/www.speckmarschall.de\/wcon\/wp-content\/uploads\/2016\/03\/IMG_0443-1024x683.jpg 1024w, https:\/\/www.speckmarschall.de\/wcon\/wp-content\/uploads\/2016\/03\/IMG_0443-300x200.jpg 300w, https:\/\/www.speckmarschall.de\/wcon\/wp-content\/uploads\/2016\/03\/IMG_0443-768x512.jpg 768w, https:\/\/www.speckmarschall.de\/wcon\/wp-content\/uploads\/2016\/03\/IMG_0443.jpg 1920w\" sizes=\"auto, (max-width: 474px) 100vw, 474px\" \/><\/a><\/p>\n<p><a href=\"https:\/\/www.speckmarschall.de\/wcon\/wp-content\/uploads\/2016\/03\/IMG_0440.jpg\" rel=\"attachment wp-att-1135\"><img loading=\"lazy\" decoding=\"async\" class=\"alignnone wp-image-1135\" src=\"https:\/\/www.speckmarschall.de\/wcon\/wp-content\/uploads\/2016\/03\/IMG_0440-1024x683.jpg\" alt=\"IMG_0440\" width=\"234\" height=\"156\" srcset=\"https:\/\/www.speckmarschall.de\/wcon\/wp-content\/uploads\/2016\/03\/IMG_0440-1024x683.jpg 1024w, https:\/\/www.speckmarschall.de\/wcon\/wp-content\/uploads\/2016\/03\/IMG_0440-300x200.jpg 300w, https:\/\/www.speckmarschall.de\/wcon\/wp-content\/uploads\/2016\/03\/IMG_0440-768x512.jpg 768w, https:\/\/www.speckmarschall.de\/wcon\/wp-content\/uploads\/2016\/03\/IMG_0440.jpg 1920w\" sizes=\"auto, (max-width: 234px) 100vw, 234px\" \/><\/a><a href=\"https:\/\/www.speckmarschall.de\/wcon\/wp-content\/uploads\/2016\/03\/IMG_0439.jpg\" rel=\"attachment wp-att-1134\"> <img loading=\"lazy\" decoding=\"async\" class=\"alignnone wp-image-1134\" src=\"https:\/\/www.speckmarschall.de\/wcon\/wp-content\/uploads\/2016\/03\/IMG_0439-1024x683.jpg\" alt=\"IMG_0439\" width=\"236\" height=\"157\" srcset=\"https:\/\/www.speckmarschall.de\/wcon\/wp-content\/uploads\/2016\/03\/IMG_0439-1024x683.jpg 1024w, https:\/\/www.speckmarschall.de\/wcon\/wp-content\/uploads\/2016\/03\/IMG_0439-300x200.jpg 300w, https:\/\/www.speckmarschall.de\/wcon\/wp-content\/uploads\/2016\/03\/IMG_0439-768x512.jpg 768w, https:\/\/www.speckmarschall.de\/wcon\/wp-content\/uploads\/2016\/03\/IMG_0439.jpg 1920w\" sizes=\"auto, (max-width: 236px) 100vw, 236px\" \/><\/a><\/p>\n<p><a href=\"https:\/\/www.speckmarschall.de\/wcon\/wp-content\/uploads\/2016\/03\/IMG_0427.jpg\" rel=\"attachment wp-att-1131\"><img loading=\"lazy\" decoding=\"async\" class=\"alignnone size-large wp-image-1131\" src=\"https:\/\/www.speckmarschall.de\/wcon\/wp-content\/uploads\/2016\/03\/IMG_0427-1024x683.jpg\" alt=\"IMG_0427\" width=\"474\" height=\"316\" srcset=\"https:\/\/www.speckmarschall.de\/wcon\/wp-content\/uploads\/2016\/03\/IMG_0427-1024x683.jpg 1024w, https:\/\/www.speckmarschall.de\/wcon\/wp-content\/uploads\/2016\/03\/IMG_0427-300x200.jpg 300w, https:\/\/www.speckmarschall.de\/wcon\/wp-content\/uploads\/2016\/03\/IMG_0427-768x512.jpg 768w, https:\/\/www.speckmarschall.de\/wcon\/wp-content\/uploads\/2016\/03\/IMG_0427.jpg 1920w\" sizes=\"auto, (max-width: 474px) 100vw, 474px\" \/><\/a><\/p>\n<p><a href=\"https:\/\/www.speckmarschall.de\/wcon\/wp-content\/uploads\/2016\/03\/IMG_0425.jpg\" rel=\"attachment wp-att-1130\"><img loading=\"lazy\" decoding=\"async\" class=\"alignnone wp-image-1130\" src=\"https:\/\/www.speckmarschall.de\/wcon\/wp-content\/uploads\/2016\/03\/IMG_0425-1024x683.jpg\" alt=\"IMG_0425\" width=\"231\" height=\"154\" srcset=\"https:\/\/www.speckmarschall.de\/wcon\/wp-content\/uploads\/2016\/03\/IMG_0425-1024x683.jpg 1024w, https:\/\/www.speckmarschall.de\/wcon\/wp-content\/uploads\/2016\/03\/IMG_0425-300x200.jpg 300w, https:\/\/www.speckmarschall.de\/wcon\/wp-content\/uploads\/2016\/03\/IMG_0425-768x512.jpg 768w, https:\/\/www.speckmarschall.de\/wcon\/wp-content\/uploads\/2016\/03\/IMG_0425.jpg 1920w\" sizes=\"auto, (max-width: 231px) 100vw, 231px\" \/><\/a><a href=\"https:\/\/www.speckmarschall.de\/wcon\/wp-content\/uploads\/2016\/03\/IMG_0418.jpg\" rel=\"attachment wp-att-1129\">\u00a0 <img loading=\"lazy\" decoding=\"async\" class=\"alignnone wp-image-1129\" src=\"https:\/\/www.speckmarschall.de\/wcon\/wp-content\/uploads\/2016\/03\/IMG_0418-1024x683.jpg\" alt=\"IMG_0418\" width=\"228\" height=\"152\" srcset=\"https:\/\/www.speckmarschall.de\/wcon\/wp-content\/uploads\/2016\/03\/IMG_0418-1024x683.jpg 1024w, https:\/\/www.speckmarschall.de\/wcon\/wp-content\/uploads\/2016\/03\/IMG_0418-300x200.jpg 300w, https:\/\/www.speckmarschall.de\/wcon\/wp-content\/uploads\/2016\/03\/IMG_0418-768x512.jpg 768w, https:\/\/www.speckmarschall.de\/wcon\/wp-content\/uploads\/2016\/03\/IMG_0418.jpg 1920w\" sizes=\"auto, (max-width: 228px) 100vw, 228px\" \/><\/a><\/p>\n<p><a href=\"https:\/\/www.speckmarschall.de\/wcon\/wp-content\/uploads\/2016\/03\/DB0YK-H\u00f6cherbergturm-1.jpg\" rel=\"attachment wp-att-1137\"><img loading=\"lazy\" decoding=\"async\" class=\"alignnone wp-image-1137\" src=\"https:\/\/www.speckmarschall.de\/wcon\/wp-content\/uploads\/2016\/03\/DB0YK-H\u00f6cherbergturm-1-667x1024.jpg\" alt=\"DB0YK H\u00f6cherbergturm 1\" width=\"256\" height=\"393\" srcset=\"https:\/\/www.speckmarschall.de\/wcon\/wp-content\/uploads\/2016\/03\/DB0YK-H\u00f6cherbergturm-1-667x1024.jpg 667w, https:\/\/www.speckmarschall.de\/wcon\/wp-content\/uploads\/2016\/03\/DB0YK-H\u00f6cherbergturm-1-195x300.jpg 195w, https:\/\/www.speckmarschall.de\/wcon\/wp-content\/uploads\/2016\/03\/DB0YK-H\u00f6cherbergturm-1-768x1179.jpg 768w, https:\/\/www.speckmarschall.de\/wcon\/wp-content\/uploads\/2016\/03\/DB0YK-H\u00f6cherbergturm-1.jpg 1360w\" sizes=\"auto, (max-width: 256px) 100vw, 256px\" \/>\u00a0<\/a> <a href=\"https:\/\/www.speckmarschall.de\/wcon\/wp-content\/uploads\/2016\/03\/H\u00f6cherberg-Sendeanlage-Sendeturm-Homburg.jpg\" rel=\"attachment wp-att-1138\"><img loading=\"lazy\" decoding=\"async\" class=\"alignnone wp-image-1138\" src=\"https:\/\/www.speckmarschall.de\/wcon\/wp-content\/uploads\/2016\/03\/H\u00f6cherberg-Sendeanlage-Sendeturm-Homburg-549x1024.jpg\" alt=\"H\u00f6cherberg Sendeanlage Sendeturm Homburg\" width=\"210\" height=\"392\" srcset=\"https:\/\/www.speckmarschall.de\/wcon\/wp-content\/uploads\/2016\/03\/H\u00f6cherberg-Sendeanlage-Sendeturm-Homburg-549x1024.jpg 549w, https:\/\/www.speckmarschall.de\/wcon\/wp-content\/uploads\/2016\/03\/H\u00f6cherberg-Sendeanlage-Sendeturm-Homburg-161x300.jpg 161w, https:\/\/www.speckmarschall.de\/wcon\/wp-content\/uploads\/2016\/03\/H\u00f6cherberg-Sendeanlage-Sendeturm-Homburg-768x1432.jpg 768w, https:\/\/www.speckmarschall.de\/wcon\/wp-content\/uploads\/2016\/03\/H\u00f6cherberg-Sendeanlage-Sendeturm-Homburg.jpg 1349w\" sizes=\"auto, (max-width: 210px) 100vw, 210px\" \/><\/a><\/p>\n<p><a href=\"https:\/\/www.speckmarschall.de\/wcon\/wp-content\/uploads\/2016\/03\/DB0YK-H\u00f6cherbergturm3.jpg\" rel=\"attachment wp-att-1139\"><img loading=\"lazy\" decoding=\"async\" class=\"alignnone wp-image-1139\" src=\"https:\/\/www.speckmarschall.de\/wcon\/wp-content\/uploads\/2016\/03\/DB0YK-H\u00f6cherbergturm3-647x1024.jpg\" alt=\"DB0YK H\u00f6cherbergturm3\" width=\"209\" height=\"331\" srcset=\"https:\/\/www.speckmarschall.de\/wcon\/wp-content\/uploads\/2016\/03\/DB0YK-H\u00f6cherbergturm3-647x1024.jpg 647w, https:\/\/www.speckmarschall.de\/wcon\/wp-content\/uploads\/2016\/03\/DB0YK-H\u00f6cherbergturm3-189x300.jpg 189w, https:\/\/www.speckmarschall.de\/wcon\/wp-content\/uploads\/2016\/03\/DB0YK-H\u00f6cherbergturm3-768x1216.jpg 768w, https:\/\/www.speckmarschall.de\/wcon\/wp-content\/uploads\/2016\/03\/DB0YK-H\u00f6cherbergturm3.jpg 1389w\" sizes=\"auto, (max-width: 209px) 100vw, 209px\" \/>\u00a0<\/a> <a href=\"https:\/\/www.speckmarschall.de\/wcon\/wp-content\/uploads\/2016\/03\/DB0YK-H\u00f6cherbergturm-2.jpg\" rel=\"attachment wp-att-1140\"><img loading=\"lazy\" decoding=\"async\" class=\"alignnone wp-image-1140\" src=\"https:\/\/www.speckmarschall.de\/wcon\/wp-content\/uploads\/2016\/03\/DB0YK-H\u00f6cherbergturm-2-803x1024.jpg\" alt=\"DB0YK H\u00f6cherbergturm 2\" width=\"258\" height=\"329\" srcset=\"https:\/\/www.speckmarschall.de\/wcon\/wp-content\/uploads\/2016\/03\/DB0YK-H\u00f6cherbergturm-2-803x1024.jpg 803w, https:\/\/www.speckmarschall.de\/wcon\/wp-content\/uploads\/2016\/03\/DB0YK-H\u00f6cherbergturm-2-235x300.jpg 235w, https:\/\/www.speckmarschall.de\/wcon\/wp-content\/uploads\/2016\/03\/DB0YK-H\u00f6cherbergturm-2-768x980.jpg 768w, https:\/\/www.speckmarschall.de\/wcon\/wp-content\/uploads\/2016\/03\/DB0YK-H\u00f6cherbergturm-2.jpg 1357w\" sizes=\"auto, (max-width: 258px) 100vw, 258px\" \/><\/a><\/p>\n","protected":false},"excerpt":{"rendered":"<p>Relaisfunkstelle H\u00f6cherberg, DB0YK Koordinaten: N 49.3974, E 7.2661 Maidenhead Locator: JN39pj Standort:\u00a0 H\u00f6cherbergturm bei H\u00f6chen\/Bexbach auf 518m \u00fcber NHN. Antennenh\u00f6he: ca 538m \u00fcber NHN und 30m \u00fcber Grund. Frequenzbereich: TX 145,7375MHz, RX 145,1375MHz Kanal: R5X Rufzeichen DB0YK Antenne: \u25ba ca. 20m \u00fcber Grund. Stationsinhaber: Alois Raber, DH7VM Hier Live h\u00f6ren: [mp3j track=&#8220;http:\/\/speckmarschall.de:8000\/db0yk&#8220; vol=100 title=&#8220;DB0YK&#8220;] \u00a0 &hellip; <a href=\"https:\/\/www.speckmarschall.de\/?page_id=1123\" class=\"more-link\"><span class=\"screen-reader-text\">DB0YK &#8211; H\u00f6cherberg<\/span> weiterlesen <span class=\"meta-nav\">&rarr;<\/span><\/a><\/p>\n","protected":false},"author":2,"featured_media":0,"parent":1548,"menu_order":40,"comment_status":"closed","ping_status":"closed","template":"","meta":{"footnotes":""},"class_list":["post-1123","page","type-page","status-publish","hentry"],"_links":{"self":[{"href":"https:\/\/www.speckmarschall.de\/index.php?rest_route=\/wp\/v2\/pages\/1123","targetHints":{"allow":["GET"]}}],"collection":[{"href":"https:\/\/www.speckmarschall.de\/index.php?rest_route=\/wp\/v2\/pages"}],"about":[{"href":"https:\/\/www.speckmarschall.de\/index.php?rest_route=\/wp\/v2\/types\/page"}],"author":[{"embeddable":true,"href":"https:\/\/www.speckmarschall.de\/index.php?rest_route=\/wp\/v2\/users\/2"}],"replies":[{"embeddable":true,"href":"https:\/\/www.speckmarschall.de\/index.php?rest_route=%2Fwp%2Fv2%2Fcomments&post=1123"}],"version-history":[{"count":15,"href":"https:\/\/www.speckmarschall.de\/index.php?rest_route=\/wp\/v2\/pages\/1123\/revisions"}],"predecessor-version":[{"id":3826,"href":"https:\/\/www.speckmarschall.de\/index.php?rest_route=\/wp\/v2\/pages\/1123\/revisions\/3826"}],"up":[{"embeddable":true,"href":"https:\/\/www.speckmarschall.de\/index.php?rest_route=\/wp\/v2\/pages\/1548"}],"wp:attachment":[{"href":"https:\/\/www.speckmarschall.de\/index.php?rest_route=%2Fwp%2Fv2%2Fmedia&parent=1123"}],"curies":[{"name":"wp","href":"https:\/\/api.w.org\/{rel}","templated":true}]}}