{"id":114,"date":"2015-04-27T22:56:21","date_gmt":"2015-04-27T20:56:21","guid":{"rendered":"https:\/\/www.speckmarschall.de\/?page_id=114"},"modified":"2016-05-17T23:31:45","modified_gmt":"2016-05-17T21:31:45","slug":"antworten-zur-wahrheit","status":"publish","type":"page","link":"https:\/\/www.speckmarschall.de\/?page_id=114","title":{"rendered":"Antworten zur Wahrheit"},"content":{"rendered":"<h1><span class=\"Heading_1\" style=\"color: #000000;\">speckmarschall ist zugegen<\/span><\/h1>\n<h2><span style=\"color: #99cc00;\">halben Abenden erreicht die Beibringung konsekutiver Verhaltensanaloga<\/span><\/h2>\n<p>Weiten Nachfragen zugegen sollen hier unzahlreiche Details zur Kl\u00e4rung der inh\u00e4renten Konsequenzen aus Bocks Arbeiten vorgestellt sein.<\/p>\n<figure id=\"attachment_1829\" aria-describedby=\"caption-attachment-1829\" style=\"width: 253px\" class=\"wp-caption aligncenter\"><a href=\"https:\/\/www.speckmarschall.de\/wcon\/wp-content\/uploads\/2015\/04\/bock.jpg\"><img loading=\"lazy\" decoding=\"async\" class=\" wp-image-1829\" src=\"https:\/\/www.speckmarschall.de\/wcon\/wp-content\/uploads\/2015\/04\/bock-889x1024.jpg\" alt=\"Bock\" width=\"253\" height=\"291\" srcset=\"https:\/\/www.speckmarschall.de\/wcon\/wp-content\/uploads\/2015\/04\/bock-889x1024.jpg 889w, https:\/\/www.speckmarschall.de\/wcon\/wp-content\/uploads\/2015\/04\/bock-260x300.jpg 260w, https:\/\/www.speckmarschall.de\/wcon\/wp-content\/uploads\/2015\/04\/bock-768x885.jpg 768w, https:\/\/www.speckmarschall.de\/wcon\/wp-content\/uploads\/2015\/04\/bock.jpg 1760w\" sizes=\"auto, (max-width: 253px) 100vw, 253px\" \/><\/a><figcaption id=\"caption-attachment-1829\" class=\"wp-caption-text\">Bock<\/figcaption><\/figure>\n<p>Standhafter Vertretung bed\u00fcrfen folgender Kausalit\u00e4ten:<\/p>\n<ul>\n<li>Wozu ist <span class=\"xr_tl Normal_text\">Erz\u00e4hlung ein Produkt des kollektiven <\/span> <span class=\"xr_tl Normal_text\">Unbewussten<\/span>?<\/li>\n<li>Wozu <span class=\"xr_tl Normal_text\">unterscheidet sich <\/span><span class=\"xr_tl Normal_text\">Narrativit\u00e4t <\/span><span class=\"xr_tl Normal_text\">von der <\/span> <span class=\"xr_tl Normal_text\">Wahrheit?<\/span><\/li>\n<li>Wozu bringen Lampen den Ort?<\/li>\n<li>Wozu <span class=\"xr_tl Normal_text\">ist das Beispiel der borealen Erz\u00e4hlung in Brot dargestellt <\/span> <span class=\"xr_tl Normal_text\">auch in Kork evident?<\/span><\/li>\n<\/ul>\n<p>Die Zugest\u00e4ndnisse der Darstellung von Kanten wird im Vorbeigehen die Gebinde der Gewalt schmieren. Denn:\u00a0 Der geh\u00f6rten Rinnen sind somit dergestalt betrachtet nichts als wichtig. Wichtiger noch in prim\u00e4ren Paradigmen von \u00f6konomischem Zusammenhalt. Hierzu sei bemerkt dass sich ebensolches zutragen konnte nur in einer qu\u00e4lenden Szenerie von gewachstem Getier.<\/p>\n<p>Wie im vertrockneten Hirn einer Ratte werden die unn\u00fctzen Braucht\u00fcmer in instinktiver Breite angesehen. In Bekanntheit sollte die Senke gesehen bleiben, denn bekannterma\u00dfen sagt die Arbeit von nahem schon vorher: Maronen werden gef\u00f6rdert wie \u00d6l.<\/p>\n","protected":false},"excerpt":{"rendered":"<p>speckmarschall ist zugegen halben Abenden erreicht die Beibringung konsekutiver Verhaltensanaloga Weiten Nachfragen zugegen sollen hier unzahlreiche Details zur Kl\u00e4rung der inh\u00e4renten Konsequenzen aus Bocks Arbeiten vorgestellt sein. Standhafter Vertretung bed\u00fcrfen folgender Kausalit\u00e4ten: Wozu ist Erz\u00e4hlung ein Produkt des kollektiven Unbewussten? Wozu unterscheidet sich Narrativit\u00e4t von der Wahrheit? Wozu bringen Lampen den Ort? Wozu ist das &hellip; <a href=\"https:\/\/www.speckmarschall.de\/?page_id=114\" class=\"more-link\"><span class=\"screen-reader-text\">Antworten zur Wahrheit<\/span> weiterlesen <span class=\"meta-nav\">&rarr;<\/span><\/a><\/p>\n","protected":false},"author":1,"featured_media":0,"parent":2,"menu_order":0,"comment_status":"open","ping_status":"closed","template":"","meta":{"footnotes":""},"class_list":["post-114","page","type-page","status-publish","hentry"],"_links":{"self":[{"href":"https:\/\/www.speckmarschall.de\/index.php?rest_route=\/wp\/v2\/pages\/114","targetHints":{"allow":["GET"]}}],"collection":[{"href":"https:\/\/www.speckmarschall.de\/index.php?rest_route=\/wp\/v2\/pages"}],"about":[{"href":"https:\/\/www.speckmarschall.de\/index.php?rest_route=\/wp\/v2\/types\/page"}],"author":[{"embeddable":true,"href":"https:\/\/www.speckmarschall.de\/index.php?rest_route=\/wp\/v2\/users\/1"}],"replies":[{"embeddable":true,"href":"https:\/\/www.speckmarschall.de\/index.php?rest_route=%2Fwp%2Fv2%2Fcomments&post=114"}],"version-history":[{"count":23,"href":"https:\/\/www.speckmarschall.de\/index.php?rest_route=\/wp\/v2\/pages\/114\/revisions"}],"predecessor-version":[{"id":1830,"href":"https:\/\/www.speckmarschall.de\/index.php?rest_route=\/wp\/v2\/pages\/114\/revisions\/1830"}],"up":[{"embeddable":true,"href":"https:\/\/www.speckmarschall.de\/index.php?rest_route=\/wp\/v2\/pages\/2"}],"wp:attachment":[{"href":"https:\/\/www.speckmarschall.de\/index.php?rest_route=%2Fwp%2Fv2%2Fmedia&parent=114"}],"curies":[{"name":"wp","href":"https:\/\/api.w.org\/{rel}","templated":true}]}}