{"id":1509,"date":"2016-04-29T18:18:53","date_gmt":"2016-04-29T16:18:53","guid":{"rendered":"https:\/\/www.speckmarschall.de\/?page_id=1509"},"modified":"2019-12-23T13:43:39","modified_gmt":"2019-12-23T11:43:39","slug":"db0sr","status":"publish","type":"page","link":"https:\/\/www.speckmarschall.de\/?page_id=1509","title":{"rendered":"DB0SR &#8211; Saarbr\u00fccken"},"content":{"rendered":"<h3>2m Relaisfunkstelle Saarbr\u00fccken, DB0SR<\/h3>\n<ul>\n<li style=\"text-align: justify;\">Koordinaten: N 49.3343, E 7.0056<\/li>\n<li style=\"text-align: justify;\">Maidenhead Locator: JN39mi<\/li>\n<li>Standort: <a href=\"https:\/\/de-de.facebook.com\/wasserturmholz\" target=\"_blank\" rel=\"noopener noreferrer\">Wasserturm Holz<\/a>, Am Wasserturm 5, 66265 Heusweiler, Stadtverband Saarbr\u00fccken<\/li>\n<li>Frequenzbereich: 145,600\u00a0 MHz; -600 kHz Shift; Mod. F3E CTCSS :71,9 PTT-Gesteuert<br \/>\n-&gt; <!-- <a href=\"https:\/\/www.speckmarschall.de\/?page_id=67\"> --> <strong>Livestream wegen technischer Probleme tempor\u00e4r nicht verf\u00fcgbar<\/strong> <!-- <\/a> --><\/li>\n<li style=\"text-align: justify;\">Rufzeichen: DB0SR<\/li>\n<li style=\"text-align: justify;\">Technik:\n<ul>\n<li style=\"text-align: justify;\">RX:\u00a0 Motorola MC micro<br \/>\n\u25baEmpfindlichkeit: &lt;0,7 \u00b5V bei S\/N von 20 dB.<\/li>\n<li style=\"text-align: justify;\">TX: Motorola MC micro<br \/>\n\u25ba &lt; 10 W HF Sendeleistung (Senderausgang)<\/li>\n<li style=\"text-align: justify;\">Antenne: 2 m PROCOM<br \/>\n\u25ba Model:\u00a0 CXL 2-3C\/s<br \/>\n\u25ba Gewinn:\u00a0 3 dBd<br \/>\n\u25baAntennenh\u00f6he: ca. 60 m \u00fc. Grund;<\/li>\n<\/ul>\n<\/li>\n<li>Rufzeicheninhaber: Michael Schmidt, DH7VR<\/li>\n<li>Tr\u00e4ger: DARC e.V. OV Saarbr\u00fccken, Q01<\/li>\n<li>Sysop: <a href=\"https:\/\/www.darc-saar.de\/moziloCMS\/Relais\/Relais TEAM Saar (Q).html\" target=\"_blank\" rel=\"noopener noreferrer\">Relaisteam Saar<\/a><\/li>\n<\/ul>\n<p><strong>Allgemeine Informationen:<\/strong><\/p>\n<p>Die Relaisfunkstelle DB0SR befindet sich auf dem Wasserturm in Heusweiler, Holz und kann als das Standardrelais im Saarland bezeichnet werden. Der Turm steht recht hoch gelegen bei 432 m \u00fc. NHN. Das 2m Relais, auf dem auch der w\u00f6chentliche Deutschlandrundspruch sowie der Saarlandrundspruch von wechselnden Sprechern ausgesendet werden, ist in diesem Bundesland nahezu \u00fcberall mittels Handfunkger\u00e4t benutzbar. Allerdings kommt es immer wieder zu St\u00f6rungen da das exponiert gelegene Relais DB0FT auf dem Feldberg die gleiche Frequenz benutzt.<span style=\"color: #808080;\"><br \/>\n<\/span><\/p>\n<p>Am gleichen Standort gibt es unter dem Rufzeichen DB0SR noch ein 70 cm Relais (438.8250\u00a0 MHz), ein 23 cm Relais (1.298.4000 MHz) und einen Packet Radio-Zugang (438.3500 MHz) und einen Funkrufsender (439.9875 MHz).<\/p>\n<p><iframe loading=\"lazy\" src=\"https:\/\/www.speckmarschall.de\/bier\/DB0SR.html\" width=\"600\" height=\"450\" frameborder=\"0\"><\/iframe>Ausbreitungssimulation des 2 m Relais DB0SR<\/p>\n<figure id=\"attachment_1511\" aria-describedby=\"caption-attachment-1511\" style=\"width: 608px\" class=\"wp-caption aligncenter\"><a href=\"https:\/\/www.speckmarschall.de\/wcon\/wp-content\/uploads\/2016\/04\/db0sr_panorama.jpg\"><img loading=\"lazy\" decoding=\"async\" class=\"wp-image-1511\" src=\"https:\/\/www.speckmarschall.de\/wcon\/wp-content\/uploads\/2016\/04\/db0sr_panorama-1024x84.jpg\" alt=\"Panorama vom Wasserturm\" width=\"608\" height=\"50\" srcset=\"https:\/\/www.speckmarschall.de\/wcon\/wp-content\/uploads\/2016\/04\/db0sr_panorama-1024x84.jpg 1024w, https:\/\/www.speckmarschall.de\/wcon\/wp-content\/uploads\/2016\/04\/db0sr_panorama-300x24.jpg 300w, https:\/\/www.speckmarschall.de\/wcon\/wp-content\/uploads\/2016\/04\/db0sr_panorama-768x63.jpg 768w\" sizes=\"auto, (max-width: 608px) 100vw, 608px\" \/><\/a><figcaption id=\"caption-attachment-1511\" class=\"wp-caption-text\">Panorama vom Wasserturm Holz<\/figcaption><\/figure>\n<p><a href=\"https:\/\/www.speckmarschall.de\/wcon\/wp-content\/uploads\/2016\/04\/DB0SR.jpg\"><img loading=\"lazy\" decoding=\"async\" class=\"alignnone size-large wp-image-3253\" src=\"https:\/\/www.speckmarschall.de\/wcon\/wp-content\/uploads\/2016\/04\/DB0SR-1024x340.jpg\" alt=\"\" width=\"474\" height=\"157\" srcset=\"https:\/\/www.speckmarschall.de\/wcon\/wp-content\/uploads\/2016\/04\/DB0SR-1024x340.jpg 1024w, https:\/\/www.speckmarschall.de\/wcon\/wp-content\/uploads\/2016\/04\/DB0SR-300x100.jpg 300w, https:\/\/www.speckmarschall.de\/wcon\/wp-content\/uploads\/2016\/04\/DB0SR-768x255.jpg 768w\" sizes=\"auto, (max-width: 474px) 100vw, 474px\" \/><\/a><\/p>\n<p><a href=\"https:\/\/www.speckmarschall.de\/wcon\/wp-content\/uploads\/2016\/04\/IMG_1469.jpg\"><img loading=\"lazy\" decoding=\"async\" class=\"alignnone size-large wp-image-3254\" src=\"https:\/\/www.speckmarschall.de\/wcon\/wp-content\/uploads\/2016\/04\/IMG_1469-1024x683.jpg\" alt=\"\" width=\"474\" height=\"316\" srcset=\"https:\/\/www.speckmarschall.de\/wcon\/wp-content\/uploads\/2016\/04\/IMG_1469-1024x683.jpg 1024w, https:\/\/www.speckmarschall.de\/wcon\/wp-content\/uploads\/2016\/04\/IMG_1469-300x200.jpg 300w, https:\/\/www.speckmarschall.de\/wcon\/wp-content\/uploads\/2016\/04\/IMG_1469-768x512.jpg 768w\" sizes=\"auto, (max-width: 474px) 100vw, 474px\" \/><\/a><\/p>\n<p><a href=\"https:\/\/www.speckmarschall.de\/wcon\/wp-content\/uploads\/2016\/04\/IMG_1474.jpg\"><img loading=\"lazy\" decoding=\"async\" class=\"wp-image-3255 aligncenter\" src=\"https:\/\/www.speckmarschall.de\/wcon\/wp-content\/uploads\/2016\/04\/IMG_1474-1024x683.jpg\" alt=\"\" width=\"293\" height=\"195\" srcset=\"https:\/\/www.speckmarschall.de\/wcon\/wp-content\/uploads\/2016\/04\/IMG_1474-1024x683.jpg 1024w, https:\/\/www.speckmarschall.de\/wcon\/wp-content\/uploads\/2016\/04\/IMG_1474-300x200.jpg 300w, https:\/\/www.speckmarschall.de\/wcon\/wp-content\/uploads\/2016\/04\/IMG_1474-768x512.jpg 768w\" sizes=\"auto, (max-width: 293px) 100vw, 293px\" \/><\/a><\/p>\n<p><a href=\"https:\/\/www.speckmarschall.de\/wcon\/wp-content\/uploads\/2016\/04\/IMG_1492.jpg\"><img loading=\"lazy\" decoding=\"async\" class=\"alignnone wp-image-3256\" src=\"https:\/\/www.speckmarschall.de\/wcon\/wp-content\/uploads\/2016\/04\/IMG_1490-1024x683.jpg\" alt=\"\" width=\"233\" height=\"155\" srcset=\"https:\/\/www.speckmarschall.de\/wcon\/wp-content\/uploads\/2016\/04\/IMG_1490-1024x683.jpg 1024w, https:\/\/www.speckmarschall.de\/wcon\/wp-content\/uploads\/2016\/04\/IMG_1490-300x200.jpg 300w, https:\/\/www.speckmarschall.de\/wcon\/wp-content\/uploads\/2016\/04\/IMG_1490-768x512.jpg 768w\" sizes=\"auto, (max-width: 233px) 100vw, 233px\" \/> <img loading=\"lazy\" decoding=\"async\" class=\"alignnone wp-image-3257\" src=\"https:\/\/www.speckmarschall.de\/wcon\/wp-content\/uploads\/2016\/04\/IMG_1492-1024x683.jpg\" alt=\"\" width=\"232\" height=\"154\" srcset=\"https:\/\/www.speckmarschall.de\/wcon\/wp-content\/uploads\/2016\/04\/IMG_1492-1024x683.jpg 1024w, https:\/\/www.speckmarschall.de\/wcon\/wp-content\/uploads\/2016\/04\/IMG_1492-300x200.jpg 300w, https:\/\/www.speckmarschall.de\/wcon\/wp-content\/uploads\/2016\/04\/IMG_1492-768x512.jpg 768w\" sizes=\"auto, (max-width: 232px) 100vw, 232px\" \/><\/a> <a href=\"https:\/\/www.speckmarschall.de\/wcon\/wp-content\/uploads\/2016\/04\/IMG_1493.jpg\"><img loading=\"lazy\" decoding=\"async\" class=\"wp-image-3258 aligncenter\" src=\"https:\/\/www.speckmarschall.de\/wcon\/wp-content\/uploads\/2016\/04\/IMG_1493-683x1024.jpg\" alt=\"\" width=\"189\" height=\"284\" srcset=\"https:\/\/www.speckmarschall.de\/wcon\/wp-content\/uploads\/2016\/04\/IMG_1493-683x1024.jpg 683w, https:\/\/www.speckmarschall.de\/wcon\/wp-content\/uploads\/2016\/04\/IMG_1493-200x300.jpg 200w, https:\/\/www.speckmarschall.de\/wcon\/wp-content\/uploads\/2016\/04\/IMG_1493-768x1152.jpg 768w\" sizes=\"auto, (max-width: 189px) 100vw, 189px\" \/><\/a><\/p>\n<p>weiterf\u00fchrende Informationen unter:<\/p>\n<p><a href=\"http:\/\/www.darc.de\/distrikte\/q\/01\/relais-und-clubstationen\/\" target=\"_blank\" rel=\"noopener noreferrer\">OV Saarbr\u00fccken, Q01<\/a><\/p>\n<p><a href=\"http:\/\/wasserturm-holz.de\" target=\"_blank\" rel=\"noopener noreferrer\">IG Wasserturm Holz<\/a><\/p>\n<p style=\"text-align: right;\">\u00a0(btq)<\/p>\n","protected":false},"excerpt":{"rendered":"<p>2m Relaisfunkstelle Saarbr\u00fccken, DB0SR Koordinaten: N 49.3343, E 7.0056 Maidenhead Locator: JN39mi Standort: Wasserturm Holz, Am Wasserturm 5, 66265 Heusweiler, Stadtverband Saarbr\u00fccken Frequenzbereich: 145,600\u00a0 MHz; -600 kHz Shift; Mod. F3E CTCSS :71,9 PTT-Gesteuert -&gt; Livestream wegen technischer Probleme tempor\u00e4r nicht verf\u00fcgbar Rufzeichen: DB0SR Technik: RX:\u00a0 Motorola MC micro \u25baEmpfindlichkeit: &lt;0,7 \u00b5V bei S\/N von 20 &hellip; <a href=\"https:\/\/www.speckmarschall.de\/?page_id=1509\" class=\"more-link\"><span class=\"screen-reader-text\">DB0SR &#8211; Saarbr\u00fccken<\/span> weiterlesen <span class=\"meta-nav\">&rarr;<\/span><\/a><\/p>\n","protected":false},"author":1,"featured_media":0,"parent":1548,"menu_order":10,"comment_status":"closed","ping_status":"closed","template":"","meta":{"footnotes":""},"class_list":["post-1509","page","type-page","status-publish","hentry"],"_links":{"self":[{"href":"https:\/\/www.speckmarschall.de\/index.php?rest_route=\/wp\/v2\/pages\/1509","targetHints":{"allow":["GET"]}}],"collection":[{"href":"https:\/\/www.speckmarschall.de\/index.php?rest_route=\/wp\/v2\/pages"}],"about":[{"href":"https:\/\/www.speckmarschall.de\/index.php?rest_route=\/wp\/v2\/types\/page"}],"author":[{"embeddable":true,"href":"https:\/\/www.speckmarschall.de\/index.php?rest_route=\/wp\/v2\/users\/1"}],"replies":[{"embeddable":true,"href":"https:\/\/www.speckmarschall.de\/index.php?rest_route=%2Fwp%2Fv2%2Fcomments&post=1509"}],"version-history":[{"count":15,"href":"https:\/\/www.speckmarschall.de\/index.php?rest_route=\/wp\/v2\/pages\/1509\/revisions"}],"predecessor-version":[{"id":4888,"href":"https:\/\/www.speckmarschall.de\/index.php?rest_route=\/wp\/v2\/pages\/1509\/revisions\/4888"}],"up":[{"embeddable":true,"href":"https:\/\/www.speckmarschall.de\/index.php?rest_route=\/wp\/v2\/pages\/1548"}],"wp:attachment":[{"href":"https:\/\/www.speckmarschall.de\/index.php?rest_route=%2Fwp%2Fv2%2Fmedia&parent=1509"}],"curies":[{"name":"wp","href":"https:\/\/api.w.org\/{rel}","templated":true}]}}