{"id":3072,"date":"2017-03-05T22:56:23","date_gmt":"2017-03-05T20:56:23","guid":{"rendered":"https:\/\/www.speckmarschall.de\/?page_id=3072"},"modified":"2017-07-02T20:07:20","modified_gmt":"2017-07-02T18:07:20","slug":"notfunk-in-suedwestdeutschland","status":"publish","type":"page","link":"https:\/\/www.speckmarschall.de\/?page_id=3072","title":{"rendered":"Notfunk in S\u00fcdwestdeutschland"},"content":{"rendered":"<p><a href=\"https:\/\/www.speckmarschall.de\/wcon\/wp-content\/uploads\/2017\/03\/Notfunkgruppe-Speckmarschall.jpg\"><img loading=\"lazy\" decoding=\"async\" class=\"alignnone size-large wp-image-3068\" src=\"https:\/\/www.speckmarschall.de\/wcon\/wp-content\/uploads\/2017\/03\/Notfunkgruppe-Speckmarschall-1024x250.jpg\" alt=\"\" width=\"474\" height=\"116\" srcset=\"https:\/\/www.speckmarschall.de\/wcon\/wp-content\/uploads\/2017\/03\/Notfunkgruppe-Speckmarschall-1024x250.jpg 1024w, https:\/\/www.speckmarschall.de\/wcon\/wp-content\/uploads\/2017\/03\/Notfunkgruppe-Speckmarschall-300x73.jpg 300w, https:\/\/www.speckmarschall.de\/wcon\/wp-content\/uploads\/2017\/03\/Notfunkgruppe-Speckmarschall-768x188.jpg 768w\" sizes=\"auto, (max-width: 474px) 100vw, 474px\" \/><\/a><\/p>\n<p>Notfunk bezeichnet den Funkbetrieb, welcher durch den StFmDi (Speckmarschall taktischer Fernmeldedienst) im Rahmen seiner Kommunikationsm\u00f6glichkeiten zur Verf\u00fcgung gestellt wird. In Kriesen und Gro\u00dfschadenslagen werden fernmeldetechnische Nutzinformationen gewonnen, fernmeldebetriebliche Erkenntnisse gesammelt und der Fernmeldeverkehr \u00fcberwacht. <a href=\"http:\/\/gsb.download.bva.bund.de\/BBK\/KatS_Dv_810.pdf\" target=\"_blank\" rel=\"noopener\">[1]<\/a><\/p>\n<figure id=\"attachment_3105\" aria-describedby=\"caption-attachment-3105\" style=\"width: 222px\" class=\"wp-caption aligncenter\"><a href=\"https:\/\/www.speckmarschall.de\/wcon\/wp-content\/uploads\/2017\/03\/StFmDi-Speckmarschall-taktischer-Fernmeldedienst-Notfunk.jpg\"><img loading=\"lazy\" decoding=\"async\" class=\"wp-image-3105\" src=\"https:\/\/www.speckmarschall.de\/wcon\/wp-content\/uploads\/2017\/03\/StFmDi-Speckmarschall-taktischer-Fernmeldedienst-Notfunk-1024x739.jpg\" alt=\"Speckmarschall taktischer Fernmeldedienst\" width=\"222\" height=\"160\" srcset=\"https:\/\/www.speckmarschall.de\/wcon\/wp-content\/uploads\/2017\/03\/StFmDi-Speckmarschall-taktischer-Fernmeldedienst-Notfunk-1024x739.jpg 1024w, https:\/\/www.speckmarschall.de\/wcon\/wp-content\/uploads\/2017\/03\/StFmDi-Speckmarschall-taktischer-Fernmeldedienst-Notfunk-300x217.jpg 300w, https:\/\/www.speckmarschall.de\/wcon\/wp-content\/uploads\/2017\/03\/StFmDi-Speckmarschall-taktischer-Fernmeldedienst-Notfunk-768x554.jpg 768w, https:\/\/www.speckmarschall.de\/wcon\/wp-content\/uploads\/2017\/03\/StFmDi-Speckmarschall-taktischer-Fernmeldedienst-Notfunk.jpg 2000w\" sizes=\"auto, (max-width: 222px) 100vw, 222px\" \/><\/a><figcaption id=\"caption-attachment-3105\" class=\"wp-caption-text\">Speckmarschall taktischer Fernmeldedienst<\/figcaption><\/figure>\n<p>Die Notfunkgruppe betreibt an multiplen Standorten, gr\u00f6\u00dftenteils in exponierter Lage, automatisch arbeitende Fernmeldestationen.<\/p>\n<p>Neben Demodulation und Interpretation der im \u00c4ther befindlichen Hochfrequenzsignale werden Nutzdaten hochfrequenter Systeme dauerhaft archiviert und \u00fcber die sternf\u00f6rmige Serverarchitektur \u00fcber Linkstrecken dezentral akkumuliert <a href=\"https:\/\/www.speckmarschall.de\/?page_id=3076\" target=\"_blank\" rel=\"noopener\">[2]<\/a><\/p>\n<p>F\u00fcr zus\u00e4tzliche Geoinformationen verortet das ebenfalls autarkarbeitende Peilersystem einzelne Sendestationen und tr\u00e4gt diese automatisch in eine Datenbank ein. Neben Georeferenzierung tr\u00e4gt eine kontinuierliche Feldst\u00e4rkenmessung dazu bei, die Performanz entsprechender Stationen bez\u00fcglich ihrer Notfunkqualit\u00e4t zu validieren <a href=\"http:\/\/peiler.speckmarschall.de\/\" target=\"_blank\" rel=\"noopener\">[3]<\/a>.<\/p>\n<pre><a href=\"http:\/\/gsb.download.bva.bund.de\/BBK\/KatS_Dv_810.pdf\" target=\"_blank\" rel=\"noopener\">[1] \u00a7 8.1 PDV 810<\/a>\r\n<a href=\"https:\/\/www.speckmarschall.de\/?page_id=3076\" target=\"_blank\" rel=\"noopener\">[2] SpeckNET\r\n<\/a><a href=\"http:\/\/peiler.speckmarschall.de\/\" target=\"_blank\" rel=\"noopener\">[3] SpeckPeiler<\/a><\/pre>\n<p>&nbsp;<\/p>\n","protected":false},"excerpt":{"rendered":"<p>Notfunk bezeichnet den Funkbetrieb, welcher durch den StFmDi (Speckmarschall taktischer Fernmeldedienst) im Rahmen seiner Kommunikationsm\u00f6glichkeiten zur Verf\u00fcgung gestellt wird. In Kriesen und Gro\u00dfschadenslagen werden fernmeldetechnische Nutzinformationen gewonnen, fernmeldebetriebliche Erkenntnisse gesammelt und der Fernmeldeverkehr \u00fcberwacht. [1] Die Notfunkgruppe betreibt an multiplen Standorten, gr\u00f6\u00dftenteils in exponierter Lage, automatisch arbeitende Fernmeldestationen. Neben Demodulation und Interpretation der im \u00c4ther &hellip; <a href=\"https:\/\/www.speckmarschall.de\/?page_id=3072\" class=\"more-link\"><span class=\"screen-reader-text\">Notfunk in S\u00fcdwestdeutschland<\/span> weiterlesen <span class=\"meta-nav\">&rarr;<\/span><\/a><\/p>\n","protected":false},"author":2,"featured_media":0,"parent":3212,"menu_order":20,"comment_status":"closed","ping_status":"closed","template":"","meta":{"footnotes":""},"class_list":["post-3072","page","type-page","status-publish","hentry"],"_links":{"self":[{"href":"https:\/\/www.speckmarschall.de\/index.php?rest_route=\/wp\/v2\/pages\/3072","targetHints":{"allow":["GET"]}}],"collection":[{"href":"https:\/\/www.speckmarschall.de\/index.php?rest_route=\/wp\/v2\/pages"}],"about":[{"href":"https:\/\/www.speckmarschall.de\/index.php?rest_route=\/wp\/v2\/types\/page"}],"author":[{"embeddable":true,"href":"https:\/\/www.speckmarschall.de\/index.php?rest_route=\/wp\/v2\/users\/2"}],"replies":[{"embeddable":true,"href":"https:\/\/www.speckmarschall.de\/index.php?rest_route=%2Fwp%2Fv2%2Fcomments&post=3072"}],"version-history":[{"count":35,"href":"https:\/\/www.speckmarschall.de\/index.php?rest_route=\/wp\/v2\/pages\/3072\/revisions"}],"predecessor-version":[{"id":3436,"href":"https:\/\/www.speckmarschall.de\/index.php?rest_route=\/wp\/v2\/pages\/3072\/revisions\/3436"}],"up":[{"embeddable":true,"href":"https:\/\/www.speckmarschall.de\/index.php?rest_route=\/wp\/v2\/pages\/3212"}],"wp:attachment":[{"href":"https:\/\/www.speckmarschall.de\/index.php?rest_route=%2Fwp%2Fv2%2Fmedia&parent=3072"}],"curies":[{"name":"wp","href":"https:\/\/api.w.org\/{rel}","templated":true}]}}