{"id":3121,"date":"2017-03-21T12:38:34","date_gmt":"2017-03-21T10:38:34","guid":{"rendered":"https:\/\/www.speckmarschall.de\/?page_id=3121"},"modified":"2017-05-04T03:12:40","modified_gmt":"2017-05-04T01:12:40","slug":"stratosphaerenballon-dl0hsk","status":"publish","type":"page","link":"https:\/\/www.speckmarschall.de\/?page_id=3121","title":{"rendered":"Stratosph\u00e4renballon DL0HSK"},"content":{"rendered":"<p style=\"text-align: left;\"><a href=\"https:\/\/www.speckmarschall.de\/wcon\/wp-content\/uploads\/2017\/03\/dl0hsklogo7xrth.gif\"><img loading=\"lazy\" decoding=\"async\" class=\"size-full wp-image-3124 aligncenter\" src=\"https:\/\/www.speckmarschall.de\/wcon\/wp-content\/uploads\/2017\/03\/DL0HSK_Logo_jpg.jpg\" alt=\"\" width=\"799\" height=\"421\" srcset=\"https:\/\/www.speckmarschall.de\/wcon\/wp-content\/uploads\/2017\/03\/DL0HSK_Logo_jpg.jpg 799w, https:\/\/www.speckmarschall.de\/wcon\/wp-content\/uploads\/2017\/03\/DL0HSK_Logo_jpg-300x158.jpg 300w, https:\/\/www.speckmarschall.de\/wcon\/wp-content\/uploads\/2017\/03\/DL0HSK_Logo_jpg-768x405.jpg 768w\" sizes=\"auto, (max-width: 799px) 100vw, 799px\" \/><\/a><strong>Stand 01.04.2017 &#8211; 22:30 Uhr MESZ<\/strong><\/p>\n<h1 style=\"text-align: center;\"><span style=\"color: #008000;\">-Entdeckt-<\/span><\/h1>\n<p style=\"text-align: center;\"><span style=\"color: #008000;\">Die Nutzlast taucht unverhofft auf einem Abitur-Ball im Kreis Bad Kreuznach auf. Laut Informationen von DL0HSK soll es am Sonntag den 02.04.17 zu einer \u00dcbergabe kommen. Die Abiturienten berichteten, dass die Nutzlast stark traktiert sei.<\/span><\/p>\n<p><a href=\"https:\/\/www.speckmarschall.de\/wcon\/wp-content\/uploads\/2017\/03\/IMG-20170402-WA0009.jpg\"><img loading=\"lazy\" decoding=\"async\" class=\"alignnone wp-image-3196\" src=\"https:\/\/www.speckmarschall.de\/wcon\/wp-content\/uploads\/2017\/03\/IMG-20170402-WA0009-768x1024.jpg\" alt=\"\" width=\"113\" height=\"151\" srcset=\"https:\/\/www.speckmarschall.de\/wcon\/wp-content\/uploads\/2017\/03\/IMG-20170402-WA0009-768x1024.jpg 768w, https:\/\/www.speckmarschall.de\/wcon\/wp-content\/uploads\/2017\/03\/IMG-20170402-WA0009-225x300.jpg 225w, https:\/\/www.speckmarschall.de\/wcon\/wp-content\/uploads\/2017\/03\/IMG-20170402-WA0009.jpg 1200w\" sizes=\"auto, (max-width: 113px) 100vw, 113px\" \/> <\/a><a href=\"https:\/\/www.speckmarschall.de\/wcon\/wp-content\/uploads\/2017\/03\/IMG-20170402-WA0007.jpg\"><img loading=\"lazy\" decoding=\"async\" class=\"alignnone wp-image-3197\" src=\"https:\/\/www.speckmarschall.de\/wcon\/wp-content\/uploads\/2017\/03\/IMG-20170402-WA0007-768x1024.jpg\" alt=\"\" width=\"112\" height=\"149\" srcset=\"https:\/\/www.speckmarschall.de\/wcon\/wp-content\/uploads\/2017\/03\/IMG-20170402-WA0007-768x1024.jpg 768w, https:\/\/www.speckmarschall.de\/wcon\/wp-content\/uploads\/2017\/03\/IMG-20170402-WA0007-225x300.jpg 225w, https:\/\/www.speckmarschall.de\/wcon\/wp-content\/uploads\/2017\/03\/IMG-20170402-WA0007.jpg 1200w\" sizes=\"auto, (max-width: 112px) 100vw, 112px\" \/> <\/a><a href=\"https:\/\/www.speckmarschall.de\/wcon\/wp-content\/uploads\/2017\/03\/IMG-20170402-WA00081.jpg\"><img loading=\"lazy\" decoding=\"async\" class=\"alignnone wp-image-3198\" src=\"https:\/\/www.speckmarschall.de\/wcon\/wp-content\/uploads\/2017\/03\/IMG-20170402-WA00081-768x1024.jpg\" alt=\"\" width=\"113\" height=\"151\" srcset=\"https:\/\/www.speckmarschall.de\/wcon\/wp-content\/uploads\/2017\/03\/IMG-20170402-WA00081-768x1024.jpg 768w, https:\/\/www.speckmarschall.de\/wcon\/wp-content\/uploads\/2017\/03\/IMG-20170402-WA00081-225x300.jpg 225w, https:\/\/www.speckmarschall.de\/wcon\/wp-content\/uploads\/2017\/03\/IMG-20170402-WA00081.jpg 1200w\" sizes=\"auto, (max-width: 113px) 100vw, 113px\" \/> <\/a><a href=\"https:\/\/www.speckmarschall.de\/wcon\/wp-content\/uploads\/2017\/03\/IMG-20170402-WA0006.jpg\"><img loading=\"lazy\" decoding=\"async\" class=\"alignnone wp-image-3199\" src=\"https:\/\/www.speckmarschall.de\/wcon\/wp-content\/uploads\/2017\/03\/IMG-20170402-WA0006-768x1024.jpg\" alt=\"\" width=\"114\" height=\"152\" srcset=\"https:\/\/www.speckmarschall.de\/wcon\/wp-content\/uploads\/2017\/03\/IMG-20170402-WA0006-768x1024.jpg 768w, https:\/\/www.speckmarschall.de\/wcon\/wp-content\/uploads\/2017\/03\/IMG-20170402-WA0006-225x300.jpg 225w, https:\/\/www.speckmarschall.de\/wcon\/wp-content\/uploads\/2017\/03\/IMG-20170402-WA0006.jpg 1200w\" sizes=\"auto, (max-width: 114px) 100vw, 114px\" \/><\/a><\/p>\n<hr \/>\n<p>&nbsp;<\/p>\n<h6 style=\"text-align: left;\">Stand 01.04.2017 -15:30 Uhr MESZ<\/h6>\n<h1 style=\"text-align: center;\"><span style=\"color: #ff0000;\"><strong>-GESTOHLEN-<\/strong><\/span><\/h1>\n<p style=\"text-align: center;\"><span style=\"color: #ff0000;\"><strong>Die Nutzlast wurde nach der Landung bei Zotzenheim (Bundesstra\u00dfe 50) von unbekannten Personen gestohlen. Der Suchtrupp der Hochschule konnte nur noch die \u00dcberreste der Ballonh\u00fclle und Fallschirm bergen.<\/strong> <\/span><\/p>\n<p style=\"text-align: center;\"><a href=\"https:\/\/www.speckmarschall.de\/wcon\/wp-content\/uploads\/2017\/03\/IMG-20170401-WA0019.jpg\"><img loading=\"lazy\" decoding=\"async\" class=\"alignnone wp-image-3191\" src=\"https:\/\/www.speckmarschall.de\/wcon\/wp-content\/uploads\/2017\/03\/IMG-20170401-WA0019-575x1024.jpg\" alt=\"\" width=\"209\" height=\"372\" srcset=\"https:\/\/www.speckmarschall.de\/wcon\/wp-content\/uploads\/2017\/03\/IMG-20170401-WA0019-575x1024.jpg 575w, https:\/\/www.speckmarschall.de\/wcon\/wp-content\/uploads\/2017\/03\/IMG-20170401-WA0019-169x300.jpg 169w, https:\/\/www.speckmarschall.de\/wcon\/wp-content\/uploads\/2017\/03\/IMG-20170401-WA0019-768x1367.jpg 768w, https:\/\/www.speckmarschall.de\/wcon\/wp-content\/uploads\/2017\/03\/IMG-20170401-WA0019.jpg 899w\" sizes=\"auto, (max-width: 209px) 100vw, 209px\" \/><\/a><\/p>\n<p style=\"text-align: center;\">Absturzstelle:<\/p>\n<p style=\"text-align: center;\"><a href=\"https:\/\/www.google.de\/maps\/place\/49%C2%B052'12.7%22N+7%C2%B057'26.2%22E\/@49.8701894,7.9550893,17z\/data=!3m1!4b1!4m5!3m4!1s0x0:0x0!8m2!3d49.870186!4d7.957278\" target=\"_blank\" rel=\"noopener noreferrer\">https:\/\/www.google.de\/maps\/place\/49%C2%B052&#8217;12.7%22N+7%C2%B057&#8217;26.2%22E\/@49.8701894,7.9550893,17z\/data=!3m1!4b1!4m5!3m4!1s0x0:0x0!8m2!3d49.870186!4d7.957278<\/a><\/p>\n<p style=\"text-align: center;\"><span style=\"color: #3366ff;\"><strong>Die Studenten der Hochschulgruppe w\u00fcrden sich mit einem Finderlohn den ehrlichen Findern erkenntlich zeigen.<\/strong><\/span><\/p>\n<hr \/>\n<p style=\"text-align: left;\"><strong>Stand 01.04.2017\u00a0 &#8211; 12:00 Uhr MESZ<\/strong><\/p>\n<p style=\"text-align: left;\">Beim Start des Stratosph\u00e4renballons wurde die Telemetrieeinheit besch\u00e4digt. APRS und SSTV-Aussendungen waren leider auf 2 m nicht m\u00f6glich. Lediglich die redundante Nutzlaust mit 70 cm Sender arbeitete fehlerfrei.<\/p>\n<p><iframe loading=\"lazy\" title=\"DL0HSK Stratosph\u00e4renballon 01.04.2017 am Tag des Offenen Campus an der Hochschule Kaiserslautern\" width=\"474\" height=\"267\" src=\"https:\/\/www.youtube.com\/embed\/guhgmLP6g-w?feature=oembed\" frameborder=\"0\" allow=\"accelerometer; autoplay; clipboard-write; encrypted-media; gyroscope; picture-in-picture; web-share\" referrerpolicy=\"strict-origin-when-cross-origin\" allowfullscreen><\/iframe><\/p>\n<p><a href=\"https:\/\/www.speckmarschall.de\/wcon\/wp-content\/uploads\/2017\/03\/IMG-20170401-WA0020.jpg\"><img loading=\"lazy\" decoding=\"async\" class=\"wp-image-3193 alignnone\" src=\"https:\/\/www.speckmarschall.de\/wcon\/wp-content\/uploads\/2017\/03\/IMG-20170401-WA0020-1024x575.jpg\" alt=\"\" width=\"473\" height=\"266\" srcset=\"https:\/\/www.speckmarschall.de\/wcon\/wp-content\/uploads\/2017\/03\/IMG-20170401-WA0020-1024x575.jpg 1024w, https:\/\/www.speckmarschall.de\/wcon\/wp-content\/uploads\/2017\/03\/IMG-20170401-WA0020-300x169.jpg 300w, https:\/\/www.speckmarschall.de\/wcon\/wp-content\/uploads\/2017\/03\/IMG-20170401-WA0020-768x432.jpg 768w, https:\/\/www.speckmarschall.de\/wcon\/wp-content\/uploads\/2017\/03\/IMG-20170401-WA0020.jpg 1600w\" sizes=\"auto, (max-width: 473px) 100vw, 473px\" \/> <\/a><\/p>\n<p>&nbsp;<\/p>\n<hr \/>\n<p><strong>Stand 30.03.2017:<\/strong><\/p>\n<p style=\"text-align: left;\">Im Rahmen des &#8222;Tag des offenen Campus 2017&#8220; [1] werden am 01.04.17 ab 11 Uhr MESZ an dieser Stelle die Audiostreams des Stratosph\u00e4renballons der Akademischen Hochschulgruppe Amateurfunk [2] der Hochschule Kaiserslautern [3] \u00fcbertragen.<\/p>\n<p>Mit freundlicher Unterst\u00fctzung von &#8222;<strong>Mission to Sky<\/strong>&#8220; [4], <strong>Ortsverband Zweibr\u00fccken DOK K12 des Deutschen Amateur Radio Club e.V.<\/strong> [5], der <strong>Hochschule Kaiserslautern <\/strong>[3] und <strong>Speckmarschall.<\/strong><\/p>\n<hr \/>\n<p style=\"text-align: center;\"><strong>Datum: 01.04.2017 | Uhrzeit: 11:00 MESZ |Ort: Hochschule Kaiserslautern am Campus Morlauterer Stra\u00dfe 31<\/strong><br \/>\n<strong>67657 Kaiserslautern | N49.4512, W7.7629 | Innenhof des Campus der ehemaligen FH1 &#8211; heutigen Hochschule HS-KL.<\/strong><\/p>\n<p><a href=\"https:\/\/www.speckmarschall.de\/wcon\/wp-content\/uploads\/2017\/03\/Lageplan-Ballon-DL0HSK.jpg\"><img loading=\"lazy\" decoding=\"async\" class=\"alignnone size-large wp-image-3173\" src=\"https:\/\/www.speckmarschall.de\/wcon\/wp-content\/uploads\/2017\/03\/Lageplan-Ballon-DL0HSK-1024x579.jpg\" alt=\"\" width=\"474\" height=\"268\" srcset=\"https:\/\/www.speckmarschall.de\/wcon\/wp-content\/uploads\/2017\/03\/Lageplan-Ballon-DL0HSK-1024x579.jpg 1024w, https:\/\/www.speckmarschall.de\/wcon\/wp-content\/uploads\/2017\/03\/Lageplan-Ballon-DL0HSK-300x170.jpg 300w, https:\/\/www.speckmarschall.de\/wcon\/wp-content\/uploads\/2017\/03\/Lageplan-Ballon-DL0HSK-768x434.jpg 768w, https:\/\/www.speckmarschall.de\/wcon\/wp-content\/uploads\/2017\/03\/Lageplan-Ballon-DL0HSK.jpg 1764w\" sizes=\"auto, (max-width: 474px) 100vw, 474px\" \/><br \/>\n<\/a><\/p>\n<hr \/>\n<p style=\"text-align: left;\">Die Nutzlast [6] [7] besteht aus zwei unabh\u00e4ngigen Telemetrieeinheiten und Sendern die mit dem Ballon auf \u00fcber 30 km H\u00f6he aufsteigen werden.<\/p>\n<p style=\"text-align: left;\"><a href=\"https:\/\/www.speckmarschall.de\/wcon\/wp-content\/uploads\/2017\/03\/Balloon-DL0HSK.jpg\"><img loading=\"lazy\" decoding=\"async\" class=\"wp-image-3166 aligncenter\" src=\"https:\/\/www.speckmarschall.de\/wcon\/wp-content\/uploads\/2017\/03\/Balloon-DL0HSK-578x1024.jpg\" alt=\"\" width=\"243\" height=\"431\" srcset=\"https:\/\/www.speckmarschall.de\/wcon\/wp-content\/uploads\/2017\/03\/Balloon-DL0HSK-578x1024.jpg 578w, https:\/\/www.speckmarschall.de\/wcon\/wp-content\/uploads\/2017\/03\/Balloon-DL0HSK-169x300.jpg 169w, https:\/\/www.speckmarschall.de\/wcon\/wp-content\/uploads\/2017\/03\/Balloon-DL0HSK-768x1360.jpg 768w, https:\/\/www.speckmarschall.de\/wcon\/wp-content\/uploads\/2017\/03\/Balloon-DL0HSK.jpg 1842w\" sizes=\"auto, (max-width: 243px) 100vw, 243px\" \/><\/a><\/p>\n<hr \/>\n<p style=\"text-align: left;\">\u00dcbertragungsmodi und Frequenzen:<\/p>\n<p>\u2022 SSTV-Livebild\u00fcbertragung und Sprachausgabe in FM (Phonie) auf <strong>145.350 MHz<\/strong><br \/>\n\u2022 Positionsdaten\u00fcbertragung \u00fcber APRS via AFSK auf <strong>144.800<\/strong>\u00a0 <strong>MHz und\u00a0 433,890 MHz<br \/>\n<\/strong><\/p>\n<hr \/>\n<p style=\"text-align: left;\">Die Internetseite <strong>Mission to the Sky<\/strong> stellt exklusiv f\u00fcr den Start des Stratosph\u00e4renballons eine Prognose auf der Internetseite &#8222;Mission to Sky&#8220; zur Verf\u00fcgung [<a href=\"http:\/\/www.mission-to-sky.de\/index.php\/prognose\" target=\"_blank\" rel=\"noopener noreferrer\">9<\/a>].<\/p>\n<hr \/>\n<p style=\"text-align: left;\">Den Ballon selbst kann man am 1. April \u00fcber die Internetseite www.aprs.fi live mitverfolgen [10].<\/p>\n<pre style=\"text-align: left;\">[1] <a href=\"https:\/\/www.hs-kl.de\/fileadmin\/hochschule\/referate\/pr-und-schulkontakte\/offener-campus\/Kaiserslautern\/Programm_tdoc_2017-KL.pdf\" target=\"_blank\" rel=\"noopener noreferrer\">Tag des Offenen Campus 2017 - Programm [PDF]\r\n<\/a>[2] <a href=\"https:\/\/www.qrz.com\/db\/dl0hsk\" target=\"_blank\" rel=\"noopener noreferrer\">Akademische Hochschulegruppe Kaiserslautern <\/a>\r\n[3] <a href=\"https:\/\/www.hs-kl.de\/\" target=\"_blank\" rel=\"noopener noreferrer\">Hochschule Kaiserslautern<\/a>\r\n[4] <a href=\"http:\/\/www.mission-to-sky.de\/\" target=\"_blank\" rel=\"noopener noreferrer\">Mission to Sky <\/a>\r\n[5] <a href=\"http:\/\/www.cq-k12.de\/\" target=\"_blank\" rel=\"noopener noreferrer\">Ortsverband Zweibr\u00fccken des DARC e.V.\r\n<\/a>[6] <a href=\"https:\/\/www.speckmarschall.de\/wcon\/wp-content\/uploads\/2017\/03\/Nutzlast.jpg\" target=\"_blank\" rel=\"noopener noreferrer\">Nutzlast nach DC5WP\r\n<\/a>[7] Nutzlast nach DL3CM\r\n[8] <a href=\"https:\/\/www.speckmarschall.de\/wcon\/wp-content\/uploads\/2017\/03\/IMG-20170322-WA0004.jpg\" target=\"_blank\" rel=\"noopener noreferrer\">SSTV \u00fcber SSTVdroid\r\n<\/a>[9] <a href=\"http:\/\/www.mission-to-sky.de\/index.php\/prognose\" target=\"_blank\" rel=\"noopener noreferrer\">Prognose und Vorgersage via <strong>Mission to Sky<\/strong><\/a>\r\n[10] <a href=\"https:\/\/aprs.fi\/#!call=a%2FDB0KL-11&amp;timerange=3600&amp;tail=3600\" target=\"_blank\" rel=\"noopener noreferrer\">Live-Verfolgung via www.<strong>aprs<\/strong>.fi<\/a><\/pre>\n<hr \/>\n<p>Livestreams:<\/p>\n<p>Mit bet\u00e4tigen des &#8222;Play-Buttons&#8220; \u00a0\u00a0 &#8222;<a href=\"https:\/\/www.speckmarschall.de\/wcon\/wp-content\/uploads\/2017\/03\/Play.jpg\"><img loading=\"lazy\" decoding=\"async\" class=\"alignnone wp-image-3151\" src=\"https:\/\/www.speckmarschall.de\/wcon\/wp-content\/uploads\/2017\/03\/Play.jpg\" alt=\"\" width=\"23\" height=\"25\" \/><\/a>&#8220; wird der unten stehende Audio-Stream gestartet. Je ge\u00f6ffnetem Browserfenster kann jeweils nur ein Stream \u00fcber den Webbrowser wiedergegeben werden.\u00a0 Ob der Stream funktionsgerecht startet kann anhand der darauffolgenden Anzeige &#8220; <a href=\"https:\/\/www.speckmarschall.de\/wcon\/wp-content\/uploads\/2017\/03\/run.jpg\"><img loading=\"lazy\" decoding=\"async\" class=\"alignnone wp-image-3152\" src=\"https:\/\/www.speckmarschall.de\/wcon\/wp-content\/uploads\/2017\/03\/run.jpg\" alt=\"\" width=\"91\" height=\"25\" \/><\/a>&#8220; kontrolliert werden.<\/p>\n<p>&nbsp;<\/p>\n<p>[mp3j track=&#8220;http:\/\/speckmarschall.de:8000\/dl0hsk&#8220; vol=100 title=&#8220;DL0HSK @ 145,350MHZ &#8211; SSTV &amp; Phonie&#8220;] <a href=\"https:\/\/www.qrz.com\/db\/dl0hsk\" target=\"_blank\" rel=\"noopener noreferrer\">DL0HSK<\/a>, 145,350 MHz, JN39VK<\/p>\n<p>[mp3j track=&#8220;https:\/\/www.speckmarschall.de\/wcon\/wp-content\/uploads\/2017\/03\/DL0HSK-Audio.mp3&#8243; vol=100 title=&#8220;DL0HSK-APRS&#8220;] <a href=\"https:\/\/www.qrz.com\/db\/dl0hsk\" target=\"_blank\" rel=\"noopener noreferrer\">DL0HSK<\/a>, 144,800 MHz, JN39VK<\/p>\n<p>Ein paralleles anh\u00f6ren aller Streams ist entweder \u00fcber verschiedene Tabs oder das \u00f6ffnen des Audio-Streams \u00fcber einen geeigneten Media-Player (z. B. VLC-Player) m\u00f6glich.<\/p>\n<hr \/>\n<p style=\"text-align: right;\">-ctz-<\/p>\n","protected":false},"excerpt":{"rendered":"<p>Stand 01.04.2017 &#8211; 22:30 Uhr MESZ -Entdeckt- Die Nutzlast taucht unverhofft auf einem Abitur-Ball im Kreis Bad Kreuznach auf. Laut Informationen von DL0HSK soll es am Sonntag den 02.04.17 zu einer \u00dcbergabe kommen. Die Abiturienten berichteten, dass die Nutzlast stark traktiert sei. &nbsp; Stand 01.04.2017 -15:30 Uhr MESZ -GESTOHLEN- Die Nutzlast wurde nach der Landung &hellip; <a href=\"https:\/\/www.speckmarschall.de\/?page_id=3121\" class=\"more-link\"><span class=\"screen-reader-text\">Stratosph\u00e4renballon DL0HSK<\/span> weiterlesen <span class=\"meta-nav\">&rarr;<\/span><\/a><\/p>\n","protected":false},"author":2,"featured_media":0,"parent":3212,"menu_order":10,"comment_status":"closed","ping_status":"closed","template":"","meta":{"footnotes":""},"class_list":["post-3121","page","type-page","status-publish","hentry"],"_links":{"self":[{"href":"https:\/\/www.speckmarschall.de\/index.php?rest_route=\/wp\/v2\/pages\/3121","targetHints":{"allow":["GET"]}}],"collection":[{"href":"https:\/\/www.speckmarschall.de\/index.php?rest_route=\/wp\/v2\/pages"}],"about":[{"href":"https:\/\/www.speckmarschall.de\/index.php?rest_route=\/wp\/v2\/types\/page"}],"author":[{"embeddable":true,"href":"https:\/\/www.speckmarschall.de\/index.php?rest_route=\/wp\/v2\/users\/2"}],"replies":[{"embeddable":true,"href":"https:\/\/www.speckmarschall.de\/index.php?rest_route=%2Fwp%2Fv2%2Fcomments&post=3121"}],"version-history":[{"count":61,"href":"https:\/\/www.speckmarschall.de\/index.php?rest_route=\/wp\/v2\/pages\/3121\/revisions"}],"predecessor-version":[{"id":3265,"href":"https:\/\/www.speckmarschall.de\/index.php?rest_route=\/wp\/v2\/pages\/3121\/revisions\/3265"}],"up":[{"embeddable":true,"href":"https:\/\/www.speckmarschall.de\/index.php?rest_route=\/wp\/v2\/pages\/3212"}],"wp:attachment":[{"href":"https:\/\/www.speckmarschall.de\/index.php?rest_route=%2Fwp%2Fv2%2Fmedia&parent=3121"}],"curies":[{"name":"wp","href":"https:\/\/api.w.org\/{rel}","templated":true}]}}