{"id":396,"date":"2015-06-04T22:24:07","date_gmt":"2015-06-04T20:24:07","guid":{"rendered":"https:\/\/www.speckmarschall.de\/?page_id=396"},"modified":"2023-08-29T13:38:25","modified_gmt":"2023-08-29T11:38:25","slug":"db0kl","status":"publish","type":"page","link":"https:\/\/www.speckmarschall.de\/?page_id=396","title":{"rendered":"DB0KL &#8211; Kaiserslautern"},"content":{"rendered":"<h3 style=\"text-align: center;\">Relaisfunkstelle Kaiserslautern, DB0KL<\/h3>\n<ul>\n<li>Koordinaten: N <span class=\"cards-reveal-left-container cards-reveal-show-lat-lng\">49.4242, E 7.7545<\/span><\/li>\n<li>Maidenhead Locator: JN39vk<\/li>\n<li>Standort: Technische Universit\u00e4t Kaiserslautern (TU-KL), Verwaltungsgeb\u00e4ude, Gottlieb-Daimler-Stra\u00dfe 47, 67663 Kaiserslautern<\/li>\n<li>Frequenzbereiche:<br \/>1. UHF 439,3875 MHz; -7,6 MHz Shift;\u00a0 Sprachrepeater;<br \/>\u25baBetriebszweck: Multimode Relais<br \/>[DMR, C4FM, FM]<br \/>\u25baKanal: RU 751<br \/>\u25baStrahlungsleistung 9,5 W EIRP<br \/>\u25baBandbreite 12,5 kHz<br \/>\u25baH\u00f6he: 311 m \u00fc. NHN<br \/>\u25baH\u00f6he (Geb\u00e4ude + Mast): 37 m<br \/><a href=\"https:\/\/www.speckmarschall.de\/?page_id=67\" target=\"_blank\" rel=\"noopener noreferrer\"><strong>\u25baLivestream<\/strong> <\/a><br \/>2. VHF 144,800MHz Simplex <a href=\"http:\/\/aprs.fi\/info\/a\/DB0KL-4\" target=\"_blank\" rel=\"noopener noreferrer\">APRS Digipeater und IGate<\/a><br \/>\u25ba<span style=\"color: #000000;\">Betriebszweck: APRS<\/span><br \/>\u25ba<span style=\"color: #000000;\">Kanal: APRS<strong><br \/>\u25ba<\/strong>Strahlungsleistung: 6 W EIRP<\/span><br \/>\u25baSendeart: F1D<br \/>\u25baBandbreite 12,5 kHz<br \/>\u25baDatenrate 1,2 kBd \/ s<br \/>\u25baH<span style=\"color: #000000;\">\u00f6he: 311 m \u00fc. NHN<\/span><br \/>\u25baH<span style=\"color: #000000;\">\u00f6he (Geb\u00e4ude + Mast): 37 m<\/span><br \/>\u25ba<span style=\"color: #000000;\">Funkfeldl\u00e4nge: 30 km<br \/><\/span><\/li>\n<li>Rufzeichen: DB0KL (ehemals DB0KLN 439,250 MHz)<\/li>\n<li>Steuerung: <br \/>\u25banach DG4MA (F3E)<br \/>\u25banach DG4MA (MMDVM| DMR, C4FM, D-Star)<\/li>\n<li>Sysop: <a href=\"http:\/\/www.uni-kl.de\/AFG\/\" target=\"_blank\" rel=\"noopener noreferrer\">Amateurfunk Forschungsgruppe Kaiserslautern<\/a><\/li>\n<li>Lizenzinhaber: DM3OW, Noelle Massar<\/li>\n<li>Betriebslaufzeit: 08.02.2012 bis heute<br \/>(Seit Mitte der 90-er Jahre bis zum Jahr 2012 unter <a href=\"https:\/\/www.speckmarschall.de\/wcon\/wp-content\/uploads\/2015\/06\/db0kln.jpg\">DB0KLN<\/a>)<\/li>\n<li>Zuteilung: G\u00fcltig bis 31.08.2026<\/li>\n<li>Informationen aus dem Bransmeisternetzwerk:<br \/><a href=\"https:\/\/brandmeister.network\/index.php?page=repeater&amp;id=262512\">https:\/\/brandmeister.network\/<\/a><\/li>\n<li>Zeitschlitze<br \/>1: dynamisch<br \/>2: \u00b0 2625 (statisch) Rheinland-Pfalz\/Saarland<br \/>\u00a0 \u00a0\u00a0 \u00b0TG8 (Cluster) -&gt; TG26255 (Kaiserslautern)<br \/>\u00a0\u00a0 \u00a0 \u00b0 26255\u00a0 <a href=\"https:\/\/brandmeister.network\/?page=lh&amp;jsonquery=%7B%22condition%22%3A%22OR%22%2C%22rules%22%3A%5B%7B%22id%22%3A%22ContextID%22%2C%22field%22%3A%22ContextID%22%2C%22type%22%3A%22string%22%2C%22input%22%3A%22text%22%2C%22operator%22%3A%22equal%22%2C%22value%22%3A%22262512%22%7D%2C%7B%22id%22%3A%22DestinationID%22%2C%22field%22%3A%22DestinationID%22%2C%22type%22%3A%22integer%22%2C%22input%22%3A%22text%22%2C%22operator%22%3A%22equal%22%2C%22value%22%3A%222625%22%7D%2C%7B%22id%22%3A%22DestinationID%22%2C%22field%22%3A%22DestinationID%22%2C%22type%22%3A%22integer%22%2C%22input%22%3A%22text%22%2C%22operator%22%3A%22equal%22%2C%22value%22%3A%2226255%22%7D%5D%7D\" target=\"_blank\" rel=\"noopener noreferrer\">https:\/\/brandmeister.network\/<\/a><\/li>\n<\/ul>\n<p><strong><span style=\"color: #339966;\">Die Talkgruppe 26255 wurde\u00a0 auf Empfehlung des Brandmeister DMR-Master-Netzwerks als Cluster (TG8) eingebunden. Es wird empfohlen im Codeplug nun die TG8 zu hinterlegen.<\/span> <\/strong><\/p>\n<p><strong>Siehe : <\/strong><a href=\"https:\/\/bm262.de\/reflektoren\/\" target=\"_blank\" rel=\"noopener noreferrer\"><strong>https:\/\/bm262.de\/reflektoren\/<\/strong><\/a><\/p>\n<p>\u00a0<\/p>\n<pre><strong><span style=\"color: #008000;\">hier online h\u00f6ren<\/span><\/strong>\u00a0 [mp3j track=\"https:\/\/speckmarschall.de:8001\/db0kl_db0wp\" vol=100 title=\"DB0KL\"]<\/pre>\n<p>A<strong>llgemeine Informationen:<\/strong><\/p>\n<p>Die Antennenanlage der Relaisfunkstelle DB0KL befindet sich auf dem Verwaltungsgeb\u00e4ude 47 der Technischen Universit\u00e4t in Kaiserslautern.<\/p>\n<p><span style=\"text-decoration: underline;\"><a href=\"https:\/\/www.speckmarschall.de\/wcon\/wp-content\/uploads\/2015\/06\/ads3ml8t.jpeg\"><img loading=\"lazy\" decoding=\"async\" class=\"alignnone size-full wp-image-402\" src=\"https:\/\/www.speckmarschall.de\/wcon\/wp-content\/uploads\/2015\/06\/ads3ml8t.jpeg\" alt=\"ads3ml8t\" width=\"1600\" height=\"1072\" srcset=\"https:\/\/www.speckmarschall.de\/wcon\/wp-content\/uploads\/2015\/06\/ads3ml8t.jpeg 1600w, https:\/\/www.speckmarschall.de\/wcon\/wp-content\/uploads\/2015\/06\/ads3ml8t-300x201.jpeg 300w, https:\/\/www.speckmarschall.de\/wcon\/wp-content\/uploads\/2015\/06\/ads3ml8t-1024x686.jpeg 1024w\" sizes=\"auto, (max-width: 1600px) 100vw, 1600px\" \/><\/a><\/span><\/p>\n<p>Der Sender steht gut gesch\u00fctzt in ca. 20 m Tiefe unter dem Geb\u00e4ude und kann autark arbeiten, da er an eine Notstromversorgung angebunden ist.<\/p>\n<p>\u00a0<\/p>\n<h3>Relaisbelegung*<\/h3>\n<p><iframe loading=\"lazy\" style=\"border: 0px currentColor;\" src=\"https:\/\/www.speckmarschall.de\/relaisbelegung\/?rpt=db0kl&amp;type=24h\" width=\"600\" height=\"325\" frameborder=\"0\"><\/iframe><br \/><em>*) Die Darstellung der Relaisbelegung befindet sich noch in der Testphase.<\/em><\/p>\n<p><iframe loading=\"lazy\" style=\"border: 0px currentColor;\" src=\"https:\/\/www.speckmarschall.de\/bier\/DB0KL.html\" width=\"600\" height=\"450\" frameborder=\"0\"><\/iframe><\/p>\n<p><a href=\"https:\/\/www.speckmarschall.de\/wcon\/wp-content\/uploads\/2015\/06\/20150602_182052anuwg.jpg\"><img loading=\"lazy\" decoding=\"async\" class=\"alignnone wp-image-400\" src=\"https:\/\/www.speckmarschall.de\/wcon\/wp-content\/uploads\/2015\/06\/20150602_182052anuwg-300x44.jpg\" alt=\"20150602_182052anuwg\" width=\"511\" height=\"75\" srcset=\"https:\/\/www.speckmarschall.de\/wcon\/wp-content\/uploads\/2015\/06\/20150602_182052anuwg-300x44.jpg 300w, https:\/\/www.speckmarschall.de\/wcon\/wp-content\/uploads\/2015\/06\/20150602_182052anuwg-1024x149.jpg 1024w\" sizes=\"auto, (max-width: 511px) 100vw, 511px\" \/><\/a><\/p>\n<p><a href=\"https:\/\/www.speckmarschall.de\/wcon\/wp-content\/uploads\/2015\/06\/20150602_183149drr74.jpg\"><img loading=\"lazy\" decoding=\"async\" class=\"alignnone size-full wp-image-401\" src=\"https:\/\/www.speckmarschall.de\/wcon\/wp-content\/uploads\/2015\/06\/20150602_183149drr74.jpg\" alt=\"20150602_183149drr74\" width=\"7696\" height=\"976\" srcset=\"https:\/\/www.speckmarschall.de\/wcon\/wp-content\/uploads\/2015\/06\/20150602_183149drr74.jpg 7696w, https:\/\/www.speckmarschall.de\/wcon\/wp-content\/uploads\/2015\/06\/20150602_183149drr74-300x38.jpg 300w, https:\/\/www.speckmarschall.de\/wcon\/wp-content\/uploads\/2015\/06\/20150602_183149drr74-1024x130.jpg 1024w\" sizes=\"auto, (max-width: 7696px) 100vw, 7696px\" \/><\/a>\u00a0\u00a0 <a href=\"https:\/\/www.speckmarschall.de\/wcon\/wp-content\/uploads\/2015\/06\/dl0xkoverviewc7y5z.jpg\"><img loading=\"lazy\" decoding=\"async\" class=\"alignnone size-full wp-image-404\" src=\"https:\/\/www.speckmarschall.de\/wcon\/wp-content\/uploads\/2015\/06\/dl0xkoverviewc7y5z.jpg\" alt=\"dl0xkoverviewc7y5z\" width=\"1024\" height=\"191\" srcset=\"https:\/\/www.speckmarschall.de\/wcon\/wp-content\/uploads\/2015\/06\/dl0xkoverviewc7y5z.jpg 1024w, https:\/\/www.speckmarschall.de\/wcon\/wp-content\/uploads\/2015\/06\/dl0xkoverviewc7y5z-300x56.jpg 300w\" sizes=\"auto, (max-width: 1024px) 100vw, 1024px\" \/><\/a><\/p>\n<p><a href=\"https:\/\/www.speckmarschall.de\/wcon\/wp-content\/uploads\/2015\/06\/IMG_8562.jpg\"><img loading=\"lazy\" decoding=\"async\" class=\"alignleft wp-image-406 size-large\" src=\"https:\/\/www.speckmarschall.de\/wcon\/wp-content\/uploads\/2015\/06\/IMG_8562-768x1024.jpg\" alt=\"IMG_8562\" width=\"474\" height=\"632\" srcset=\"https:\/\/www.speckmarschall.de\/wcon\/wp-content\/uploads\/2015\/06\/IMG_8562-768x1024.jpg 768w, https:\/\/www.speckmarschall.de\/wcon\/wp-content\/uploads\/2015\/06\/IMG_8562-225x300.jpg 225w\" sizes=\"auto, (max-width: 474px) 100vw, 474px\" \/><\/a><\/p>\n<p>\u00a0<\/p>\n<p><a href=\"https:\/\/www.speckmarschall.de\/wcon\/wp-content\/uploads\/2020\/10\/k-DB0KL-Kaiserslautern-DMR-Relais-Repeater-Relaisfunkstelle-rotated.jpg\"><img loading=\"lazy\" decoding=\"async\" class=\"alignnone wp-image-5294 size-large\" src=\"https:\/\/www.speckmarschall.de\/wcon\/wp-content\/uploads\/2020\/10\/k-DB0KL-Kaiserslautern-DMR-Relais-Repeater-Relaisfunkstelle-768x1024.jpg\" alt=\"\" width=\"474\" height=\"632\" srcset=\"https:\/\/www.speckmarschall.de\/wcon\/wp-content\/uploads\/2020\/10\/k-DB0KL-Kaiserslautern-DMR-Relais-Repeater-Relaisfunkstelle-768x1024.jpg 768w, https:\/\/www.speckmarschall.de\/wcon\/wp-content\/uploads\/2020\/10\/k-DB0KL-Kaiserslautern-DMR-Relais-Repeater-Relaisfunkstelle-225x300.jpg 225w, https:\/\/www.speckmarschall.de\/wcon\/wp-content\/uploads\/2020\/10\/k-DB0KL-Kaiserslautern-DMR-Relais-Repeater-Relaisfunkstelle-1152x1536.jpg 1152w, https:\/\/www.speckmarschall.de\/wcon\/wp-content\/uploads\/2020\/10\/k-DB0KL-Kaiserslautern-DMR-Relais-Repeater-Relaisfunkstelle-rotated.jpg 1512w\" sizes=\"auto, (max-width: 474px) 100vw, 474px\" \/><\/a><\/p>\n<p><img loading=\"lazy\" decoding=\"async\" class=\"wp-image-397 alignleft\" src=\"https:\/\/www.speckmarschall.de\/wcon\/wp-content\/uploads\/2015\/06\/11e3yeo.jpeg\" alt=\"11e3yeo\" width=\"495\" height=\"323\" srcset=\"https:\/\/www.speckmarschall.de\/wcon\/wp-content\/uploads\/2015\/06\/11e3yeo.jpeg 1600w, https:\/\/www.speckmarschall.de\/wcon\/wp-content\/uploads\/2015\/06\/11e3yeo-300x196.jpeg 300w, https:\/\/www.speckmarschall.de\/wcon\/wp-content\/uploads\/2015\/06\/11e3yeo-1024x668.jpeg 1024w\" sizes=\"auto, (max-width: 495px) 100vw, 495px\" \/><br \/><a href=\"https:\/\/www.speckmarschall.de\/wcon\/wp-content\/uploads\/2015\/06\/k-abcdef3zk5n.jpg\"><img loading=\"lazy\" decoding=\"async\" class=\"alignnone wp-image-411\" src=\"https:\/\/www.speckmarschall.de\/wcon\/wp-content\/uploads\/2015\/06\/k-abcdef3zk5n-768x1024.jpg\" alt=\"k-abcdef3zk5n\" width=\"153\" height=\"204\" srcset=\"https:\/\/www.speckmarschall.de\/wcon\/wp-content\/uploads\/2015\/06\/k-abcdef3zk5n-768x1024.jpg 768w, https:\/\/www.speckmarschall.de\/wcon\/wp-content\/uploads\/2015\/06\/k-abcdef3zk5n-225x300.jpg 225w, https:\/\/www.speckmarschall.de\/wcon\/wp-content\/uploads\/2015\/06\/k-abcdef3zk5n.jpg 800w\" sizes=\"auto, (max-width: 153px) 100vw, 153px\" \/>\u00a0 <\/a><a href=\"https:\/\/www.speckmarschall.de\/wcon\/wp-content\/uploads\/2015\/06\/220da4k.jpeg\"><img loading=\"lazy\" decoding=\"async\" class=\"alignnone wp-image-398\" src=\"https:\/\/www.speckmarschall.de\/wcon\/wp-content\/uploads\/2015\/06\/220da4k-1024x683.jpeg\" alt=\"220da4k\" width=\"307\" height=\"204\" srcset=\"https:\/\/www.speckmarschall.de\/wcon\/wp-content\/uploads\/2015\/06\/220da4k-1024x683.jpeg 1024w, https:\/\/www.speckmarschall.de\/wcon\/wp-content\/uploads\/2015\/06\/220da4k-300x200.jpeg 300w, https:\/\/www.speckmarschall.de\/wcon\/wp-content\/uploads\/2015\/06\/220da4k.jpeg 1600w\" sizes=\"auto, (max-width: 307px) 100vw, 307px\" \/><\/a><br \/><a href=\"https:\/\/www.speckmarschall.de\/wcon\/wp-content\/uploads\/2015\/06\/tu-klnqol8.jpg\"><br \/><img loading=\"lazy\" decoding=\"async\" class=\"alignnone size-full wp-image-414\" src=\"https:\/\/www.speckmarschall.de\/wcon\/wp-content\/uploads\/2015\/06\/tu-klnqol8.jpg\" alt=\"tu-klnqol8\" width=\"800\" height=\"131\" srcset=\"https:\/\/www.speckmarschall.de\/wcon\/wp-content\/uploads\/2015\/06\/tu-klnqol8.jpg 800w, https:\/\/www.speckmarschall.de\/wcon\/wp-content\/uploads\/2015\/06\/tu-klnqol8-300x49.jpg 300w\" sizes=\"auto, (max-width: 800px) 100vw, 800px\" \/><\/a><\/p>\n<p><a href=\"https:\/\/www.speckmarschall.de\/wcon\/wp-content\/uploads\/2015\/06\/tu-klpanorma1dl0xkfalqb.jpg\"><img loading=\"lazy\" decoding=\"async\" class=\"alignnone size-full wp-image-415\" src=\"https:\/\/www.speckmarschall.de\/wcon\/wp-content\/uploads\/2015\/06\/tu-klpanorma1dl0xkfalqb.jpg\" alt=\"tu-klpanorma1dl0xkfalqb\" width=\"2492\" height=\"799\" srcset=\"https:\/\/www.speckmarschall.de\/wcon\/wp-content\/uploads\/2015\/06\/tu-klpanorma1dl0xkfalqb.jpg 2492w, https:\/\/www.speckmarschall.de\/wcon\/wp-content\/uploads\/2015\/06\/tu-klpanorma1dl0xkfalqb-300x96.jpg 300w, https:\/\/www.speckmarschall.de\/wcon\/wp-content\/uploads\/2015\/06\/tu-klpanorma1dl0xkfalqb-1024x328.jpg 1024w\" sizes=\"auto, (max-width: 2492px) 100vw, 2492px\" \/><\/a><\/p>\n<p><a href=\"https:\/\/www.speckmarschall.de\/wcon\/wp-content\/uploads\/2015\/06\/project2ywjt7.jpg\"><img loading=\"lazy\" decoding=\"async\" class=\" wp-image-413 alignleft\" src=\"https:\/\/www.speckmarschall.de\/wcon\/wp-content\/uploads\/2015\/06\/project2ywjt7.jpg\" alt=\"project2ywjt7\" width=\"518\" height=\"105\" srcset=\"https:\/\/www.speckmarschall.de\/wcon\/wp-content\/uploads\/2015\/06\/project2ywjt7.jpg 1280w, https:\/\/www.speckmarschall.de\/wcon\/wp-content\/uploads\/2015\/06\/project2ywjt7-300x60.jpg 300w, https:\/\/www.speckmarschall.de\/wcon\/wp-content\/uploads\/2015\/06\/project2ywjt7-1024x206.jpg 1024w\" sizes=\"auto, (max-width: 518px) 100vw, 518px\" \/><\/a><\/p>\n<p>mehr Informationen unter:<\/p>\n<p><a href=\"http:\/\/www.amateurfunk.uni-kl.de\/db0kl-relais-und-digipeater\/\" target=\"_blank\" rel=\"noopener noreferrer\">http:\/\/www.amateurfunk.uni-kl.de\/db0kl-relais-und-digipeater\/<\/a><\/p>\n<p><a href=\"http:\/\/www.qrz.com\/db\/DB0KL\" target=\"_blank\" rel=\"noopener noreferrer\">http:\/\/www.qrz.com\/db\/DB0KL<\/a><\/p>\n<p><a href=\"https:\/\/www.uni-kl.de\/\" target=\"_blank\" rel=\"noopener noreferrer\">https:\/\/www.uni-kl.de\/<\/a><\/p>\n<p><a href=\"http:\/\/de.wikipedia.org\/wiki\/Technische_Universit%C3%A4t_Kaiserslautern\" target=\"_blank\" rel=\"noopener noreferrer\">http:\/\/de.wikipedia.org\/wiki\/Technische_Universit%C3%A4t_Kaiserslautern<\/a><\/p>\n<p style=\"text-align: right;\">\u00a0\u00a0(ctz)<\/p>\n\n\n<p>Chronik:<br><\/p>\n\n\n\n<p><\/p>\n\n\n\n<p><br>Der DMR-Phonie-Zweig der Relaisfunkstelle nahm um 0.13 Uhr den Regelbetrieb auf. Das Front-End konnte durch einen Multicore-Rechenapparat ert\u00fcchtigt und f\u00fcr das <a href=\"https:\/\/www.speckmarschall.de\/?page_id=4875\">DLNsN<\/a> zug\u00e4nglich gemacht werden. <strong>(Stand 09.10.2020 0.13MESZ)<\/strong><\/p>\n\n\n\n<figure class=\"wp-block-image size-large\"><img loading=\"lazy\" decoding=\"async\" width=\"811\" height=\"1024\" src=\"https:\/\/www.speckmarschall.de\/wcon\/wp-content\/uploads\/2020\/10\/DB0KLN-MMDVM-811x1024.jpg\" alt=\"\" class=\"wp-image-5285\" srcset=\"https:\/\/www.speckmarschall.de\/wcon\/wp-content\/uploads\/2020\/10\/DB0KLN-MMDVM-811x1024.jpg 811w, https:\/\/www.speckmarschall.de\/wcon\/wp-content\/uploads\/2020\/10\/DB0KLN-MMDVM-238x300.jpg 238w, https:\/\/www.speckmarschall.de\/wcon\/wp-content\/uploads\/2020\/10\/DB0KLN-MMDVM-768x969.jpg 768w, https:\/\/www.speckmarschall.de\/wcon\/wp-content\/uploads\/2020\/10\/DB0KLN-MMDVM-1217x1536.jpg 1217w, https:\/\/www.speckmarschall.de\/wcon\/wp-content\/uploads\/2020\/10\/DB0KLN-MMDVM.jpg 1617w\" sizes=\"auto, (max-width: 811px) 100vw, 811px\" \/><figcaption class=\"wp-element-caption\"><strong>(Stand 09.10.2020)<\/strong><\/figcaption><\/figure>\n\n\n\n<hr class=\"wp-block-separator has-css-opacity\"\/>\n\n\n\n<p>Die Relaisfunkstelle wurde aus technischen Gr\u00fcnden au\u00dfer Betrieb genommen. Thermische und altersbedingte Verschlei\u00dferscheinungen haben das System nach jahrelangem Dauerbetrieb negativ beeinflu\u00dft.&nbsp; Der im Einsatz befindliche Datenserver komprimiert derzeit archivierte QSOs und transkribiert Datens\u00e4tze.<br>Die Relaisbetreiber arbeiten derzeit an einem redundanten Neuaufbau der Rechnerarchitektur um zuk\u00fcnftige Speicherengp\u00e4sse und einer daraus resultierenden Notabschaltung der Relaisfunkstelle vorzubeugen.<strong><br>(Stand 29.09.2020)<\/strong><\/p>\n\n\n\n<figure class=\"wp-block-image\"><a href=\"https:\/\/www.speckmarschall.de\/wcon\/wp-content\/uploads\/2020\/09\/DB0KL-Datenaufzeichnung.jpg\"><img loading=\"lazy\" decoding=\"async\" width=\"1024\" height=\"768\" src=\"https:\/\/www.speckmarschall.de\/wcon\/wp-content\/uploads\/2020\/09\/DB0KL-Datenaufzeichnung-1024x768.jpg\" alt=\"\" class=\"wp-image-5254\" srcset=\"https:\/\/www.speckmarschall.de\/wcon\/wp-content\/uploads\/2020\/09\/DB0KL-Datenaufzeichnung-1024x768.jpg 1024w, https:\/\/www.speckmarschall.de\/wcon\/wp-content\/uploads\/2020\/09\/DB0KL-Datenaufzeichnung-300x225.jpg 300w, https:\/\/www.speckmarschall.de\/wcon\/wp-content\/uploads\/2020\/09\/DB0KL-Datenaufzeichnung-768x576.jpg 768w, https:\/\/www.speckmarschall.de\/wcon\/wp-content\/uploads\/2020\/09\/DB0KL-Datenaufzeichnung-1536x1152.jpg 1536w, https:\/\/www.speckmarschall.de\/wcon\/wp-content\/uploads\/2020\/09\/DB0KL-Datenaufzeichnung.jpg 1600w\" sizes=\"auto, (max-width: 1024px) 100vw, 1024px\" \/><\/a><\/figure>\n\n\n\n<figure class=\"wp-block-image\"><a href=\"https:\/\/www.speckmarschall.de\/wcon\/wp-content\/uploads\/2020\/09\/DB0KL-Rechnenzentrum.jpg\"><img loading=\"lazy\" decoding=\"async\" width=\"768\" height=\"1024\" src=\"https:\/\/www.speckmarschall.de\/wcon\/wp-content\/uploads\/2020\/09\/DB0KL-Rechnenzentrum-768x1024.jpg\" alt=\"\" class=\"wp-image-5255\" srcset=\"https:\/\/www.speckmarschall.de\/wcon\/wp-content\/uploads\/2020\/09\/DB0KL-Rechnenzentrum-768x1024.jpg 768w, https:\/\/www.speckmarschall.de\/wcon\/wp-content\/uploads\/2020\/09\/DB0KL-Rechnenzentrum-225x300.jpg 225w, https:\/\/www.speckmarschall.de\/wcon\/wp-content\/uploads\/2020\/09\/DB0KL-Rechnenzentrum-1152x1536.jpg 1152w, https:\/\/www.speckmarschall.de\/wcon\/wp-content\/uploads\/2020\/09\/DB0KL-Rechnenzentrum.jpg 1200w\" sizes=\"auto, (max-width: 768px) 100vw, 768px\" \/><\/a><\/figure>\n\n\n\n<hr class=\"wp-block-separator has-css-opacity is-style-default\"\/>\n\n\n\n<p><strong>Die Relaisfunkstelle ist aufgrund eines Systemausfalls derzeit au\u00dfer Betrieb<br>(Stand 21.09.2020)<\/strong><\/p>\n\n\n\n<hr class=\"wp-block-separator has-css-opacity\"\/>\n\n\n\n<p><strong>DB0KL vor Dez. 2018<\/strong><\/p>\n\n\n<div class=\"wp-block-image\">\n<figure class=\"aligncenter size-full\"><a href=\"https:\/\/www.speckmarschall.de\/wcon\/wp-content\/uploads\/2015\/06\/IMG_8644.jpg\"><img loading=\"lazy\" decoding=\"async\" width=\"2448\" height=\"3264\" src=\"https:\/\/www.speckmarschall.de\/wcon\/wp-content\/uploads\/2015\/06\/IMG_8644.jpg\" alt=\"IMG_8644\" class=\"wp-image-410\" srcset=\"https:\/\/www.speckmarschall.de\/wcon\/wp-content\/uploads\/2015\/06\/IMG_8644.jpg 2448w, https:\/\/www.speckmarschall.de\/wcon\/wp-content\/uploads\/2015\/06\/IMG_8644-225x300.jpg 225w, https:\/\/www.speckmarschall.de\/wcon\/wp-content\/uploads\/2015\/06\/IMG_8644-768x1024.jpg 768w\" sizes=\"auto, (max-width: 2448px) 100vw, 2448px\" \/><\/a><\/figure>\n<\/div>","protected":false},"excerpt":{"rendered":"<p>Relaisfunkstelle Kaiserslautern, DB0KL Koordinaten: N 49.4242, E 7.7545 Maidenhead Locator: JN39vk Standort: Technische Universit\u00e4t Kaiserslautern (TU-KL), Verwaltungsgeb\u00e4ude, Gottlieb-Daimler-Stra\u00dfe 47, 67663 Kaiserslautern Frequenzbereiche:1. UHF 439,3875 MHz; -7,6 MHz Shift;\u00a0 Sprachrepeater;\u25baBetriebszweck: Multimode Relais[DMR, C4FM, FM]\u25baKanal: RU 751\u25baStrahlungsleistung 9,5 W EIRP\u25baBandbreite 12,5 kHz\u25baH\u00f6he: 311 m \u00fc. NHN\u25baH\u00f6he (Geb\u00e4ude + Mast): 37 m\u25baLivestream 2. VHF 144,800MHz Simplex APRS Digipeater &hellip; <a href=\"https:\/\/www.speckmarschall.de\/?page_id=396\" class=\"more-link\"><span class=\"screen-reader-text\">DB0KL &#8211; Kaiserslautern<\/span> weiterlesen <span class=\"meta-nav\">&rarr;<\/span><\/a><\/p>\n","protected":false},"author":2,"featured_media":0,"parent":1550,"menu_order":20,"comment_status":"closed","ping_status":"closed","template":"","meta":{"footnotes":""},"class_list":["post-396","page","type-page","status-publish","hentry"],"_links":{"self":[{"href":"https:\/\/www.speckmarschall.de\/index.php?rest_route=\/wp\/v2\/pages\/396","targetHints":{"allow":["GET"]}}],"collection":[{"href":"https:\/\/www.speckmarschall.de\/index.php?rest_route=\/wp\/v2\/pages"}],"about":[{"href":"https:\/\/www.speckmarschall.de\/index.php?rest_route=\/wp\/v2\/types\/page"}],"author":[{"embeddable":true,"href":"https:\/\/www.speckmarschall.de\/index.php?rest_route=\/wp\/v2\/users\/2"}],"replies":[{"embeddable":true,"href":"https:\/\/www.speckmarschall.de\/index.php?rest_route=%2Fwp%2Fv2%2Fcomments&post=396"}],"version-history":[{"count":66,"href":"https:\/\/www.speckmarschall.de\/index.php?rest_route=\/wp\/v2\/pages\/396\/revisions"}],"predecessor-version":[{"id":6502,"href":"https:\/\/www.speckmarschall.de\/index.php?rest_route=\/wp\/v2\/pages\/396\/revisions\/6502"}],"up":[{"embeddable":true,"href":"https:\/\/www.speckmarschall.de\/index.php?rest_route=\/wp\/v2\/pages\/1550"}],"wp:attachment":[{"href":"https:\/\/www.speckmarschall.de\/index.php?rest_route=%2Fwp%2Fv2%2Fmedia&parent=396"}],"curies":[{"name":"wp","href":"https:\/\/api.w.org\/{rel}","templated":true}]}}