{"id":4535,"date":"2019-08-16T15:36:33","date_gmt":"2019-08-16T13:36:33","guid":{"rendered":"https:\/\/www.speckmarschall.de\/?page_id=4535"},"modified":"2020-01-03T18:14:51","modified_gmt":"2020-01-03T16:14:51","slug":"do4dw-neumagen-dhron","status":"publish","type":"page","link":"https:\/\/www.speckmarschall.de\/?page_id=4535","title":{"rendered":"DO4DW &#8211; Neumagen-Dhron"},"content":{"rendered":"\n<p>Wie der Betreiber mitteilte wurde die Funkanwendung auf 20 mW begrenzt und steht nicht mehr kontinuierlich als automatisch arbeitende Amateurfunkstation zur Verf\u00fcgung. <br><br><br><br>Chronik anbei<br><\/p>\n\n\n\n<p>R<s>elaisfunkstelle DO4DW &#8211; Neumagen-Dhron<\/s><\/p>\n\n\n\n<ul class=\"wp-block-list\"><li><s>Standort:  Im Hof 22; 54347 Neumagen-Dhron <\/s><\/li><li><s>Locator: JN39ku<\/s><\/li><li><s>Koordinaten: N49.8630, E6.90930<\/s><\/li><li><s>H\u00f6he: 127 m \u00fcber NHN\u00a0 + ca. 8 m Geb\u00e4udeh\u00f6he<\/s><\/li><li><s>Rufzeicheninhaber:  Daniel Wirz (DO4DW)<\/s><\/li><li><s>Technik: openSPOT &#8211; Fa.SharkRF mit Leistungsendstufe<\/s><\/li><li><s>Leistungsendstufe: TYP N\/A <\/s><\/li><li><s>Sendeleistung TX: 9,031 dBW  \u2264  8 Watt <\/s><\/li><li><s>Antenne: Diamond X-30 | Gewinn: 5,5 dB (UHF)<\/s><\/li><li><s>ERP:  \u2264 44 dBd | EIRP  \u2264 72,16 dBi<\/s><\/li><li><s>Status: TDMA ( 12.5\u00a0kHz )<\/s><\/li><li><s>Netwerk: DMR | Brandmeister<\/s><\/li><li><s>Zuteilungsnummer: N\/A<\/s><\/li><li><s>Kanal: N\/A<\/s><\/li><\/ul>\n\n\n\n<figure class=\"wp-block-image\"><a href=\"https:\/\/www.speckmarschall.de\/wcon\/wp-content\/uploads\/2019\/08\/DO4DW.jpg\"><img loading=\"lazy\" decoding=\"async\" width=\"1024\" height=\"555\" src=\"https:\/\/www.speckmarschall.de\/wcon\/wp-content\/uploads\/2019\/08\/DO4DW-1024x555.jpg\" alt=\"\" class=\"wp-image-4542\" srcset=\"https:\/\/www.speckmarschall.de\/wcon\/wp-content\/uploads\/2019\/08\/DO4DW-1024x555.jpg 1024w, https:\/\/www.speckmarschall.de\/wcon\/wp-content\/uploads\/2019\/08\/DO4DW-300x163.jpg 300w, https:\/\/www.speckmarschall.de\/wcon\/wp-content\/uploads\/2019\/08\/DO4DW-768x416.jpg 768w, https:\/\/www.speckmarschall.de\/wcon\/wp-content\/uploads\/2019\/08\/DO4DW.jpg 1703w\" sizes=\"auto, (max-width: 1024px) 100vw, 1024px\" \/><\/a><figcaption>Ausbreitungscharakteristik openSPOT\/SharkRF &#8211; DO4DW Neumagen-Dhron <br>via OpenStreetMap<\/figcaption><\/figure>\n\n\n\n\n\n<p><s>Die digitale Relaisfunkstelle <a href=\"https:\/\/upload.wikimedia.org\/wikipedia\/commons\/0\/06\/Panorama_neumagen_dhron.jpg\">Neumagen-Dhron<\/a> mit dem Rufzeichen DO4DW befinden sich im Osten der Ortsgemeinde Neumagen-Dhron im Landkreis Bernkastel-Wittlich an der Mosel in Rheinland-Pfalz auf 127 Metern \u00fcber NHN. Aufgrund der geographischen Lage ist die Sende- und Empfangscharakteristik stark nach Nordwesten und S\u00fcden ausgepr\u00e4gt. \u00dcber 12 Volt Akkumulatoren l\u00e4sst sich die Relaisfunkstelle autark und somit unabh\u00e4ngig vom kommerziellen Stromnetz betreiben. <br><br> Die wechselnde Betriebsfrequenz l\u00e4sst sich beim Betreiber erfragen. <br><br>Weiteref\u00fchrende Informationen und Bilder zur Relaisfunkstelle unter folgenden externen Links:<\/s><br><br><br><a href=\"https:\/\/www.qrz.com\/db\/do4dw\">https:\/\/www.qrz.com\/db\/do4dw<\/a><br><br><a href=\"https:\/\/scontent-dus1-1.xx.fbcdn.net\/v\/t1.0-9\/61094024_1585035044962605_9050746671184478208_o.jpg?_nc_cat=103&amp;_nc_oc=AQkhpU9HFMjcMU3efRKQWlGMM06yhCks-R97fwpPsZE29zwhsz8n4VWyGLwWhXo3mgzUfnarpV06OB3iJGVTqF8P&amp;_nc_ht=scontent-dus1-1.xx&amp;oh=a214604993c6b05c862462026e8cd637&amp;oe=5DE3D03A\">https:\/\/scontent-dus1-1.xx.fbcdn.net<\/a><br><br><\/p>\n","protected":false},"excerpt":{"rendered":"<p>Wie der Betreiber mitteilte wurde die Funkanwendung auf 20 mW begrenzt und steht nicht mehr kontinuierlich als automatisch arbeitende Amateurfunkstation zur Verf\u00fcgung. Chronik anbei Relaisfunkstelle DO4DW &#8211; Neumagen-Dhron Standort: Im Hof 22; 54347 Neumagen-Dhron Locator: JN39ku Koordinaten: N49.8630, E6.90930 H\u00f6he: 127 m \u00fcber NHN\u00a0 + ca. 8 m Geb\u00e4udeh\u00f6he Rufzeicheninhaber: Daniel Wirz (DO4DW) Technik: openSPOT &hellip; <a href=\"https:\/\/www.speckmarschall.de\/?page_id=4535\" class=\"more-link\"><span class=\"screen-reader-text\">DO4DW &#8211; Neumagen-Dhron<\/span> weiterlesen <span class=\"meta-nav\">&rarr;<\/span><\/a><\/p>\n","protected":false},"author":2,"featured_media":0,"parent":0,"menu_order":0,"comment_status":"closed","ping_status":"closed","template":"","meta":{"footnotes":""},"class_list":["post-4535","page","type-page","status-publish","hentry"],"_links":{"self":[{"href":"https:\/\/www.speckmarschall.de\/index.php?rest_route=\/wp\/v2\/pages\/4535","targetHints":{"allow":["GET"]}}],"collection":[{"href":"https:\/\/www.speckmarschall.de\/index.php?rest_route=\/wp\/v2\/pages"}],"about":[{"href":"https:\/\/www.speckmarschall.de\/index.php?rest_route=\/wp\/v2\/types\/page"}],"author":[{"embeddable":true,"href":"https:\/\/www.speckmarschall.de\/index.php?rest_route=\/wp\/v2\/users\/2"}],"replies":[{"embeddable":true,"href":"https:\/\/www.speckmarschall.de\/index.php?rest_route=%2Fwp%2Fv2%2Fcomments&post=4535"}],"version-history":[{"count":10,"href":"https:\/\/www.speckmarschall.de\/index.php?rest_route=\/wp\/v2\/pages\/4535\/revisions"}],"predecessor-version":[{"id":4920,"href":"https:\/\/www.speckmarschall.de\/index.php?rest_route=\/wp\/v2\/pages\/4535\/revisions\/4920"}],"wp:attachment":[{"href":"https:\/\/www.speckmarschall.de\/index.php?rest_route=%2Fwp%2Fv2%2Fmedia&parent=4535"}],"curies":[{"name":"wp","href":"https:\/\/api.w.org\/{rel}","templated":true}]}}