{"id":472,"date":"2015-07-12T22:53:13","date_gmt":"2015-07-12T20:53:13","guid":{"rendered":"https:\/\/www.speckmarschall.de\/?page_id=472"},"modified":"2026-04-30T23:57:37","modified_gmt":"2026-04-30T21:57:37","slug":"dm0fg","status":"publish","type":"page","link":"https:\/\/www.speckmarschall.de\/?page_id=472","title":{"rendered":"DM0FG &#8211; Wiesloch"},"content":{"rendered":"<h3 style=\"text-align: center;\">Relaisfunkstelle Wiesloch, DM0FG<\/h3>\n<p style=\"text-align: center;\"><span style=\"color: #ff0000;\"><strong>zu Testzwecken wieder in Betrieb genommen worden<\/strong><\/span><\/p>\n<p>Die Relaisfunkstelle ist seit 2018 nur zu Testzwecken in Betrieb.<\/p>\n<hr \/>\n<p><a href=\"https:\/\/hamnetdb.net\/index.cgi?q=dm0fg\" target=\"_blank\" rel=\"noopener noreferrer\">https:\/\/hamnetdb.net\/index.cgi?q=dm0fg<\/a><\/p>\n<hr \/>\n<p>Die Relaisfunkstelle ist demontiert und bleibt vorerst weiterhin au\u00dfer Betrieb EBD, Franz-Rainer Galuski, DB1FG,\u00a0 15-09-2025. Die Relaisfunkstelle befindet sich derzeit in Altlussheim.<\/p>\n<hr \/>\n<p>Die Relaisfunkstelle kann bald in Betrieb genommen werden, berichtet der Funkamateur DO3PC (Stand 12.03.2025 09:47:05MEZ). Der antennentragende Mast st\u00fcnde zur Probe und die Antennenleitungen w\u00fcrden zur Zeit konfiguriert. Die Sende- und Empfangsanlage m\u00fcsste auf einen neuen um 3,5 Meter exponierteren Antennentr\u00e4ger transveriert werden. Die Stromversorgen sei mittlerweile existent.<\/p>\n<p>Die Relaisfunkstelle ist aufgrund technischer Probleme in der Stromversorgung au\u00dfer Betrieb. Die Batteriedichte der Akkumulatoren im geladenen Zustand sei zu gering (Stand 02.02.2018) &#8211; die Relaisfunkstelle bleibt weiterhin au\u00dfer Betrieb (Stand 02.03.2025 de DJ2ZK)<\/p>\n<hr \/>\n<p><span style=\"color: #000000;\">F\u00fcr das Jahr 2018\u00a0 wird das Team um die Relaisfunkstelle DM0FG einen 15 m Mast aufbauen und die Diamond X-200 Vertikalantenne durch eine leistungsf\u00e4higere ersetzen. Zuk\u00fcnftig soll dar\u00fcberhinaus am Standort eine Festbrennstoffheizung aufgebaut werden.<br \/>\n<\/span><\/p>\n<hr \/>\n<p><span style=\"color: #000000;\">Seit Mitte Oktober 2015 ist DM0FG wieder testweise in Betrieb<\/span><br \/>\n<span style=\"color: #000000;\"> Am 28.10.15 wurde die defekte Antennenanlage repariert. Die Sendeleistung betr\u00e4gt zur Zeit &lt;5W PEP.<\/span><br \/>\n<span style=\"color: #000000;\"> Die Stromversorgung wird mit 2x100W PV-Modulen, Laderegler und Autobatterien auf 12V-Basis realisiert.<\/span><\/p>\n<ul>\n<li style=\"list-style-type: none;\">\n<ul>\n<li style=\"text-align: justify;\">Koordinaten: N 49.3088 , E 8.70687<\/li>\n<\/ul>\n<\/li>\n<\/ul>\n<ul>\n<li style=\"list-style-type: none;\">\n<ul>\n<li style=\"text-align: justify;\">Maidenhead Locator: JN49ih<\/li>\n<\/ul>\n<\/li>\n<\/ul>\n<ul>\n<li style=\"list-style-type: none;\">\n<ul>\n<li style=\"text-align: justify;\">Standort: Alter Wasserspeicher der Heil- und Pflegeanstalt Wiesloch (Baden-W\u00fcrttemberg),\u00a0 213 m \u00fc. NHN, ca. 107m \u00fcber der Rheinebene.<\/li>\n<\/ul>\n<\/li>\n<\/ul>\n<ul>\n<li style=\"list-style-type: none;\">\n<ul>\n<li style=\"text-align: justify;\">Frequenzbereiche:\n<ol>\n<li>UHF 439,3625 MHz; -7,6 MHz Ablage; Sprachrepeater;<br \/>\nMod. F3E -&gt; <strong><a href=\"https:\/\/www.speckmarschall.de\/?page_id=389\" target=\"_blank\" rel=\"noopener noreferrer\">Livestream\u00a0\u00a0\u00a0 <\/a><\/strong><\/li>\n<li><span style=\"color: #000000;\">VHF 144,800 MHz, Simplex; 1k2, APRS Digipeater <span style=\"color: #ff9900;\">(zur Zeit <\/span><\/span><span style=\"color: #000000;\"><span style=\"color: #ff9900;\">au\u00dfer Betrieb)<\/span><br \/>\n<\/span><\/li>\n<li>SHF &#8211; 5 GHz Hamnetknoten zu DB0AAI (geplant)<br \/>\n(Stand 22.04.17)<\/li>\n<\/ol>\n<\/li>\n<\/ul>\n<\/li>\n<\/ul>\n<ul>\n<li style=\"list-style-type: none;\">\n<ul>\n<li style=\"text-align: justify;\">Rufzeichen DM0FG<\/li>\n<li>Antenne: Diamond X-200<\/li>\n<li>Mast: Antennenmast aus BW-Bestand<\/li>\n<\/ul>\n<\/li>\n<\/ul>\n<ul>\n<li style=\"list-style-type: none;\">\n<ul>\n<li style=\"text-align: justify;\">Steuerung:\u00a0 Raspberry Pi<\/li>\n<\/ul>\n<\/li>\n<\/ul>\n<ul>\n<li style=\"text-align: justify;\">Rufzeicheninhaber: Franz-Rainer Galuski, DB1FG<\/li>\n<\/ul>\n<p>DM0FG im Sommer 2016<br \/>\n<a href=\"https:\/\/www.speckmarschall.de\/wcon\/wp-content\/uploads\/2015\/07\/IMG_5125.jpg\"><img loading=\"lazy\" decoding=\"async\" class=\"alignnone size-large wp-image-2135\" src=\"https:\/\/www.speckmarschall.de\/wcon\/wp-content\/uploads\/2015\/07\/IMG_5125-1024x683.jpg\" alt=\"IMG_5125\" width=\"474\" height=\"316\" srcset=\"https:\/\/www.speckmarschall.de\/wcon\/wp-content\/uploads\/2015\/07\/IMG_5125-1024x683.jpg 1024w, https:\/\/www.speckmarschall.de\/wcon\/wp-content\/uploads\/2015\/07\/IMG_5125-300x200.jpg 300w, https:\/\/www.speckmarschall.de\/wcon\/wp-content\/uploads\/2015\/07\/IMG_5125-768x512.jpg 768w\" sizes=\"auto, (max-width: 474px) 100vw, 474px\" \/><\/a><\/p>\n<p><a href=\"https:\/\/www.speckmarschall.de\/wcon\/wp-content\/uploads\/2015\/07\/IMG_5142.jpg\"><img loading=\"lazy\" decoding=\"async\" class=\"alignnone size-large wp-image-2136\" src=\"https:\/\/www.speckmarschall.de\/wcon\/wp-content\/uploads\/2015\/07\/IMG_5142-1024x683.jpg\" alt=\"IMG_5142\" width=\"474\" height=\"316\" srcset=\"https:\/\/www.speckmarschall.de\/wcon\/wp-content\/uploads\/2015\/07\/IMG_5142-1024x683.jpg 1024w, https:\/\/www.speckmarschall.de\/wcon\/wp-content\/uploads\/2015\/07\/IMG_5142-300x200.jpg 300w, https:\/\/www.speckmarschall.de\/wcon\/wp-content\/uploads\/2015\/07\/IMG_5142-768x512.jpg 768w\" sizes=\"auto, (max-width: 474px) 100vw, 474px\" \/><\/a><\/p>\n<p><a href=\"https:\/\/www.speckmarschall.de\/wcon\/wp-content\/uploads\/2015\/07\/IMG_5152.jpg\"><img loading=\"lazy\" decoding=\"async\" class=\"alignnone size-large wp-image-2137\" src=\"https:\/\/www.speckmarschall.de\/wcon\/wp-content\/uploads\/2015\/07\/IMG_5152-1024x683.jpg\" alt=\"IMG_5152\" width=\"474\" height=\"316\" srcset=\"https:\/\/www.speckmarschall.de\/wcon\/wp-content\/uploads\/2015\/07\/IMG_5152-1024x683.jpg 1024w, https:\/\/www.speckmarschall.de\/wcon\/wp-content\/uploads\/2015\/07\/IMG_5152-300x200.jpg 300w, https:\/\/www.speckmarschall.de\/wcon\/wp-content\/uploads\/2015\/07\/IMG_5152-768x512.jpg 768w\" sizes=\"auto, (max-width: 474px) 100vw, 474px\" \/><\/a><\/p>\n<p><strong>Allgemeine Informationen:<\/strong><\/p>\n<p>Die Relaisfunkstelle DM0FG befindet sich auf einem westlichen Ausl\u00e4ufer des Kraichgaus auf 213 m \u00fcber dem Meeresspiegel auf dem Wilhelmsberg, im alten Wasserspeicher\/Hochbeh\u00e4lter der Stadt Wiesloch. Dieser befindet sich im Norden Wieslochs, oberhalb des Psychiatrischen Zentrum Nordbaden (PZN).<br \/>\n<span style=\"color: #000000;\">Der im Jahre 2005 stillgelegte Wasserspeicher beherbergt neben dem Sprachrepeater DM0FG einen APRS Digipeater und die Clubstation DF0OH des OV A39 Wiesloch-Walldorf.<\/span><\/p>\n<figure id=\"attachment_755\" aria-describedby=\"caption-attachment-755\" style=\"width: 1625px\" class=\"wp-caption alignnone\"><a href=\"https:\/\/www.speckmarschall.de\/wcon\/wp-content\/uploads\/2015\/07\/DM0FG-Relais.jpg\"><img loading=\"lazy\" decoding=\"async\" class=\"wp-image-755 size-full\" src=\"https:\/\/www.speckmarschall.de\/wcon\/wp-content\/uploads\/2015\/07\/DM0FG-Relais.jpg\" alt=\"DM0FG Relais\" width=\"1625\" height=\"1675\" srcset=\"https:\/\/www.speckmarschall.de\/wcon\/wp-content\/uploads\/2015\/07\/DM0FG-Relais.jpg 1625w, https:\/\/www.speckmarschall.de\/wcon\/wp-content\/uploads\/2015\/07\/DM0FG-Relais-291x300.jpg 291w, https:\/\/www.speckmarschall.de\/wcon\/wp-content\/uploads\/2015\/07\/DM0FG-Relais-993x1024.jpg 993w\" sizes=\"auto, (max-width: 1625px) 100vw, 1625px\" \/><\/a><figcaption id=\"caption-attachment-755\" class=\"wp-caption-text\">DM0FG Relais-Hardware &amp; APRS-Digipeater nach DB1FG<\/figcaption><\/figure>\n<p><iframe loading=\"lazy\" src=\"https:\/\/www.speckmarschall.de\/bier\/DM0FG.html\" width=\"600\" height=\"450\" frameborder=\"0\"><\/iframe><\/p>\n<p><span style=\"color: #000000;\">Seit Anfang Mai<\/span> 2015 hat die Stadtverwaltung die Stromversorgung f\u00fcr das OV-Gel\u00e4nde gekappt. Grund daf\u00fcr waren marode Stromleitungen, die bei starken Niederschl\u00e4gen Kurzschl\u00fcsse verursachten.<br \/>\nZur Zeit wird die Clubstation sowie der Repeater nur im Notbetrieb unterhalten. Um im Not- oder Kriesenfall trotzdem die Kommunikation in der Region aufrecht zu erhalten bem\u00fchen sich die Mitglieder des Ortsverbandes, stets gen\u00fcgend geladene Akkumulatoren vorzuhalten. Erg\u00e4nzend dazu steht noch ein 3,7 kVA Diesel Generator zur Verf\u00fcgung, der im Notfall unterst\u00fctzend hinzugeschaltet werden kann.<br \/>\nMittlerweile wurde ein nachhaltiges Energiekonzept erarbeitet, das zuk\u00fcnftig zuverl\u00e4ssig und autark den Energiebedarf ganzj\u00e4hrig decken soll. Neben einer Photovoltaikanlage ist f\u00fcr n\u00e4chtliche Ladezyklen eine Windkraftanlage eingeplant. Informationen dazu findet man auf der Internetpr\u00e4senz des <a href=\"http:\/\/www.darc.de\/distrikte\/a\/39\/autarke-stromversorgung\/\" target=\"_blank\" rel=\"noopener noreferrer\">OV A39<\/a>.<\/p>\n<p><span style=\"color: #000000;\">Hier kann man den Ortsverband A39 in seinem beispielhaften und nachahmungswerten Vorhaben unterst\u00fctzen:\u00a0<\/span> <a href=\"https:\/\/www.betterplace.org\/de\/projects\/26906?utm_campaign=ShortURLs&amp;utm_medium=project_26906&amp;utm_source=PlainShortURL\">https:\/\/www.betterplace.org\/<\/a><\/p>\n<figure id=\"attachment_543\" aria-describedby=\"caption-attachment-543\" style=\"width: 1280px\" class=\"wp-caption alignnone\"><a href=\"https:\/\/www.speckmarschall.de\/wcon\/wp-content\/uploads\/2015\/07\/DM0FG-.jpg\"><img loading=\"lazy\" decoding=\"async\" class=\"wp-image-543 size-full\" src=\"https:\/\/www.speckmarschall.de\/wcon\/wp-content\/uploads\/2015\/07\/DM0FG-.jpg\" alt=\"DM0FG\" width=\"1280\" height=\"853\" srcset=\"https:\/\/www.speckmarschall.de\/wcon\/wp-content\/uploads\/2015\/07\/DM0FG-.jpg 1280w, https:\/\/www.speckmarschall.de\/wcon\/wp-content\/uploads\/2015\/07\/DM0FG--300x200.jpg 300w, https:\/\/www.speckmarschall.de\/wcon\/wp-content\/uploads\/2015\/07\/DM0FG--1024x682.jpg 1024w\" sizes=\"auto, (max-width: 1280px) 100vw, 1280px\" \/><\/a><figcaption id=\"caption-attachment-543\" class=\"wp-caption-text\">Ehemaliger Wasserspeicher der Stadt Wiesloch (2005 stillgelegt) Clubstation A39 OV Wiesloch-Walldorf und Relaisstandort DM0FG<\/figcaption><\/figure>\n<figure id=\"attachment_544\" aria-describedby=\"caption-attachment-544\" style=\"width: 2000px\" class=\"wp-caption alignnone\"><a href=\"https:\/\/www.speckmarschall.de\/wcon\/wp-content\/uploads\/2015\/07\/DM0FG-Blick-nach-Westen.jpg\"><img loading=\"lazy\" decoding=\"async\" class=\"wp-image-544 size-full\" src=\"https:\/\/www.speckmarschall.de\/wcon\/wp-content\/uploads\/2015\/07\/DM0FG-Blick-nach-Westen.jpg\" alt=\"DM0FG Blick nach Westen\" width=\"2000\" height=\"681\" srcset=\"https:\/\/www.speckmarschall.de\/wcon\/wp-content\/uploads\/2015\/07\/DM0FG-Blick-nach-Westen.jpg 2000w, https:\/\/www.speckmarschall.de\/wcon\/wp-content\/uploads\/2015\/07\/DM0FG-Blick-nach-Westen-300x102.jpg 300w, https:\/\/www.speckmarschall.de\/wcon\/wp-content\/uploads\/2015\/07\/DM0FG-Blick-nach-Westen-1024x349.jpg 1024w\" sizes=\"auto, (max-width: 2000px) 100vw, 2000px\" \/><\/a><figcaption id=\"caption-attachment-544\" class=\"wp-caption-text\">Blick Richtung S\u00fcdwesten (unterhalb des Relais)<\/figcaption><\/figure>\n<figure id=\"attachment_545\" aria-describedby=\"caption-attachment-545\" style=\"width: 1280px\" class=\"wp-caption alignnone\"><a href=\"https:\/\/www.speckmarschall.de\/wcon\/wp-content\/uploads\/2015\/07\/DM0FG-Station.jpg\"><img loading=\"lazy\" decoding=\"async\" class=\"wp-image-545 size-full\" src=\"https:\/\/www.speckmarschall.de\/wcon\/wp-content\/uploads\/2015\/07\/DM0FG-Station.jpg\" alt=\"DM0FG Station\" width=\"1280\" height=\"853\" srcset=\"https:\/\/www.speckmarschall.de\/wcon\/wp-content\/uploads\/2015\/07\/DM0FG-Station.jpg 1280w, https:\/\/www.speckmarschall.de\/wcon\/wp-content\/uploads\/2015\/07\/DM0FG-Station-300x200.jpg 300w, https:\/\/www.speckmarschall.de\/wcon\/wp-content\/uploads\/2015\/07\/DM0FG-Station-1024x682.jpg 1024w\" sizes=\"auto, (max-width: 1280px) 100vw, 1280px\" \/><\/a><figcaption id=\"caption-attachment-545\" class=\"wp-caption-text\">Blick auf den Wasserspeicher<\/figcaption><\/figure>\n<figure id=\"attachment_546\" aria-describedby=\"caption-attachment-546\" style=\"width: 853px\" class=\"wp-caption alignnone\"><a href=\"https:\/\/www.speckmarschall.de\/wcon\/wp-content\/uploads\/2015\/07\/DM0FG-UKW-Antennen.jpg\"><img loading=\"lazy\" decoding=\"async\" class=\"wp-image-546 size-full\" src=\"https:\/\/www.speckmarschall.de\/wcon\/wp-content\/uploads\/2015\/07\/DM0FG-UKW-Antennen.jpg\" alt=\"DM0FG UKW Antennen\" width=\"853\" height=\"1280\" srcset=\"https:\/\/www.speckmarschall.de\/wcon\/wp-content\/uploads\/2015\/07\/DM0FG-UKW-Antennen.jpg 853w, https:\/\/www.speckmarschall.de\/wcon\/wp-content\/uploads\/2015\/07\/DM0FG-UKW-Antennen-200x300.jpg 200w, https:\/\/www.speckmarschall.de\/wcon\/wp-content\/uploads\/2015\/07\/DM0FG-UKW-Antennen-682x1024.jpg 682w\" sizes=\"auto, (max-width: 853px) 100vw, 853px\" \/><\/a><figcaption id=\"caption-attachment-546\" class=\"wp-caption-text\">Antennenanlage<\/figcaption><\/figure>\n<figure id=\"attachment_547\" aria-describedby=\"caption-attachment-547\" style=\"width: 2000px\" class=\"wp-caption alignnone\"><a href=\"https:\/\/www.speckmarschall.de\/wcon\/wp-content\/uploads\/2015\/07\/k-DM0FG-\u00dcberblick.jpg\"><img loading=\"lazy\" decoding=\"async\" class=\"wp-image-547 size-full\" src=\"https:\/\/www.speckmarschall.de\/wcon\/wp-content\/uploads\/2015\/07\/k-DM0FG-\u00dcberblick.jpg\" alt=\"k-DM0FG \u00dcberblick\" width=\"2000\" height=\"1279\" srcset=\"https:\/\/www.speckmarschall.de\/wcon\/wp-content\/uploads\/2015\/07\/k-DM0FG-\u00dcberblick.jpg 2000w, https:\/\/www.speckmarschall.de\/wcon\/wp-content\/uploads\/2015\/07\/k-DM0FG-\u00dcberblick-300x192.jpg 300w, https:\/\/www.speckmarschall.de\/wcon\/wp-content\/uploads\/2015\/07\/k-DM0FG-\u00dcberblick-1024x655.jpg 1024w\" sizes=\"auto, (max-width: 2000px) 100vw, 2000px\" \/><\/a><figcaption id=\"caption-attachment-547\" class=\"wp-caption-text\">Blick vom alten Pumpenhaus auf das OV-Gel\u00e4nde<\/figcaption><\/figure>\n<figure id=\"attachment_548\" aria-describedby=\"caption-attachment-548\" style=\"width: 2000px\" class=\"wp-caption alignnone\"><a href=\"https:\/\/www.speckmarschall.de\/wcon\/wp-content\/uploads\/2015\/07\/k-DM0FG-Wasserspeicher.jpg\"><img loading=\"lazy\" decoding=\"async\" class=\"wp-image-548 size-full\" src=\"https:\/\/www.speckmarschall.de\/wcon\/wp-content\/uploads\/2015\/07\/k-DM0FG-Wasserspeicher.jpg\" alt=\"k-DM0FG Wasserspeicher\" width=\"2000\" height=\"665\" srcset=\"https:\/\/www.speckmarschall.de\/wcon\/wp-content\/uploads\/2015\/07\/k-DM0FG-Wasserspeicher.jpg 2000w, https:\/\/www.speckmarschall.de\/wcon\/wp-content\/uploads\/2015\/07\/k-DM0FG-Wasserspeicher-300x100.jpg 300w, https:\/\/www.speckmarschall.de\/wcon\/wp-content\/uploads\/2015\/07\/k-DM0FG-Wasserspeicher-1024x340.jpg 1024w\" sizes=\"auto, (max-width: 2000px) 100vw, 2000px\" \/><\/a><figcaption id=\"caption-attachment-548\" class=\"wp-caption-text\">Rundblick vom alten Pumpenhaus<\/figcaption><\/figure>\n<figure id=\"attachment_474\" aria-describedby=\"caption-attachment-474\" style=\"width: 474px\" class=\"wp-caption alignnone\"><a href=\"https:\/\/www.speckmarschall.de\/wcon\/wp-content\/uploads\/2015\/07\/2.jpg\"><img loading=\"lazy\" decoding=\"async\" class=\"wp-image-474\" src=\"https:\/\/www.speckmarschall.de\/wcon\/wp-content\/uploads\/2015\/07\/2.jpg\" alt=\"2\" width=\"474\" height=\"439\" srcset=\"https:\/\/www.speckmarschall.de\/wcon\/wp-content\/uploads\/2015\/07\/2.jpg 2176w, https:\/\/www.speckmarschall.de\/wcon\/wp-content\/uploads\/2015\/07\/2-300x278.jpg 300w, https:\/\/www.speckmarschall.de\/wcon\/wp-content\/uploads\/2015\/07\/2-1024x949.jpg 1024w\" sizes=\"auto, (max-width: 474px) 100vw, 474px\" \/><\/a><figcaption id=\"caption-attachment-474\" class=\"wp-caption-text\">Alter Wasserspeicher der Heil- &amp; Pflegeanstalt Wiesloch (von 1905), dahinter der ehemalige Wasserspeicher der Stadt Wiesloch (siehe oben)<\/figcaption><\/figure>\n<figure id=\"attachment_473\" aria-describedby=\"caption-attachment-473\" style=\"width: 8192px\" class=\"wp-caption alignnone\"><a href=\"https:\/\/www.speckmarschall.de\/wcon\/wp-content\/uploads\/2015\/07\/DM0FG.jpg\"><img loading=\"lazy\" decoding=\"async\" class=\"wp-image-473 size-full\" src=\"https:\/\/www.speckmarschall.de\/wcon\/wp-content\/uploads\/2015\/07\/DM0FG.jpg\" alt=\"DM0FG\" width=\"8192\" height=\"2772\" srcset=\"https:\/\/www.speckmarschall.de\/wcon\/wp-content\/uploads\/2015\/07\/DM0FG.jpg 8192w, https:\/\/www.speckmarschall.de\/wcon\/wp-content\/uploads\/2015\/07\/DM0FG-300x102.jpg 300w, https:\/\/www.speckmarschall.de\/wcon\/wp-content\/uploads\/2015\/07\/DM0FG-1024x347.jpg 1024w\" sizes=\"auto, (max-width: 8192px) 100vw, 8192px\" \/><\/a><figcaption id=\"caption-attachment-473\" class=\"wp-caption-text\">Blick auf die Rheinebene unterhalb des Relais (204 m \u00fc. NHN)<\/figcaption><\/figure>\n<figure id=\"attachment_477\" aria-describedby=\"caption-attachment-477\" style=\"width: 5192px\" class=\"wp-caption alignnone\"><a href=\"https:\/\/www.speckmarschall.de\/wcon\/wp-content\/uploads\/2015\/07\/6.jpg\"><img loading=\"lazy\" decoding=\"async\" class=\"wp-image-477 size-full\" src=\"https:\/\/www.speckmarschall.de\/wcon\/wp-content\/uploads\/2015\/07\/6.jpg\" alt=\"6\" width=\"5192\" height=\"2516\" srcset=\"https:\/\/www.speckmarschall.de\/wcon\/wp-content\/uploads\/2015\/07\/6.jpg 5192w, https:\/\/www.speckmarschall.de\/wcon\/wp-content\/uploads\/2015\/07\/6-300x145.jpg 300w, https:\/\/www.speckmarschall.de\/wcon\/wp-content\/uploads\/2015\/07\/6-1024x496.jpg 1024w\" sizes=\"auto, (max-width: 5192px) 100vw, 5192px\" \/><\/a><figcaption id=\"caption-attachment-477\" class=\"wp-caption-text\">Blick auf das Relais aus Richtung Rauenberg (202 m \u00fc. NHN)<\/figcaption><\/figure>\n<p><a href=\"https:\/\/www.speckmarschall.de\/wcon\/wp-content\/uploads\/2015\/07\/22.jpg\"><img loading=\"lazy\" decoding=\"async\" class=\"alignnone wp-image-478 size-full\" src=\"https:\/\/www.speckmarschall.de\/wcon\/wp-content\/uploads\/2015\/07\/22.jpg\" alt=\"22\" width=\"10565\" height=\"816\" srcset=\"https:\/\/www.speckmarschall.de\/wcon\/wp-content\/uploads\/2015\/07\/22.jpg 10565w, https:\/\/www.speckmarschall.de\/wcon\/wp-content\/uploads\/2015\/07\/22-300x23.jpg 300w, https:\/\/www.speckmarschall.de\/wcon\/wp-content\/uploads\/2015\/07\/22-1024x79.jpg 1024w\" sizes=\"auto, (max-width: 10565px) 100vw, 10565px\" \/><\/a><\/p>\n<p>weiterf\u00fchrende Informationen zu diesem Thema unter:<\/p>\n<p>Internetpr\u00e4senz DARC Ortsverband Wiesloch-Walldorf (A39) e.V. &#8211; Notfunkstelle S\u00fcdwest (IuK\/AFu)<br \/>\n<a href=\"http:\/\/www.darc.de\/distrikte\/a\/39\/\" target=\"_blank\" rel=\"noopener noreferrer\">http:\/\/www.darc.de\/distrikte\/a\/39\/<\/a><\/p>\n<p>Hilfsprojekt &#8222;Autarke Stromversorgung f\u00fcr Notfunkstationen&#8220;<br \/>\n<a href=\"https:\/\/www.betterplace.org\/de\/projects\/26906?utm_campaign=ShortURLs&amp;utm_medium=project_26906&amp;utm_source=PlainShortURL\" target=\"_blank\" rel=\"noopener noreferrer\">https:\/\/www.betterplace.org\/<\/a><\/p>\n<p>Internetpr\u00e4senz Notfunk in Deutschland<br \/>\n<a href=\"http:\/\/notfunk-deutschland.de\/\" target=\"_blank\" rel=\"noopener noreferrer\">http:\/\/notfunk-deutschland.de\/<\/a><\/p>\n<p>Internetpr\u00e4senz\u00a0 Notfunkreferat des DARC<br \/>\n<a href=\"http:\/\/www.darc.de\/referate\/notfunk\/\" target=\"_blank\" rel=\"noopener noreferrer\">http:\/\/www.darc.de\/referate\/notfunk\/<\/a><\/p>\n<p style=\"text-align: right;\">\u00a0(ctz)<\/p>\n","protected":false},"excerpt":{"rendered":"<p>Relaisfunkstelle Wiesloch, DM0FG zu Testzwecken wieder in Betrieb genommen worden Die Relaisfunkstelle ist seit 2018 nur zu Testzwecken in Betrieb. https:\/\/hamnetdb.net\/index.cgi?q=dm0fg Die Relaisfunkstelle ist demontiert und bleibt vorerst weiterhin au\u00dfer Betrieb EBD, Franz-Rainer Galuski, DB1FG,\u00a0 15-09-2025. Die Relaisfunkstelle befindet sich derzeit in Altlussheim. Die Relaisfunkstelle kann bald in Betrieb genommen werden, berichtet der Funkamateur DO3PC &hellip; <a href=\"https:\/\/www.speckmarschall.de\/?page_id=472\" class=\"more-link\"><span class=\"screen-reader-text\">DM0FG &#8211; Wiesloch<\/span> weiterlesen <span class=\"meta-nav\">&rarr;<\/span><\/a><\/p>\n","protected":false},"author":2,"featured_media":0,"parent":1550,"menu_order":80,"comment_status":"closed","ping_status":"closed","template":"","meta":{"footnotes":""},"class_list":["post-472","page","type-page","status-publish","hentry"],"_links":{"self":[{"href":"https:\/\/www.speckmarschall.de\/index.php?rest_route=\/wp\/v2\/pages\/472","targetHints":{"allow":["GET"]}}],"collection":[{"href":"https:\/\/www.speckmarschall.de\/index.php?rest_route=\/wp\/v2\/pages"}],"about":[{"href":"https:\/\/www.speckmarschall.de\/index.php?rest_route=\/wp\/v2\/types\/page"}],"author":[{"embeddable":true,"href":"https:\/\/www.speckmarschall.de\/index.php?rest_route=\/wp\/v2\/users\/2"}],"replies":[{"embeddable":true,"href":"https:\/\/www.speckmarschall.de\/index.php?rest_route=%2Fwp%2Fv2%2Fcomments&post=472"}],"version-history":[{"count":62,"href":"https:\/\/www.speckmarschall.de\/index.php?rest_route=\/wp\/v2\/pages\/472\/revisions"}],"predecessor-version":[{"id":7912,"href":"https:\/\/www.speckmarschall.de\/index.php?rest_route=\/wp\/v2\/pages\/472\/revisions\/7912"}],"up":[{"embeddable":true,"href":"https:\/\/www.speckmarschall.de\/index.php?rest_route=\/wp\/v2\/pages\/1550"}],"wp:attachment":[{"href":"https:\/\/www.speckmarschall.de\/index.php?rest_route=%2Fwp%2Fv2%2Fmedia&parent=472"}],"curies":[{"name":"wp","href":"https:\/\/api.w.org\/{rel}","templated":true}]}}