{"id":5119,"date":"2020-07-22T15:42:59","date_gmt":"2020-07-22T13:42:59","guid":{"rendered":"https:\/\/www.speckmarschall.de\/?page_id=5119"},"modified":"2024-05-19T19:29:50","modified_gmt":"2024-05-19T17:29:50","slug":"transmittierende-transmissivitaet","status":"publish","type":"page","link":"https:\/\/www.speckmarschall.de\/?page_id=5119","title":{"rendered":"Transmittierende Transmissivit\u00e4t"},"content":{"rendered":"\n<p><\/p>\n\n\n\n<p><\/p>\n\n\n\n<p><\/p>\n\n\n\n<p>Transmissibilit\u00e4t somatischer Permeabilit\u00e4t translatierende Transmissionen und deren Erzeugung<\/p>\n\n\n\n<figure class=\"wp-block-image size-large\"><img loading=\"lazy\" decoding=\"async\" width=\"1024\" height=\"307\" src=\"https:\/\/www.speckmarschall.de\/wcon\/wp-content\/uploads\/2020\/07\/Speckmarschall-EMV--1024x307.png\" alt=\"\" class=\"wp-image-5187\" srcset=\"https:\/\/www.speckmarschall.de\/wcon\/wp-content\/uploads\/2020\/07\/Speckmarschall-EMV--1024x307.png 1024w, https:\/\/www.speckmarschall.de\/wcon\/wp-content\/uploads\/2020\/07\/Speckmarschall-EMV--300x90.png 300w, https:\/\/www.speckmarschall.de\/wcon\/wp-content\/uploads\/2020\/07\/Speckmarschall-EMV--768x230.png 768w, https:\/\/www.speckmarschall.de\/wcon\/wp-content\/uploads\/2020\/07\/Speckmarschall-EMV--1536x461.png 1536w, https:\/\/www.speckmarschall.de\/wcon\/wp-content\/uploads\/2020\/07\/Speckmarschall-EMV--2048x614.png 2048w\" sizes=\"auto, (max-width: 1024px) 100vw, 1024px\" \/><\/figure>\n\n\n\n<p>Abstract<br><br><\/p>\n\n\n\n<p><strong>Problemstellung: <\/strong><\/p>\n\n\n\n<p><br>Energetisieren von Stoffen gerade im Bereich der Nahrungsmittelveredelung und deren Umsetzung st\u00f6\u00dft jeher auf geringes technisches Verst\u00e4ndnis bei Umsetzung, Anwendung und Konsum [I].<br><br><br>[I] <a rel=\"noreferrer noopener\" href=\"https:\/\/www.darc.de\/der-club\/referate\/emv\/\" target=\"_blank\">https:\/\/www.darc.de<\/a><br>[II] <a href=\"https:\/\/www.dj5ar.de\/?p=3581\">https:\/\/www.dj5ar.de<\/a><\/p>\n\n\n\n<pre class=\"wp-block-preformatted\">Nachtrag 12.03.2021\n\nWie nun unl\u00e4ngst kommuniziert wurde, verbietet die Bundesnetzagentur nun den Verkauf und Nutzung von Wasservitalisierern [\u21ab] [\u21ac] (Stand 12.03.2021)\n\n[\u21ab]  <a rel=\"noreferrer noopener\" href=\"https:\/\/www.bundesnetzagentur.de\/SharedDocs\/Downloads\/DE\/Allgemeines\/Presse\/Pressemitteilungen\/2021\/20210312_Wasservitalisierer_Bilder.html\" target=\"_blank\" data-type=\"URL\">https:\/\/www.bundesnetzagentur.de<\/a>\n[\u21ac] <a rel=\"noreferrer noopener\" href=\"https:\/\/www.bundesnetzagentur.de\/SharedDocs\/Pressemitteilungen\/DE\/2021\/20210312_Wasservitalisierer.html?nn=265778&amp;fbclid=IwAR29DnCO5sXA6IItZzq-D936ZtOK4-454Zplb42OFsLS0DV1RTd_u-OtgVI\" target=\"_blank\">https:\/\/www.bundesnetzagentur.de<\/a>\n\nDas nachfolgende Abstract bezieht sich auf alternative Fluide-Lebensmittel-Vitalisierer dessen Anwendung je nach k\u00f6rperlicher und geistiger Gr\u00f6\u00dfe sowie Zulassung f\u00fcr jeweilige Funkdienste ein legale Alternative darstellt.\n<\/pre>\n\n\n\n<p><\/p>\n\n\n\n<p><\/p>\n\n\n\n<p><strong>Identifikation des Problems<\/strong><br><\/p>\n\n\n\n<p>Zur Steigerung der Effizienz hinsichtlich der Wirtschaftlichkeit und Wirksamkeit der Reproduktion und Anwendung bedarf es der Beachtung der Physik. Wie bereits in [I] beschrieben werden bisherige kommerzielle elektromagnetische Anwendungen auf einen Frequenzbereich von 144015000 Hz referenziert. <br><br>Es gilt: <\/p>\n\n\n\n<figure class=\"wp-block-image size-large\"><img loading=\"lazy\" decoding=\"async\" width=\"93\" height=\"85\" src=\"https:\/\/www.speckmarschall.de\/wcon\/wp-content\/uploads\/2020\/07\/grafik-1.png\" alt=\"\" class=\"wp-image-5124\"\/><figcaption class=\"wp-element-caption\">[II]<\/figcaption><\/figure>\n\n\n\n<p>mit<\/p>\n\n\n\n<figure class=\"wp-block-image size-large\"><img loading=\"lazy\" decoding=\"async\" width=\"327\" height=\"37\" src=\"https:\/\/www.speckmarschall.de\/wcon\/wp-content\/uploads\/2020\/07\/grafik-2.png\" alt=\"\" class=\"wp-image-5125\" srcset=\"https:\/\/www.speckmarschall.de\/wcon\/wp-content\/uploads\/2020\/07\/grafik-2.png 327w, https:\/\/www.speckmarschall.de\/wcon\/wp-content\/uploads\/2020\/07\/grafik-2-300x34.png 300w\" sizes=\"auto, (max-width: 327px) 100vw, 327px\" \/><figcaption class=\"wp-element-caption\">[III]<\/figcaption><\/figure>\n\n\n\n<figure class=\"wp-block-image size-large\"><img loading=\"lazy\" decoding=\"async\" width=\"199\" height=\"49\" src=\"https:\/\/www.speckmarschall.de\/wcon\/wp-content\/uploads\/2020\/07\/grafik-3.png\" alt=\"\" class=\"wp-image-5126\"\/><figcaption class=\"wp-element-caption\">[IV]<\/figcaption><\/figure>\n\n\n\n<figure class=\"wp-block-image size-large is-resized\"><img loading=\"lazy\" decoding=\"async\" width=\"169\" height=\"44\" src=\"https:\/\/www.speckmarschall.de\/wcon\/wp-content\/uploads\/2020\/07\/grafik-4.png\" alt=\"\" class=\"wp-image-5127\" style=\"width:169px;height:44px\"\/><figcaption class=\"wp-element-caption\">[V]<\/figcaption><\/figure>\n\n\n\n<p>mit<\/p>\n\n\n\n<figure class=\"wp-block-image size-large\"><img loading=\"lazy\" decoding=\"async\" width=\"92\" height=\"75\" src=\"https:\/\/www.speckmarschall.de\/wcon\/wp-content\/uploads\/2020\/07\/grafik-5.png\" alt=\"\" class=\"wp-image-5128\"\/><figcaption class=\"wp-element-caption\">[VI]<\/figcaption><\/figure>\n\n\n\n<p>mit<\/p>\n\n\n\n<figure class=\"wp-block-image size-large\"><img loading=\"lazy\" decoding=\"async\" width=\"238\" height=\"47\" src=\"https:\/\/www.speckmarschall.de\/wcon\/wp-content\/uploads\/2020\/07\/grafik-6.png\" alt=\"\" class=\"wp-image-5129\"\/><figcaption class=\"wp-element-caption\">[VII]<\/figcaption><\/figure>\n\n\n\n<p>sowie<\/p>\n\n\n\n<figure class=\"wp-block-image size-large\"><img loading=\"lazy\" decoding=\"async\" width=\"107\" height=\"82\" src=\"https:\/\/www.speckmarschall.de\/wcon\/wp-content\/uploads\/2020\/07\/grafik-7.png\" alt=\"\" class=\"wp-image-5130\"\/><figcaption class=\"wp-element-caption\">[VIII]<\/figcaption><\/figure>\n\n\n\n<p>mit <\/p>\n\n\n\n<figure class=\"wp-block-image size-large\"><img loading=\"lazy\" decoding=\"async\" width=\"220\" height=\"36\" src=\"https:\/\/www.speckmarschall.de\/wcon\/wp-content\/uploads\/2020\/07\/grafik-9.png\" alt=\"\" class=\"wp-image-5132\"\/><figcaption class=\"wp-element-caption\">[IX]<\/figcaption><\/figure>\n\n\n\n<figure class=\"wp-block-image size-large is-resized\"><img loading=\"lazy\" decoding=\"async\" width=\"265\" height=\"68\" src=\"https:\/\/www.speckmarschall.de\/wcon\/wp-content\/uploads\/2020\/07\/grafik-12.png\" alt=\"\" class=\"wp-image-5135\" style=\"width:265px;height:68px\"\/><figcaption class=\"wp-element-caption\">[X]<\/figcaption><\/figure>\n\n\n\n<p>bzw: <br><\/p>\n\n\n\n<figure class=\"wp-block-image size-large\"><img loading=\"lazy\" decoding=\"async\" width=\"101\" height=\"71\" src=\"https:\/\/www.speckmarschall.de\/wcon\/wp-content\/uploads\/2020\/07\/grafik-10.png\" alt=\"\" class=\"wp-image-5133\"\/><figcaption class=\"wp-element-caption\">[XI]<\/figcaption><\/figure>\n\n\n\n<p>mit <\/p>\n\n\n\n<figure class=\"wp-block-image size-large\"><img loading=\"lazy\" decoding=\"async\" width=\"217\" height=\"48\" src=\"https:\/\/www.speckmarschall.de\/wcon\/wp-content\/uploads\/2020\/07\/grafik-11.png\" alt=\"\" class=\"wp-image-5134\"\/><figcaption class=\"wp-element-caption\">[XII]<\/figcaption><\/figure>\n\n\n\n<figure class=\"wp-block-image size-large\"><img loading=\"lazy\" decoding=\"async\" width=\"465\" height=\"67\" src=\"https:\/\/www.speckmarschall.de\/wcon\/wp-content\/uploads\/2020\/07\/grafik-14.png\" alt=\"\" class=\"wp-image-5138\" srcset=\"https:\/\/www.speckmarschall.de\/wcon\/wp-content\/uploads\/2020\/07\/grafik-14.png 465w, https:\/\/www.speckmarschall.de\/wcon\/wp-content\/uploads\/2020\/07\/grafik-14-300x43.png 300w\" sizes=\"auto, (max-width: 465px) 100vw, 465px\" \/><figcaption class=\"wp-element-caption\">[XII]<\/figcaption><\/figure>\n\n\n\n<p>Optimale relative Darstellung der K\u00f6rpergr\u00f6\u00dfe zur Wellenl\u00e4nge<\/p>\n\n\n\n<figure class=\"wp-block-image size-large\"><img loading=\"lazy\" decoding=\"async\" width=\"757\" height=\"591\" src=\"https:\/\/www.speckmarschall.de\/wcon\/wp-content\/uploads\/2020\/07\/grafik-15.png\" alt=\"\" class=\"wp-image-5140\" srcset=\"https:\/\/www.speckmarschall.de\/wcon\/wp-content\/uploads\/2020\/07\/grafik-15.png 757w, https:\/\/www.speckmarschall.de\/wcon\/wp-content\/uploads\/2020\/07\/grafik-15-300x234.png 300w\" sizes=\"auto, (max-width: 757px) 100vw, 757px\" \/><\/figure>\n\n\n\n<p>Die Voraussetzung der optimalen Korrelation der somatische  Ausdehnung und Wellenl\u00e4nge \u03bb beruht auf [II] und gilt es bez\u00fcglich [I] individuell an den prekadaverlichen Zustand anzupassen.<\/p>\n\n\n\n<p>Aus [II] ergibt sich:<br><\/p>\n\n\n\n<figure class=\"wp-block-image size-large\"><img loading=\"lazy\" decoding=\"async\" width=\"100\" height=\"60\" src=\"https:\/\/www.speckmarschall.de\/wcon\/wp-content\/uploads\/2020\/07\/grafik-16.png\" alt=\"\" class=\"wp-image-5143\"\/><figcaption class=\"wp-element-caption\">[XIII]<\/figcaption><\/figure>\n\n\n\n<p>und <\/p>\n\n\n\n<figure class=\"wp-block-image size-large\"><img loading=\"lazy\" decoding=\"async\" width=\"84\" height=\"75\" src=\"https:\/\/www.speckmarschall.de\/wcon\/wp-content\/uploads\/2020\/07\/grafik-17.png\" alt=\"\" class=\"wp-image-5144\"\/><figcaption class=\"wp-element-caption\">[XIV]<\/figcaption><\/figure>\n\n\n\n<p>mit<br><\/p>\n\n\n\n<figure class=\"wp-block-image size-large\"><img loading=\"lazy\" decoding=\"async\" width=\"231\" height=\"60\" src=\"https:\/\/www.speckmarschall.de\/wcon\/wp-content\/uploads\/2020\/07\/grafik-18.png\" alt=\"\" class=\"wp-image-5145\"\/><figcaption class=\"wp-element-caption\">[XV]<\/figcaption><\/figure>\n\n\n\n<figure class=\"wp-block-image size-large\"><img loading=\"lazy\" decoding=\"async\" width=\"275\" height=\"64\" src=\"https:\/\/www.speckmarschall.de\/wcon\/wp-content\/uploads\/2020\/07\/grafik-19.png\" alt=\"\" class=\"wp-image-5147\"\/><figcaption class=\"wp-element-caption\">[XVI]<\/figcaption><\/figure>\n\n\n\n<p>ergibt sich zu:<\/p>\n\n\n\n<figure class=\"wp-block-image size-large\"><img loading=\"lazy\" decoding=\"async\" width=\"415\" height=\"96\" src=\"https:\/\/www.speckmarschall.de\/wcon\/wp-content\/uploads\/2020\/07\/grafik-20.png\" alt=\"\" class=\"wp-image-5150\" srcset=\"https:\/\/www.speckmarschall.de\/wcon\/wp-content\/uploads\/2020\/07\/grafik-20.png 415w, https:\/\/www.speckmarschall.de\/wcon\/wp-content\/uploads\/2020\/07\/grafik-20-300x69.png 300w\" sizes=\"auto, (max-width: 415px) 100vw, 415px\" \/><figcaption class=\"wp-element-caption\">[XVII]<\/figcaption><\/figure>\n\n\n\n<p>bzw:<\/p>\n\n\n\n<figure class=\"wp-block-image size-large\"><img loading=\"lazy\" decoding=\"async\" width=\"210\" height=\"54\" src=\"https:\/\/www.speckmarschall.de\/wcon\/wp-content\/uploads\/2020\/07\/grafik-21.png\" alt=\"\" class=\"wp-image-5151\"\/><figcaption class=\"wp-element-caption\">[XVIII]<\/figcaption><\/figure>\n\n\n\n<p><\/p>\n\n\n\n<p><\/p>\n\n\n\n<p><\/p>\n\n\n\n<p><\/p>\n\n\n\n<p><strong>Probleml\u00f6sung:<\/strong><\/p>\n\n\n\n<p>Physische und praktische Umsetzung einer m\u00f6glichen Probleml\u00f6sung:<br><br>Folgende Bilderstrecke erl\u00e4utert Umfang und Aufbau individueller Transmissibilit\u00e4t somatischer Permeabilit\u00e4t translatierende  Transmissionen <\/p>\n\n\n\n<p>Erster Iterationsschritt:<br>Schaffen eine Schnittstelle zwischen Hochfrequenzgenerator und dem fluiden Medium\/Lebensmittel.<\/p>\n\n\n\n<figure class=\"wp-block-gallery has-nested-images columns-default is-cropped wp-block-gallery-1 is-layout-flex wp-block-gallery-is-layout-flex\">\n<figure class=\"wp-block-image size-large\"><img loading=\"lazy\" decoding=\"async\" width=\"1024\" height=\"682\" data-id=\"5174\" src=\"https:\/\/www.speckmarschall.de\/wcon\/wp-content\/uploads\/2020\/07\/k-IMG_6141-1-1024x682.jpg\" alt=\"\" class=\"wp-image-5174\" srcset=\"https:\/\/www.speckmarschall.de\/wcon\/wp-content\/uploads\/2020\/07\/k-IMG_6141-1-1024x682.jpg 1024w, https:\/\/www.speckmarschall.de\/wcon\/wp-content\/uploads\/2020\/07\/k-IMG_6141-1-300x200.jpg 300w, https:\/\/www.speckmarschall.de\/wcon\/wp-content\/uploads\/2020\/07\/k-IMG_6141-1-768x512.jpg 768w, https:\/\/www.speckmarschall.de\/wcon\/wp-content\/uploads\/2020\/07\/k-IMG_6141-1-1536x1024.jpg 1536w, https:\/\/www.speckmarschall.de\/wcon\/wp-content\/uploads\/2020\/07\/k-IMG_6141-1.jpg 2000w\" sizes=\"auto, (max-width: 1024px) 100vw, 1024px\" \/><\/figure>\n\n\n\n<figure class=\"wp-block-image size-large\"><img loading=\"lazy\" decoding=\"async\" width=\"1024\" height=\"682\" data-id=\"5175\" src=\"https:\/\/www.speckmarschall.de\/wcon\/wp-content\/uploads\/2020\/07\/k-IMG_6142-1-1024x682.jpg\" alt=\"\" class=\"wp-image-5175\" srcset=\"https:\/\/www.speckmarschall.de\/wcon\/wp-content\/uploads\/2020\/07\/k-IMG_6142-1-1024x682.jpg 1024w, https:\/\/www.speckmarschall.de\/wcon\/wp-content\/uploads\/2020\/07\/k-IMG_6142-1-300x200.jpg 300w, https:\/\/www.speckmarschall.de\/wcon\/wp-content\/uploads\/2020\/07\/k-IMG_6142-1-768x512.jpg 768w, https:\/\/www.speckmarschall.de\/wcon\/wp-content\/uploads\/2020\/07\/k-IMG_6142-1-1536x1024.jpg 1536w, https:\/\/www.speckmarschall.de\/wcon\/wp-content\/uploads\/2020\/07\/k-IMG_6142-1.jpg 2000w\" sizes=\"auto, (max-width: 1024px) 100vw, 1024px\" \/><\/figure>\n<\/figure>\n\n\n\n<figure class=\"wp-block-image size-large\"><img loading=\"lazy\" decoding=\"async\" width=\"1024\" height=\"682\" src=\"https:\/\/www.speckmarschall.de\/wcon\/wp-content\/uploads\/2020\/07\/k-IMG_6143-1024x682.jpg\" alt=\"\" class=\"wp-image-5161\" srcset=\"https:\/\/www.speckmarschall.de\/wcon\/wp-content\/uploads\/2020\/07\/k-IMG_6143-1024x682.jpg 1024w, https:\/\/www.speckmarschall.de\/wcon\/wp-content\/uploads\/2020\/07\/k-IMG_6143-300x200.jpg 300w, https:\/\/www.speckmarschall.de\/wcon\/wp-content\/uploads\/2020\/07\/k-IMG_6143-768x512.jpg 768w, https:\/\/www.speckmarschall.de\/wcon\/wp-content\/uploads\/2020\/07\/k-IMG_6143-1536x1024.jpg 1536w, https:\/\/www.speckmarschall.de\/wcon\/wp-content\/uploads\/2020\/07\/k-IMG_6143.jpg 2000w\" sizes=\"auto, (max-width: 1024px) 100vw, 1024px\" \/><\/figure>\n\n\n\n<figure class=\"wp-block-image size-large\"><img loading=\"lazy\" decoding=\"async\" width=\"682\" height=\"1024\" src=\"https:\/\/www.speckmarschall.de\/wcon\/wp-content\/uploads\/2020\/07\/k-IMG_6151-682x1024.jpg\" alt=\"\" class=\"wp-image-5171\" srcset=\"https:\/\/www.speckmarschall.de\/wcon\/wp-content\/uploads\/2020\/07\/k-IMG_6151-682x1024.jpg 682w, https:\/\/www.speckmarschall.de\/wcon\/wp-content\/uploads\/2020\/07\/k-IMG_6151-200x300.jpg 200w, https:\/\/www.speckmarschall.de\/wcon\/wp-content\/uploads\/2020\/07\/k-IMG_6151-768x1152.jpg 768w, https:\/\/www.speckmarschall.de\/wcon\/wp-content\/uploads\/2020\/07\/k-IMG_6151-1024x1536.jpg 1024w, https:\/\/www.speckmarschall.de\/wcon\/wp-content\/uploads\/2020\/07\/k-IMG_6151-rotated.jpg 1333w\" sizes=\"auto, (max-width: 682px) 100vw, 682px\" \/><\/figure>\n\n\n\n<p>Der Aufbau vermag eine Individualisierung der somatischen Gr\u00f6\u00dfe und l\u00e4sst sich schrittweise auf das Individuum einstellen. Der abgebildete Versuchsaufbau zeigt eine stufenweise ver\u00e4nderbare HF-Quelle, welche sich in 5 kHz-Schritt manipulieren l\u00e4sst.<br><br>F\u00fcr den Probanden wird [XVI] mit 1,8598 m angenommen somit ergibt sich  [XVII] zu 161,3000 MHz.<\/p>\n\n\n\n<figure class=\"wp-block-image size-large\"><img loading=\"lazy\" decoding=\"async\" width=\"682\" height=\"1024\" src=\"https:\/\/www.speckmarschall.de\/wcon\/wp-content\/uploads\/2020\/07\/k-IMG_6152-682x1024.jpg\" alt=\"\" class=\"wp-image-5173\" srcset=\"https:\/\/www.speckmarschall.de\/wcon\/wp-content\/uploads\/2020\/07\/k-IMG_6152-682x1024.jpg 682w, https:\/\/www.speckmarschall.de\/wcon\/wp-content\/uploads\/2020\/07\/k-IMG_6152-200x300.jpg 200w, https:\/\/www.speckmarschall.de\/wcon\/wp-content\/uploads\/2020\/07\/k-IMG_6152-768x1152.jpg 768w, https:\/\/www.speckmarschall.de\/wcon\/wp-content\/uploads\/2020\/07\/k-IMG_6152-1024x1536.jpg 1024w, https:\/\/www.speckmarschall.de\/wcon\/wp-content\/uploads\/2020\/07\/k-IMG_6152-rotated.jpg 1333w\" sizes=\"auto, (max-width: 682px) 100vw, 682px\" \/><\/figure>\n\n\n\n<p>Start der Messreihen:<br>Mit steigender Zunahme des Kehrwerts von [XII] sind strukturelle Ver\u00e4nderungen im Fluid zu verzeichnen.<\/p>\n\n\n\n<figure class=\"wp-block-image size-large\"><img loading=\"lazy\" decoding=\"async\" width=\"1024\" height=\"682\" src=\"https:\/\/www.speckmarschall.de\/wcon\/wp-content\/uploads\/2020\/07\/k-IMG_6156-1024x682.jpg\" alt=\"\" class=\"wp-image-5176\" srcset=\"https:\/\/www.speckmarschall.de\/wcon\/wp-content\/uploads\/2020\/07\/k-IMG_6156-1024x682.jpg 1024w, https:\/\/www.speckmarschall.de\/wcon\/wp-content\/uploads\/2020\/07\/k-IMG_6156-300x200.jpg 300w, https:\/\/www.speckmarschall.de\/wcon\/wp-content\/uploads\/2020\/07\/k-IMG_6156-768x512.jpg 768w, https:\/\/www.speckmarschall.de\/wcon\/wp-content\/uploads\/2020\/07\/k-IMG_6156-1536x1024.jpg 1536w, https:\/\/www.speckmarschall.de\/wcon\/wp-content\/uploads\/2020\/07\/k-IMG_6156.jpg 2000w\" sizes=\"auto, (max-width: 1024px) 100vw, 1024px\" \/><\/figure>\n\n\n\n<figure class=\"wp-block-image size-large\"><img loading=\"lazy\" decoding=\"async\" width=\"1024\" height=\"682\" src=\"https:\/\/www.speckmarschall.de\/wcon\/wp-content\/uploads\/2020\/07\/k-IMG_6158-1024x682.jpg\" alt=\"\" class=\"wp-image-5177\" srcset=\"https:\/\/www.speckmarschall.de\/wcon\/wp-content\/uploads\/2020\/07\/k-IMG_6158-1024x682.jpg 1024w, https:\/\/www.speckmarschall.de\/wcon\/wp-content\/uploads\/2020\/07\/k-IMG_6158-300x200.jpg 300w, https:\/\/www.speckmarschall.de\/wcon\/wp-content\/uploads\/2020\/07\/k-IMG_6158-768x512.jpg 768w, https:\/\/www.speckmarschall.de\/wcon\/wp-content\/uploads\/2020\/07\/k-IMG_6158-1536x1024.jpg 1536w, https:\/\/www.speckmarschall.de\/wcon\/wp-content\/uploads\/2020\/07\/k-IMG_6158.jpg 2000w\" sizes=\"auto, (max-width: 1024px) 100vw, 1024px\" \/><\/figure>\n\n\n\n<figure class=\"wp-block-image size-large\"><img loading=\"lazy\" decoding=\"async\" width=\"1024\" height=\"682\" src=\"https:\/\/www.speckmarschall.de\/wcon\/wp-content\/uploads\/2020\/07\/k-IMG_6163-1024x682.jpg\" alt=\"\" class=\"wp-image-5178\" srcset=\"https:\/\/www.speckmarschall.de\/wcon\/wp-content\/uploads\/2020\/07\/k-IMG_6163-1024x682.jpg 1024w, https:\/\/www.speckmarschall.de\/wcon\/wp-content\/uploads\/2020\/07\/k-IMG_6163-300x200.jpg 300w, https:\/\/www.speckmarschall.de\/wcon\/wp-content\/uploads\/2020\/07\/k-IMG_6163-768x512.jpg 768w, https:\/\/www.speckmarschall.de\/wcon\/wp-content\/uploads\/2020\/07\/k-IMG_6163-1536x1024.jpg 1536w, https:\/\/www.speckmarschall.de\/wcon\/wp-content\/uploads\/2020\/07\/k-IMG_6163.jpg 2000w\" sizes=\"auto, (max-width: 1024px) 100vw, 1024px\" \/><\/figure>\n\n\n\n<p>Nach abgeschlossener Anwendung:<\/p>\n\n\n\n<figure class=\"wp-block-image size-large\"><img loading=\"lazy\" decoding=\"async\" width=\"682\" height=\"1024\" src=\"https:\/\/www.speckmarschall.de\/wcon\/wp-content\/uploads\/2020\/07\/k-IMG_6171-682x1024.jpg\" alt=\"\" class=\"wp-image-5179\" srcset=\"https:\/\/www.speckmarschall.de\/wcon\/wp-content\/uploads\/2020\/07\/k-IMG_6171-682x1024.jpg 682w, https:\/\/www.speckmarschall.de\/wcon\/wp-content\/uploads\/2020\/07\/k-IMG_6171-200x300.jpg 200w, https:\/\/www.speckmarschall.de\/wcon\/wp-content\/uploads\/2020\/07\/k-IMG_6171-768x1152.jpg 768w, https:\/\/www.speckmarschall.de\/wcon\/wp-content\/uploads\/2020\/07\/k-IMG_6171-1024x1536.jpg 1024w, https:\/\/www.speckmarschall.de\/wcon\/wp-content\/uploads\/2020\/07\/k-IMG_6171-rotated.jpg 1333w\" sizes=\"auto, (max-width: 682px) 100vw, 682px\" \/><\/figure>\n\n\n\n<p><br>Stand Aug. 2020 <br><br>mit freundlicher Unterst\u00fctzung von:<br><br>Schabeck-Industries<br>DFA<\/p>\n","protected":false},"excerpt":{"rendered":"<p>Transmissibilit\u00e4t somatischer Permeabilit\u00e4t translatierende Transmissionen und deren Erzeugung Abstract Problemstellung: Energetisieren von Stoffen gerade im Bereich der Nahrungsmittelveredelung und deren Umsetzung st\u00f6\u00dft jeher auf geringes technisches Verst\u00e4ndnis bei Umsetzung, Anwendung und Konsum [I]. [I] https:\/\/www.darc.de[II] https:\/\/www.dj5ar.de Nachtrag 12.03.2021 Wie nun unl\u00e4ngst kommuniziert wurde, verbietet die Bundesnetzagentur nun den Verkauf und Nutzung von Wasservitalisierern [\u21ab] [\u21ac] &hellip; <a href=\"https:\/\/www.speckmarschall.de\/?page_id=5119\" class=\"more-link\"><span class=\"screen-reader-text\">Transmittierende Transmissivit\u00e4t<\/span> weiterlesen <span class=\"meta-nav\">&rarr;<\/span><\/a><\/p>\n","protected":false},"author":2,"featured_media":0,"parent":0,"menu_order":0,"comment_status":"open","ping_status":"closed","template":"","meta":{"footnotes":""},"class_list":["post-5119","page","type-page","status-publish","hentry"],"_links":{"self":[{"href":"https:\/\/www.speckmarschall.de\/index.php?rest_route=\/wp\/v2\/pages\/5119","targetHints":{"allow":["GET"]}}],"collection":[{"href":"https:\/\/www.speckmarschall.de\/index.php?rest_route=\/wp\/v2\/pages"}],"about":[{"href":"https:\/\/www.speckmarschall.de\/index.php?rest_route=\/wp\/v2\/types\/page"}],"author":[{"embeddable":true,"href":"https:\/\/www.speckmarschall.de\/index.php?rest_route=\/wp\/v2\/users\/2"}],"replies":[{"embeddable":true,"href":"https:\/\/www.speckmarschall.de\/index.php?rest_route=%2Fwp%2Fv2%2Fcomments&post=5119"}],"version-history":[{"count":23,"href":"https:\/\/www.speckmarschall.de\/index.php?rest_route=\/wp\/v2\/pages\/5119\/revisions"}],"predecessor-version":[{"id":7144,"href":"https:\/\/www.speckmarschall.de\/index.php?rest_route=\/wp\/v2\/pages\/5119\/revisions\/7144"}],"wp:attachment":[{"href":"https:\/\/www.speckmarschall.de\/index.php?rest_route=%2Fwp%2Fv2%2Fmedia&parent=5119"}],"curies":[{"name":"wp","href":"https:\/\/api.w.org\/{rel}","templated":true}]}}