{"id":6282,"date":"2022-01-21T16:01:40","date_gmt":"2022-01-21T14:01:40","guid":{"rendered":"https:\/\/www.speckmarschall.de\/?page_id=6282"},"modified":"2022-01-21T16:30:16","modified_gmt":"2022-01-21T14:30:16","slug":"filet-de-boeuf-en-croute-a-la-schabeck","status":"publish","type":"page","link":"https:\/\/www.speckmarschall.de\/?page_id=6282","title":{"rendered":"Filet de boeuf en cro\u00fbte \u00e1 la Schabeck"},"content":{"rendered":"\n<p>Zutaten f\u00fcr 4 Personen<\/p>\n\n\n\n<p><\/p>\n\n\n\n<ul class=\"wp-block-list\"><li>400 g Bl\u00e4tterteig<\/li><li>3 Schalotten<\/li><li>500 g Champignos<\/li><li>Knoblauch 3 Knollen<\/li><li>Salz<\/li><li>Pfeffer<\/li><li>Petersilie<\/li><li>1,5 kg Rinderfilet<\/li><li>100 g Leberpastete<\/li><li>4 Eigelb<\/li><li>Speck in Streifen<\/li><li>Speck in W\u00fcrfeln<\/li><li>100 g Butter<\/li><\/ul>\n\n\n\n<p>Pilze, Schalotten, Butter und Leberpastete zu einer Duxels-Sauce bzw. w\u00fcrzige Farce mit Salz und Peffer anr\u00fchren. Die Emulsion auf Bl\u00e4tterteig ausbreiten. Das Getier mit Salz und Pfeffer einreiben, daraufhin kurz als auch scharf anbraten, mit Leberpastete benetzen und kurz ruhen lassen.<\/p>\n\n\n\n<p>Den pr\u00e4parierten Teil des Bos taurus in den vorbereiteten Teigmantel reinrollen und mit Eigelb bestreichen. Das Ummantelte St\u00fcck des Wesens  f\u00fcr 45 Minuten bei 180\u00b0C Umluft im Ofen verweilen lassen.<\/p>\n\n\n\n<figure class=\"wp-block-gallery columns-3 is-cropped wp-block-gallery-1 is-layout-flex wp-block-gallery-is-layout-flex\"><ul class=\"blocks-gallery-grid\"><li class=\"blocks-gallery-item\"><figure><a href=\"https:\/\/www.speckmarschall.de\/wcon\/wp-content\/uploads\/2022\/01\/IMG_20220119_184141953-scaled.jpg\"><img loading=\"lazy\" decoding=\"async\" width=\"768\" height=\"1024\" src=\"https:\/\/www.speckmarschall.de\/wcon\/wp-content\/uploads\/2022\/01\/IMG_20220119_184141953-768x1024.jpg\" alt=\"\" data-id=\"6284\" data-full-url=\"https:\/\/www.speckmarschall.de\/wcon\/wp-content\/uploads\/2022\/01\/IMG_20220119_184141953-scaled.jpg\" data-link=\"https:\/\/www.speckmarschall.de\/?attachment_id=6284\" class=\"wp-image-6284\" srcset=\"https:\/\/www.speckmarschall.de\/wcon\/wp-content\/uploads\/2022\/01\/IMG_20220119_184141953-768x1024.jpg 768w, https:\/\/www.speckmarschall.de\/wcon\/wp-content\/uploads\/2022\/01\/IMG_20220119_184141953-225x300.jpg 225w, https:\/\/www.speckmarschall.de\/wcon\/wp-content\/uploads\/2022\/01\/IMG_20220119_184141953-1152x1536.jpg 1152w, https:\/\/www.speckmarschall.de\/wcon\/wp-content\/uploads\/2022\/01\/IMG_20220119_184141953-1536x2048.jpg 1536w, https:\/\/www.speckmarschall.de\/wcon\/wp-content\/uploads\/2022\/01\/IMG_20220119_184141953-scaled.jpg 1920w\" sizes=\"auto, (max-width: 768px) 100vw, 768px\" \/><\/a><\/figure><\/li><li class=\"blocks-gallery-item\"><figure><a href=\"https:\/\/www.speckmarschall.de\/wcon\/wp-content\/uploads\/2022\/01\/IMG_20220119_185351219-scaled.jpg\"><img loading=\"lazy\" decoding=\"async\" width=\"1024\" height=\"768\" src=\"https:\/\/www.speckmarschall.de\/wcon\/wp-content\/uploads\/2022\/01\/IMG_20220119_185351219-1024x768.jpg\" alt=\"\" data-id=\"6285\" data-full-url=\"https:\/\/www.speckmarschall.de\/wcon\/wp-content\/uploads\/2022\/01\/IMG_20220119_185351219-scaled.jpg\" data-link=\"https:\/\/www.speckmarschall.de\/?attachment_id=6285\" class=\"wp-image-6285\" srcset=\"https:\/\/www.speckmarschall.de\/wcon\/wp-content\/uploads\/2022\/01\/IMG_20220119_185351219-1024x768.jpg 1024w, https:\/\/www.speckmarschall.de\/wcon\/wp-content\/uploads\/2022\/01\/IMG_20220119_185351219-300x225.jpg 300w, https:\/\/www.speckmarschall.de\/wcon\/wp-content\/uploads\/2022\/01\/IMG_20220119_185351219-768x576.jpg 768w, https:\/\/www.speckmarschall.de\/wcon\/wp-content\/uploads\/2022\/01\/IMG_20220119_185351219-1536x1152.jpg 1536w, https:\/\/www.speckmarschall.de\/wcon\/wp-content\/uploads\/2022\/01\/IMG_20220119_185351219-2048x1536.jpg 2048w\" sizes=\"auto, (max-width: 1024px) 100vw, 1024px\" \/><\/a><\/figure><\/li><li class=\"blocks-gallery-item\"><figure><a href=\"https:\/\/www.speckmarschall.de\/wcon\/wp-content\/uploads\/2022\/01\/IMG_20220119_191603928-scaled.jpg\"><img loading=\"lazy\" decoding=\"async\" width=\"1024\" height=\"768\" src=\"https:\/\/www.speckmarschall.de\/wcon\/wp-content\/uploads\/2022\/01\/IMG_20220119_191603928-1024x768.jpg\" alt=\"\" data-id=\"6286\" data-full-url=\"https:\/\/www.speckmarschall.de\/wcon\/wp-content\/uploads\/2022\/01\/IMG_20220119_191603928-scaled.jpg\" data-link=\"https:\/\/www.speckmarschall.de\/?attachment_id=6286\" class=\"wp-image-6286\" srcset=\"https:\/\/www.speckmarschall.de\/wcon\/wp-content\/uploads\/2022\/01\/IMG_20220119_191603928-1024x768.jpg 1024w, https:\/\/www.speckmarschall.de\/wcon\/wp-content\/uploads\/2022\/01\/IMG_20220119_191603928-300x225.jpg 300w, https:\/\/www.speckmarschall.de\/wcon\/wp-content\/uploads\/2022\/01\/IMG_20220119_191603928-768x576.jpg 768w, https:\/\/www.speckmarschall.de\/wcon\/wp-content\/uploads\/2022\/01\/IMG_20220119_191603928-1536x1152.jpg 1536w, https:\/\/www.speckmarschall.de\/wcon\/wp-content\/uploads\/2022\/01\/IMG_20220119_191603928-2048x1536.jpg 2048w\" sizes=\"auto, (max-width: 1024px) 100vw, 1024px\" \/><\/a><\/figure><\/li><li class=\"blocks-gallery-item\"><figure><a href=\"https:\/\/www.speckmarschall.de\/wcon\/wp-content\/uploads\/2022\/01\/IMG_20220119_191835423-scaled.jpg\"><img loading=\"lazy\" decoding=\"async\" width=\"1024\" height=\"768\" src=\"https:\/\/www.speckmarschall.de\/wcon\/wp-content\/uploads\/2022\/01\/IMG_20220119_191835423-1024x768.jpg\" alt=\"\" data-id=\"6287\" data-full-url=\"https:\/\/www.speckmarschall.de\/wcon\/wp-content\/uploads\/2022\/01\/IMG_20220119_191835423-scaled.jpg\" data-link=\"https:\/\/www.speckmarschall.de\/?attachment_id=6287\" class=\"wp-image-6287\" srcset=\"https:\/\/www.speckmarschall.de\/wcon\/wp-content\/uploads\/2022\/01\/IMG_20220119_191835423-1024x768.jpg 1024w, https:\/\/www.speckmarschall.de\/wcon\/wp-content\/uploads\/2022\/01\/IMG_20220119_191835423-300x225.jpg 300w, https:\/\/www.speckmarschall.de\/wcon\/wp-content\/uploads\/2022\/01\/IMG_20220119_191835423-768x576.jpg 768w, https:\/\/www.speckmarschall.de\/wcon\/wp-content\/uploads\/2022\/01\/IMG_20220119_191835423-1536x1152.jpg 1536w, https:\/\/www.speckmarschall.de\/wcon\/wp-content\/uploads\/2022\/01\/IMG_20220119_191835423-2048x1536.jpg 2048w\" sizes=\"auto, (max-width: 1024px) 100vw, 1024px\" \/><\/a><\/figure><\/li><li class=\"blocks-gallery-item\"><figure><a href=\"https:\/\/www.speckmarschall.de\/wcon\/wp-content\/uploads\/2022\/01\/IMG_20220119_192415015-scaled.jpg\"><img loading=\"lazy\" decoding=\"async\" width=\"768\" height=\"1024\" src=\"https:\/\/www.speckmarschall.de\/wcon\/wp-content\/uploads\/2022\/01\/IMG_20220119_192415015-768x1024.jpg\" alt=\"\" data-id=\"6288\" data-full-url=\"https:\/\/www.speckmarschall.de\/wcon\/wp-content\/uploads\/2022\/01\/IMG_20220119_192415015-scaled.jpg\" data-link=\"https:\/\/www.speckmarschall.de\/?attachment_id=6288\" class=\"wp-image-6288\" srcset=\"https:\/\/www.speckmarschall.de\/wcon\/wp-content\/uploads\/2022\/01\/IMG_20220119_192415015-768x1024.jpg 768w, https:\/\/www.speckmarschall.de\/wcon\/wp-content\/uploads\/2022\/01\/IMG_20220119_192415015-225x300.jpg 225w, https:\/\/www.speckmarschall.de\/wcon\/wp-content\/uploads\/2022\/01\/IMG_20220119_192415015-1152x1536.jpg 1152w, https:\/\/www.speckmarschall.de\/wcon\/wp-content\/uploads\/2022\/01\/IMG_20220119_192415015-1536x2048.jpg 1536w, https:\/\/www.speckmarschall.de\/wcon\/wp-content\/uploads\/2022\/01\/IMG_20220119_192415015-scaled.jpg 1920w\" sizes=\"auto, (max-width: 768px) 100vw, 768px\" \/><\/a><\/figure><\/li><li class=\"blocks-gallery-item\"><figure><a href=\"https:\/\/www.speckmarschall.de\/wcon\/wp-content\/uploads\/2022\/01\/IMG_20220119_192705872-scaled.jpg\"><img loading=\"lazy\" decoding=\"async\" width=\"1024\" height=\"768\" src=\"https:\/\/www.speckmarschall.de\/wcon\/wp-content\/uploads\/2022\/01\/IMG_20220119_192705872-1024x768.jpg\" alt=\"\" data-id=\"6289\" data-full-url=\"https:\/\/www.speckmarschall.de\/wcon\/wp-content\/uploads\/2022\/01\/IMG_20220119_192705872-scaled.jpg\" data-link=\"https:\/\/www.speckmarschall.de\/?attachment_id=6289\" class=\"wp-image-6289\" srcset=\"https:\/\/www.speckmarschall.de\/wcon\/wp-content\/uploads\/2022\/01\/IMG_20220119_192705872-1024x768.jpg 1024w, https:\/\/www.speckmarschall.de\/wcon\/wp-content\/uploads\/2022\/01\/IMG_20220119_192705872-300x225.jpg 300w, https:\/\/www.speckmarschall.de\/wcon\/wp-content\/uploads\/2022\/01\/IMG_20220119_192705872-768x576.jpg 768w, https:\/\/www.speckmarschall.de\/wcon\/wp-content\/uploads\/2022\/01\/IMG_20220119_192705872-1536x1152.jpg 1536w, https:\/\/www.speckmarschall.de\/wcon\/wp-content\/uploads\/2022\/01\/IMG_20220119_192705872-2048x1536.jpg 2048w\" sizes=\"auto, (max-width: 1024px) 100vw, 1024px\" \/><\/a><\/figure><\/li><li class=\"blocks-gallery-item\"><figure><a href=\"https:\/\/www.speckmarschall.de\/wcon\/wp-content\/uploads\/2022\/01\/IMG_20220119_192825627-scaled.jpg\"><img loading=\"lazy\" decoding=\"async\" width=\"1024\" height=\"768\" src=\"https:\/\/www.speckmarschall.de\/wcon\/wp-content\/uploads\/2022\/01\/IMG_20220119_192825627-1024x768.jpg\" alt=\"\" data-id=\"6290\" data-full-url=\"https:\/\/www.speckmarschall.de\/wcon\/wp-content\/uploads\/2022\/01\/IMG_20220119_192825627-scaled.jpg\" data-link=\"https:\/\/www.speckmarschall.de\/?attachment_id=6290\" class=\"wp-image-6290\" srcset=\"https:\/\/www.speckmarschall.de\/wcon\/wp-content\/uploads\/2022\/01\/IMG_20220119_192825627-1024x768.jpg 1024w, https:\/\/www.speckmarschall.de\/wcon\/wp-content\/uploads\/2022\/01\/IMG_20220119_192825627-300x225.jpg 300w, https:\/\/www.speckmarschall.de\/wcon\/wp-content\/uploads\/2022\/01\/IMG_20220119_192825627-768x576.jpg 768w, https:\/\/www.speckmarschall.de\/wcon\/wp-content\/uploads\/2022\/01\/IMG_20220119_192825627-1536x1152.jpg 1536w, https:\/\/www.speckmarschall.de\/wcon\/wp-content\/uploads\/2022\/01\/IMG_20220119_192825627-2048x1536.jpg 2048w\" sizes=\"auto, (max-width: 1024px) 100vw, 1024px\" \/><\/a><\/figure><\/li><li class=\"blocks-gallery-item\"><figure><a href=\"https:\/\/www.speckmarschall.de\/wcon\/wp-content\/uploads\/2022\/01\/IMG_20220119_193916650-scaled.jpg\"><img loading=\"lazy\" decoding=\"async\" width=\"1024\" height=\"768\" src=\"https:\/\/www.speckmarschall.de\/wcon\/wp-content\/uploads\/2022\/01\/IMG_20220119_193916650-1024x768.jpg\" alt=\"\" data-id=\"6291\" data-full-url=\"https:\/\/www.speckmarschall.de\/wcon\/wp-content\/uploads\/2022\/01\/IMG_20220119_193916650-scaled.jpg\" data-link=\"https:\/\/www.speckmarschall.de\/?attachment_id=6291\" class=\"wp-image-6291\" srcset=\"https:\/\/www.speckmarschall.de\/wcon\/wp-content\/uploads\/2022\/01\/IMG_20220119_193916650-1024x768.jpg 1024w, https:\/\/www.speckmarschall.de\/wcon\/wp-content\/uploads\/2022\/01\/IMG_20220119_193916650-300x225.jpg 300w, https:\/\/www.speckmarschall.de\/wcon\/wp-content\/uploads\/2022\/01\/IMG_20220119_193916650-768x576.jpg 768w, https:\/\/www.speckmarschall.de\/wcon\/wp-content\/uploads\/2022\/01\/IMG_20220119_193916650-1536x1152.jpg 1536w, https:\/\/www.speckmarschall.de\/wcon\/wp-content\/uploads\/2022\/01\/IMG_20220119_193916650-2048x1536.jpg 2048w\" sizes=\"auto, (max-width: 1024px) 100vw, 1024px\" \/><\/a><\/figure><\/li><li class=\"blocks-gallery-item\"><figure><a href=\"https:\/\/www.speckmarschall.de\/wcon\/wp-content\/uploads\/2022\/01\/IMG_20220119_202107907-scaled.jpg\"><img loading=\"lazy\" decoding=\"async\" width=\"1024\" height=\"768\" src=\"https:\/\/www.speckmarschall.de\/wcon\/wp-content\/uploads\/2022\/01\/IMG_20220119_202107907-1024x768.jpg\" alt=\"\" data-id=\"6292\" data-full-url=\"https:\/\/www.speckmarschall.de\/wcon\/wp-content\/uploads\/2022\/01\/IMG_20220119_202107907-scaled.jpg\" data-link=\"https:\/\/www.speckmarschall.de\/?attachment_id=6292\" class=\"wp-image-6292\" srcset=\"https:\/\/www.speckmarschall.de\/wcon\/wp-content\/uploads\/2022\/01\/IMG_20220119_202107907-1024x768.jpg 1024w, https:\/\/www.speckmarschall.de\/wcon\/wp-content\/uploads\/2022\/01\/IMG_20220119_202107907-300x225.jpg 300w, https:\/\/www.speckmarschall.de\/wcon\/wp-content\/uploads\/2022\/01\/IMG_20220119_202107907-768x576.jpg 768w, https:\/\/www.speckmarschall.de\/wcon\/wp-content\/uploads\/2022\/01\/IMG_20220119_202107907-1536x1152.jpg 1536w, https:\/\/www.speckmarschall.de\/wcon\/wp-content\/uploads\/2022\/01\/IMG_20220119_202107907-2048x1536.jpg 2048w\" sizes=\"auto, (max-width: 1024px) 100vw, 1024px\" \/><\/a><\/figure><\/li><li class=\"blocks-gallery-item\"><figure><a href=\"https:\/\/www.speckmarschall.de\/wcon\/wp-content\/uploads\/2022\/01\/IMG_20220119_202128921-scaled.jpg\"><img loading=\"lazy\" decoding=\"async\" width=\"1024\" height=\"768\" src=\"https:\/\/www.speckmarschall.de\/wcon\/wp-content\/uploads\/2022\/01\/IMG_20220119_202128921-1024x768.jpg\" alt=\"\" data-id=\"6293\" data-full-url=\"https:\/\/www.speckmarschall.de\/wcon\/wp-content\/uploads\/2022\/01\/IMG_20220119_202128921-scaled.jpg\" data-link=\"https:\/\/www.speckmarschall.de\/?attachment_id=6293\" class=\"wp-image-6293\" srcset=\"https:\/\/www.speckmarschall.de\/wcon\/wp-content\/uploads\/2022\/01\/IMG_20220119_202128921-1024x768.jpg 1024w, https:\/\/www.speckmarschall.de\/wcon\/wp-content\/uploads\/2022\/01\/IMG_20220119_202128921-300x225.jpg 300w, https:\/\/www.speckmarschall.de\/wcon\/wp-content\/uploads\/2022\/01\/IMG_20220119_202128921-768x576.jpg 768w, https:\/\/www.speckmarschall.de\/wcon\/wp-content\/uploads\/2022\/01\/IMG_20220119_202128921-1536x1152.jpg 1536w, https:\/\/www.speckmarschall.de\/wcon\/wp-content\/uploads\/2022\/01\/IMG_20220119_202128921-2048x1536.jpg 2048w\" sizes=\"auto, (max-width: 1024px) 100vw, 1024px\" \/><\/a><\/figure><\/li><li class=\"blocks-gallery-item\"><figure><a href=\"https:\/\/www.speckmarschall.de\/wcon\/wp-content\/uploads\/2022\/01\/IMG_20220119_202146315-scaled.jpg\"><img loading=\"lazy\" decoding=\"async\" width=\"1024\" height=\"768\" src=\"https:\/\/www.speckmarschall.de\/wcon\/wp-content\/uploads\/2022\/01\/IMG_20220119_202146315-1024x768.jpg\" alt=\"\" data-id=\"6294\" data-full-url=\"https:\/\/www.speckmarschall.de\/wcon\/wp-content\/uploads\/2022\/01\/IMG_20220119_202146315-scaled.jpg\" data-link=\"https:\/\/www.speckmarschall.de\/?attachment_id=6294\" class=\"wp-image-6294\" srcset=\"https:\/\/www.speckmarschall.de\/wcon\/wp-content\/uploads\/2022\/01\/IMG_20220119_202146315-1024x768.jpg 1024w, https:\/\/www.speckmarschall.de\/wcon\/wp-content\/uploads\/2022\/01\/IMG_20220119_202146315-300x225.jpg 300w, https:\/\/www.speckmarschall.de\/wcon\/wp-content\/uploads\/2022\/01\/IMG_20220119_202146315-768x576.jpg 768w, https:\/\/www.speckmarschall.de\/wcon\/wp-content\/uploads\/2022\/01\/IMG_20220119_202146315-1536x1152.jpg 1536w, https:\/\/www.speckmarschall.de\/wcon\/wp-content\/uploads\/2022\/01\/IMG_20220119_202146315-2048x1536.jpg 2048w\" sizes=\"auto, (max-width: 1024px) 100vw, 1024px\" \/><\/a><\/figure><\/li><li class=\"blocks-gallery-item\"><figure><a href=\"https:\/\/www.speckmarschall.de\/wcon\/wp-content\/uploads\/2022\/01\/IMG_20220119_202247421-scaled.jpg\"><img loading=\"lazy\" decoding=\"async\" width=\"1024\" height=\"768\" src=\"https:\/\/www.speckmarschall.de\/wcon\/wp-content\/uploads\/2022\/01\/IMG_20220119_202247421-1024x768.jpg\" alt=\"\" data-id=\"6295\" data-full-url=\"https:\/\/www.speckmarschall.de\/wcon\/wp-content\/uploads\/2022\/01\/IMG_20220119_202247421-scaled.jpg\" data-link=\"https:\/\/www.speckmarschall.de\/?attachment_id=6295\" class=\"wp-image-6295\" srcset=\"https:\/\/www.speckmarschall.de\/wcon\/wp-content\/uploads\/2022\/01\/IMG_20220119_202247421-1024x768.jpg 1024w, https:\/\/www.speckmarschall.de\/wcon\/wp-content\/uploads\/2022\/01\/IMG_20220119_202247421-300x225.jpg 300w, https:\/\/www.speckmarschall.de\/wcon\/wp-content\/uploads\/2022\/01\/IMG_20220119_202247421-768x576.jpg 768w, https:\/\/www.speckmarschall.de\/wcon\/wp-content\/uploads\/2022\/01\/IMG_20220119_202247421-1536x1152.jpg 1536w, https:\/\/www.speckmarschall.de\/wcon\/wp-content\/uploads\/2022\/01\/IMG_20220119_202247421-2048x1536.jpg 2048w\" sizes=\"auto, (max-width: 1024px) 100vw, 1024px\" \/><\/a><\/figure><\/li><\/ul><\/figure>\n\n\n\n<p>Man konsumiere reichlich!<\/p>\n\n\n\n<figure class=\"wp-block-video\"><video height=\"720\" style=\"aspect-ratio: 1280 \/ 720;\" width=\"1280\" controls src=\"https:\/\/www.speckmarschall.de\/wcon\/wp-content\/uploads\/2022\/01\/VID_20220119_202152493.mp4\"><\/video><\/figure>\n","protected":false},"excerpt":{"rendered":"<p>Zutaten f\u00fcr 4 Personen 400 g Bl\u00e4tterteig 3 Schalotten 500 g Champignos Knoblauch 3 Knollen Salz Pfeffer Petersilie 1,5 kg Rinderfilet 100 g Leberpastete 4 Eigelb Speck in Streifen Speck in W\u00fcrfeln 100 g Butter Pilze, Schalotten, Butter und Leberpastete zu einer Duxels-Sauce bzw. w\u00fcrzige Farce mit Salz und Peffer anr\u00fchren. Die Emulsion auf Bl\u00e4tterteig &hellip; <a href=\"https:\/\/www.speckmarschall.de\/?page_id=6282\" class=\"more-link\"><span class=\"screen-reader-text\">Filet de boeuf en cro\u00fbte \u00e1 la Schabeck<\/span> weiterlesen <span class=\"meta-nav\">&rarr;<\/span><\/a><\/p>\n","protected":false},"author":2,"featured_media":0,"parent":0,"menu_order":0,"comment_status":"closed","ping_status":"closed","template":"","meta":{"footnotes":""},"class_list":["post-6282","page","type-page","status-publish","hentry"],"_links":{"self":[{"href":"https:\/\/www.speckmarschall.de\/index.php?rest_route=\/wp\/v2\/pages\/6282","targetHints":{"allow":["GET"]}}],"collection":[{"href":"https:\/\/www.speckmarschall.de\/index.php?rest_route=\/wp\/v2\/pages"}],"about":[{"href":"https:\/\/www.speckmarschall.de\/index.php?rest_route=\/wp\/v2\/types\/page"}],"author":[{"embeddable":true,"href":"https:\/\/www.speckmarschall.de\/index.php?rest_route=\/wp\/v2\/users\/2"}],"replies":[{"embeddable":true,"href":"https:\/\/www.speckmarschall.de\/index.php?rest_route=%2Fwp%2Fv2%2Fcomments&post=6282"}],"version-history":[{"count":6,"href":"https:\/\/www.speckmarschall.de\/index.php?rest_route=\/wp\/v2\/pages\/6282\/revisions"}],"predecessor-version":[{"id":6330,"href":"https:\/\/www.speckmarschall.de\/index.php?rest_route=\/wp\/v2\/pages\/6282\/revisions\/6330"}],"wp:attachment":[{"href":"https:\/\/www.speckmarschall.de\/index.php?rest_route=%2Fwp%2Fv2%2Fmedia&parent=6282"}],"curies":[{"name":"wp","href":"https:\/\/api.w.org\/{rel}","templated":true}]}}