{"id":67,"date":"2014-10-10T23:11:31","date_gmt":"2014-10-10T21:11:31","guid":{"rendered":"https:\/\/www.speckmarschall.de\/?page_id=67"},"modified":"2024-12-13T15:21:33","modified_gmt":"2024-12-13T13:21:33","slug":"ueberwachung","status":"publish","type":"page","link":"https:\/\/www.speckmarschall.de\/?page_id=67","title":{"rendered":"Man H\u00f6re"},"content":{"rendered":"\n<h1 class=\"wp-block-heading\"><span class=\"Heading_1\">speckmarschall ist nah<\/span><\/h1>\n\n\n\n<h2 class=\"wp-block-heading\"><span style=\"color: #99cc00;\">die Sinne gehen weiter bei Gebrauch prachtvoller St\u00e4be<br><\/span><\/h2>\n\n\n\n<p>Meine Herrschaften, w\u00e4hlen Sie ein H\u00f6rprogramm. Aber immer nur eines, nicht dass es Sie im Geiste \u00fcberfordert.<\/p>\n\n\n\n<pre class=\"wp-block-preformatted\">\"Der Fernmeldeverkehr ist zu \u00fcberwachen zum\n- Gewinnen fernmeldetaktischer Nutzinformation\n- Sammeln fernmeldebetrieblicher Erkenntnisse\n- Aufrechterhalten der <em>Fernmeldedisziplin<\/em>\"\n(<a href=\"http:\/\/gsb.download.bva.bund.de\/BBK\/KatS_Dv_810.pdf\" target=\"_blank\" rel=\"noopener noreferrer\">\u00a7 8.1 PDV 810<\/a>)<\/pre>\n\n\n\n<p class=\"has-text-align-center\"><strong><span style=\"color: #ff0000;\">JETZT NEU: <span style=\"color: #000000;\">Streams h\u00f6ren per<\/span> Telefon:<span style=\"color: #000000;\"> 06384 9239792<br><\/span><\/span><\/strong><span style=\"color: #ff0000;\"><span style=\"color: #000000;\">&#8211; aktuell sind 15 Telefonate gleich<\/span><\/span><span style=\"color: #ff0000;\"><span style=\"color: #000000;\">zeitig m\u00f6glich<\/span><\/span><strong><span style=\"color: #ff0000;\"><span style=\"color: #000000;\"> &#8211;<br><\/span><\/span><\/strong><\/p>\n\n\n\n<p>[mp3j track=&#8220;https:\/\/stream.db0vks.de\/stream.m3u&#8220; vol=100 title=&#8220;DB0VKS&#8220;] <a href=\"https:\/\/db0vks.de\/\" target=\"_blank\" rel=\"noopener noreferrer\">DB0VKS<\/a>, 70cm Amateurfunkrelais Berus, JN39IG<\/p>\n\n\n\n<p>[mp3j track=&#8220;http:\/\/speckmarschall.de:8000\/db0slb&#8220; vol=100 title=&#8220;DB0SLB&#8220;] <a href=\"https:\/\/www.speckmarschall.de\/?page_id=3563\">DB0SLB<\/a>, 70cm Amateurfunkrelais Seelberg, JN39TN<\/p>\n\n\n\n<p>[mp3j track=&#8220;http:\/\/speckmarschall.de:8000\/db0ftc&#8220; vol=100 title=&#8220;DB0FTC&#8220;] <a href=\"https:\/\/www.speckmarschall.de\/?page_id=1186\" target=\"_blank\" rel=\"noopener noreferrer\">DB0FTC<\/a>, 70m DMR Amateurfunkrelais&nbsp; Quirnheim<\/p>\n\n\n\n<p>[mp3j track=&#8220;http:\/\/speckmarschall.de:8000\/db0wp&#8220; vol=100 title=&#8220;DB0KLN&#8220;] <a href=\"https:\/\/www.speckmarschall.de\/?page_id=3457\" target=\"_blank\" rel=\"noopener noreferrer\">DB0KLN<\/a>, 70m FM Amateurfunkrelais&nbsp; Hochschule Kaiserslautern<\/p>\n\n\n\n<p class=\"has-text-align-left\">[mp3j track=&#8220;http:\/\/speckmarschall.de:8000\/db0sr&#8220; vol=100 title=&#8220;DB0SR&#8220;] <a href=\"https:\/\/www.speckmarschall.de\/?page_id=1509\">DB0SR<\/a>, 2m FM Amateurfunkrelais&nbsp; Heusweiler, Stadtverband Saarbr\u00fccken (Saarland) JN39MI<br><span style=\"color: #ff9900;\">Aus technischen Gr\u00fcnden besteht aktuell keine Funktionalit\u00e4t<\/span><\/p>\n\n\n\n<p>[mp3j track=&#8220;http:\/\/speckmarschall.de:8000\/db0blk&#8220; vol=100 title=&#8220;DB0BLK&#8220;] <a href=\"https:\/\/www.speckmarschall.de\/?page_id=1777\">DB0BLK<\/a>, 70cm Amateurfunkrelais Blieskastel, Homburg\/Saar, JN39QG<br><span style=\"color: #ff9900;\">Aus technischen Gr\u00fcnden besteht aktuell keine Funktionalit\u00e4t<\/span><\/p>\n\n\n\n<p>[mp3j track=&#8220;http:\/\/luna.fischaleck.net:8000\/stream.mp3&#8243; vol=100 title=&#8220;DB0ERG&#8220;] <a href=\"http:\/\/www.db0erg.de\" target=\"_blank\" rel=\"noopener noreferrer\">DB0ERG<\/a>, 70cm Amateurfunkrelais Ergoldsbach, JN68CQ<\/p>\n\n\n\n<p>[mp3j track=&#8220;http:\/\/speckmarschall.de:8000\/db0lz&#8220; vol=100 title=&#8220;DB0LZ&#8220;] <a href=\"https:\/\/www.speckmarschall.de\/?page_id=968\">DB0LZ DMR TS 2<\/a>, 70cm DMR Amateurfunkrelais Schaumberg, Tholey (Saarland), JN39ML<br><span style=\"color: #ff9900;\">Aus technischen Gr\u00fcnden besteht aktuell keine Funktionalit\u00e4t<\/span><\/p>\n\n\n\n<p>[mp3j track=&#8220;http:\/\/speckmarschall.de:8000\/db0np&#8220; vol=100 title=&#8220;DB0NP&#8220;] <a href=\"https:\/\/www.speckmarschall.de\/?page_id=511\">DB0NP<\/a>, 70cm Amateurfunkrelais Burg Steinsberg, Sinsheim, JN49KF<br><span style=\"color: #ff9900;\">Aus technischen Gr\u00fcnden besteht aktuell keine Funktionalit\u00e4t<\/span><\/p>\n\n\n\n<p>[mp3j track=&#8220;http:\/\/speckmarschall.de:8000\/db0rb&#8220; vol=100 title=&#8220;DB0RB&#8220;] DB0RB, 70cm Amateurfunkrelais Bruchsal, JN49HC<br><span style=\"color: #ff9900;\">Aus technischen Gr\u00fcnden besteht aktuell keine Funktionalit\u00e4t<\/span><\/p>\n\n\n\n<p>[mp3j track=&#8220;http:\/\/speckmarschall.de:8000\/db0ro&#8220; vol=100 title=&#8220;DB0RO&#8220;] <a href=\"https:\/\/www.speckmarschall.de\/?page_id=203\">DB0RO<\/a>, 70cm Amateurfunkrelais Ringelsberg, JN49AF<br><span style=\"color: #ff9900;\">Aus technischen Gr\u00fcnden besteht aktuell keine Funktionalit\u00e4t<\/span><\/p>\n\n\n\n<p>[mp3j track=&#8220;http:\/\/speckmarschall.de:8000\/db0ut&#8220; vol=100 title=&#8220;DB0UT&#8220;] DB0UT, 2m Amateurfunkrelais Kahlheid, JN39NR<\/p>\n\n\n\n<p>[mp3j track=&#8220;http:\/\/speckmarschall.de:8000\/db0vp&#8220; vol=100 title=&#8220;DB0VP&#8220;] <a href=\"https:\/\/www.speckmarschall.de\/?page_id=849\">DB0VP<\/a>, 2m Amateurfunkrelais Pirmasens, JN39TE<br><span style=\"color: #ff9900;\">Aus technischen Gr\u00fcnden besteht aktuell keine Funktionalit\u00e4t<\/span><\/p>\n\n\n\n<p><div\n    id=\"h5ap-player-1\"\n    data-id=\"h5ap-player-1\"\n    data-attributes=\"{&quot;source&quot;:&quot;https:\\\/\\\/speckmarschall.de:8000\\\/db0xk&quot;,&quot;controls&quot;:{&quot;play&quot;:true,&quot;progress&quot;:true,&quot;current-time&quot;:true,&quot;mute&quot;:true,&quot;volume&quot;:true,&quot;settings&quot;:true},&quot;width&quot;:&quot;100%&quot;,&quot;seekTime&quot;:10,&quot;repeat&quot;:true,&quot;skin&quot;:&quot;Default&quot;,&quot;preload&quot;:&quot;metadata&quot;,&quot;startTime&quot;:0,&quot;uniqueId&quot;:&quot;uniqueId&quot;,&quot;clientId&quot;:&quot;&quot;,&quot;align&quot;:&quot;&quot;,&quot;alignment&quot;:&quot;left&quot;,&quot;poster&quot;:&quot;&quot;,&quot;title&quot;:&quot;audio title&quot;,&quot;artist&quot;:&quot;&quot;,&quot;color&quot;:&quot;#87ceeb&quot;,&quot;hoverColor&quot;:&quot;#00B3FF&quot;,&quot;controlColor&quot;:&quot;#4A5464&quot;,&quot;autoplay&quot;:false,&quot;muted&quot;:false,&quot;loader&quot;:false,&quot;saveState&quot;:false,&quot;disablePause&quot;:false,&quot;download&quot;:true,&quot;radius&quot;:&quot;0px&quot;,&quot;speed&quot;:{&quot;selected&quot;:1,&quot;speed&quot;:[&quot;0.5&quot;,&quot; 0.75&quot;,&quot; 1&quot;,&quot; 1.25&quot;,&quot; 1.5&quot;,&quot; 1.75&quot;,&quot; 2&quot;,&quot; 4&quot;,&quot; 8&quot;]},&quot;isSticky&quot;:false,&quot;CSS&quot;:&quot;&quot;,&quot;multiple_audio&quot;:false,&quot;defaultValue&quot;:{&quot;Default&quot;:{&quot;primaryColor&quot;:&quot;#4A5464&quot;,&quot;controlColor&quot;:&quot;#4A5464&quot;,&quot;bgColor&quot;:&quot;#F5F5F5&quot;},&quot;Fusion&quot;:{&quot;primaryColor&quot;:&quot;#fff&quot;,&quot;bgColor&quot;:&quot;#161616&quot;,&quot;controlColor&quot;:&quot;#fff&quot;},&quot;Stamp&quot;:{&quot;controlColor&quot;:&quot;#fff&quot;,&quot;bgColor&quot;:&quot;#161616&quot;},&quot;Wave&quot;:{&quot;primaryColor&quot;:&quot;#fff&quot;,&quot;controlColor&quot;:&quot;#fff&quot;,&quot;bgColor&quot;:&quot;#161616&quot;,&quot;textColor&quot;:&quot;#fff&quot;},&quot;Card-1&quot;:{&quot;primaryColor&quot;:&quot;#fff&quot;,&quot;controlColor&quot;:&quot;#161616&quot;,&quot;bgColor&quot;:&quot;#161616&quot;,&quot;textColor&quot;:&quot;#fff&quot;},&quot;Card-2&quot;:{&quot;primaryColor&quot;:&quot;#00FBF3&quot;,&quot;controlColor&quot;:&quot;#fff&quot;,&quot;bgColor&quot;:&quot;#161616&quot;,&quot;textColor&quot;:&quot;#fff&quot;},&quot;Simple-1&quot;:{&quot;primaryColor&quot;:&quot;#00dcff&quot;,&quot;controlColor&quot;:&quot;#fff&quot;,&quot;bgColor&quot;:&quot;#161616&quot;,&quot;textColor&quot;:&quot;#00dcff&quot;},&quot;Simple-2&quot;:{&quot;primaryColor&quot;:&quot;#06F7FF00&quot;,&quot;controlColor&quot;:&quot;#fff&quot;,&quot;bgColor&quot;:&quot;#161616&quot;},&quot;Player9&quot;:{&quot;primaryColor&quot;:&quot;#195FF6&quot;,&quot;controlColor&quot;:&quot;#fff&quot;,&quot;bgColor&quot;:&quot;#161616&quot;,&quot;textColor&quot;:&quot;#EDEFF2&quot;},&quot;Player10&quot;:{&quot;primaryColor&quot;:&quot;#195FF6&quot;,&quot;controlColor&quot;:&quot;#fff&quot;,&quot;bgColor&quot;:&quot;#161616&quot;,&quot;textColor&quot;:&quot;#EDEFF2&quot;},&quot;Player11&quot;:{&quot;primaryColor&quot;:&quot;#195FF6&quot;,&quot;controlColor&quot;:&quot;#fff&quot;,&quot;bgColor&quot;:&quot;#161616&quot;,&quot;textColor&quot;:&quot;#fff&quot;}},&quot;i18n&quot;:{&quot;restart&quot;:&quot;Restart&quot;,&quot;rewind&quot;:&quot;Rewind {seektime}s&quot;,&quot;play&quot;:&quot;Play&quot;,&quot;pause&quot;:&quot;Pause&quot;,&quot;fastForward:&quot;:&quot;Forward {seektime}s&quot;,&quot;seek&quot;:&quot;Seek&quot;,&quot;seekLabel&quot;:&quot;{currentTime} of {duration}&quot;,&quot;played&quot;:&quot;Played&quot;,&quot;buffered&quot;:&quot;Buffered&quot;,&quot;currentTime:&quot;:&quot;Current time&quot;,&quot;duration&quot;:&quot;Duration&quot;,&quot;volume&quot;:&quot;Volume&quot;,&quot;mute&quot;:&quot;Mute&quot;,&quot;unmute&quot;:&quot;Unmute&quot;,&quot;enableCaptions&quot;:&quot;Enable captions&quot;,&quot;disableCaptions&quot;:&quot;Disable captions&quot;,&quot;download&quot;:&quot;Download&quot;,&quot;enterFullscreen&quot;:&quot;Enter fullscreen&quot;,&quot;exitFullscreen&quot;:&quot;Exit fullscreen&quot;,&quot;frameTitle&quot;:&quot;Player for {title}&quot;,&quot;captions&quot;:&quot;Captions&quot;,&quot;settings&quot;:&quot;Settings&quot;,&quot;pip&quot;:&quot;PIP&quot;,&quot;menuBack&quot;:&quot;Go back to previous menu&quot;,&quot;speed&quot;:&quot;Speed&quot;,&quot;normal&quot;:&quot;Normal&quot;,&quot;quality&quot;:&quot;Quality&quot;,&quot;loop&quot;:&quot;Loop&quot;,&quot;start&quot;:&quot;Start&quot;,&quot;end&quot;:&quot;End&quot;,&quot;all&quot;:&quot;All&quot;,&quot;reset&quot;:&quot;Reset&quot;,&quot;disabled&quot;:&quot;Disabled&quot;,&quot;enabled&quot;:&quot;Enabled&quot;,&quot;advertisement&quot;:&quot;Ad&quot;,&quot;qualityBadge&quot;:{&quot;2160&quot;:&quot;4K&quot;,&quot;1440&quot;:&quot;HD&quot;,&quot;1080&quot;:&quot;HD&quot;,&quot;720&quot;:&quot;HD&quot;,&quot;576&quot;:&quot;SD&quot;,&quot;480&quot;:&quot;SD&quot;}},&quot;primaryColor&quot;:&quot;#4A5464&quot;,&quot;bgColor&quot;:&quot;#F5F5F5&quot;}\"\n    class=\"wp-block-h5ap-tailwind wp-block-h5ap-audioplayer\">\n    <\/div> <a href=\"https:\/\/www.speckmarschall.de\/?page_id=259\">DB0XK<\/a>, 2m Amateurfunkrelais Kalmit, JN49BH<\/p>\n\n\n\n<p>&nbsp;[mp3j track=&#8220;http:\/\/speckmarschall.de:8000\/db0yk&#8220; vol=100 title=&#8220;DB0YK&#8220;] <a href=\"https:\/\/www.speckmarschall.de\/?page_id=1123\">DB0YK<\/a>, 2m Amateurfunkrelais Bexbach, JN39PJ<\/p>\n\n\n\n<p>[mp3j track=&#8220;http:\/\/speckmarschall.de:8000\/db0zh&#8220; vol=100 title=&#8220;DB0ZH&#8220;] <a href=\"https:\/\/www.speckmarschall.de\/?page_id=1272\">DB0ZH<\/a>, 2m Amateurfunkrelais Heidelberg, JN49IJ<\/p>\n\n\n\n<p>[mp3j track=&#8220;http:\/\/speckmarschall.de:8000\/dm0fg&#8220; vol=100 title=&#8220;DM0FG&#8220;] <a href=\"https:\/\/www.speckmarschall.de\/?page_id=472\">DM0FG<\/a>, 70cm Amateurfunkrelais Wiesloch, JN49IH,<br><span style=\"color: #ff9900;\">Aus technischen Gr\u00fcnden besteht aktuell keine Funktionalit\u00e4t <\/span><span style=\"color: #ff0000;\"><br><\/span><\/p>\n\n\n\n<p>[mp3j track=&#8220;http:\/\/speckmarschall.de:8000\/do0acr&#8220; vol=100 title=&#8220;DB0NW&#8220;] <a href=\"https:\/\/www.speckmarschall.de\/?page_id=235\" target=\"_blank\" rel=\"noopener noreferrer\">DB0NW<\/a>, 70cm Amateurfunkrelais Hambach, JN49BH<br><span style=\"color: #ff9900;\">Aus technischen Gr\u00fcnden besteht aktuell keine Funktionalit\u00e4t<\/span><\/p>\n\n\n\n<p>[mp3j track=&#8220;http:\/\/speckmarschall.de:8000\/db0ft&#8220; vol=100 title=&#8220;DB0FT&#8220;] <a href=\"https:\/\/www.speckmarschall.de\/?page_id=2674\">DB0FT<\/a>, 2m Amateurfunkrelais Feldberg, Taunus, JO44FF<br><span style=\"color: #ff9900;\">Aus technischen Gr\u00fcnden besteht aktuell keine Funktionalit\u00e4t<\/span><\/p>\n\n\n\n<p>[mp3j track=&#8220;http:\/\/speckmarschall.de:8000\/db0kl&#8220; vol=100 title=&#8220;DB0KL&#8220;] <a href=\"https:\/\/www.speckmarschall.de\/?page_id=396\">DB0KL<\/a>, 70cm Amateurfunkrelais Kaiserslautern, JN39VK<\/p>\n\n\n\n<p>[mp3j track=&#8220;http:\/\/speckmarschall.de:8000\/db0wp&#8220; vol=100 title=&#8220;DB0WP&#8220;] <a href=\"https:\/\/www.speckmarschall.de\/?page_id=596\">DB0WP<\/a>, 70cm Amateurfunkrelais Potzberg, JN39RM<\/p>\n\n\n\n<p>[mp3j track=&#8220;http:\/\/speckmarschall.de:8000\/db0io&#8220; vol=100 title=&#8220;DB0IO&#8220;] DB0IO, 70cm Amateurfunkrelais GrossUmstadt<br><span style=\"color: #ff9900;\">Aus technischen Gr\u00fcnden besteht aktuell keine Funktionalit\u00e4t<\/span><\/p>\n\n\n\n<p>[mp3j track=&#8220;http:\/\/speckmarschall.de:8000\/db0ggw&#8220; vol=100 title=&#8220;DB0GGW&#8220;] DB0GGW, 70cm Amateurfunkrelais Melibokus (Bergstra\u00dfe)<br><span style=\"color: #ff9900;\">Aus technischen Gr\u00fcnden besteht aktuell keine Funktionalit\u00e4t<\/span><\/p>\n\n\n\n<p><span style=\"color: #ffffff; font-size: 4px;\">Amateurfunk live Stream Relais DB0XK Stream DB0UT Stream DB0YK Stream DB0ZH Stream DM0FG Stream DB0SR Stream DB0FT Stream DB0KL Stream DB0WP Stream DB0RO Stream DB0VP Stream DB0ERG Stream<\/span><\/p>\n","protected":false},"excerpt":{"rendered":"<p>speckmarschall ist nah die Sinne gehen weiter bei Gebrauch prachtvoller St\u00e4be Meine Herrschaften, w\u00e4hlen Sie ein H\u00f6rprogramm. Aber immer nur eines, nicht dass es Sie im Geiste \u00fcberfordert. &#8222;Der Fernmeldeverkehr ist zu \u00fcberwachen zum &#8211; Gewinnen fernmeldetaktischer Nutzinformation &#8211; Sammeln fernmeldebetrieblicher Erkenntnisse &#8211; Aufrechterhalten der Fernmeldedisziplin&#8220; (\u00a7 8.1 PDV 810) JETZT NEU: Streams h\u00f6ren per &hellip; <a href=\"https:\/\/www.speckmarschall.de\/?page_id=67\" class=\"more-link\"><span class=\"screen-reader-text\">Man H\u00f6re<\/span> weiterlesen <span class=\"meta-nav\">&rarr;<\/span><\/a><\/p>\n","protected":false},"author":1,"featured_media":0,"parent":0,"menu_order":0,"comment_status":"open","ping_status":"closed","template":"","meta":{"footnotes":""},"class_list":["post-67","page","type-page","status-publish","hentry"],"_links":{"self":[{"href":"https:\/\/www.speckmarschall.de\/index.php?rest_route=\/wp\/v2\/pages\/67","targetHints":{"allow":["GET"]}}],"collection":[{"href":"https:\/\/www.speckmarschall.de\/index.php?rest_route=\/wp\/v2\/pages"}],"about":[{"href":"https:\/\/www.speckmarschall.de\/index.php?rest_route=\/wp\/v2\/types\/page"}],"author":[{"embeddable":true,"href":"https:\/\/www.speckmarschall.de\/index.php?rest_route=\/wp\/v2\/users\/1"}],"replies":[{"embeddable":true,"href":"https:\/\/www.speckmarschall.de\/index.php?rest_route=%2Fwp%2Fv2%2Fcomments&post=67"}],"version-history":[{"count":186,"href":"https:\/\/www.speckmarschall.de\/index.php?rest_route=\/wp\/v2\/pages\/67\/revisions"}],"predecessor-version":[{"id":7297,"href":"https:\/\/www.speckmarschall.de\/index.php?rest_route=\/wp\/v2\/pages\/67\/revisions\/7297"}],"wp:attachment":[{"href":"https:\/\/www.speckmarschall.de\/index.php?rest_route=%2Fwp%2Fv2%2Fmedia&parent=67"}],"curies":[{"name":"wp","href":"https:\/\/api.w.org\/{rel}","templated":true}]}}